{"id":2012,"date":"2017-06-22T20:11:09","date_gmt":"2017-06-23T00:11:09","guid":{"rendered":"http:\/\/tendenciasdigitales.com\/proyectos\/resansil\/?page_id=2012"},"modified":"2024-04-02T17:11:49","modified_gmt":"2024-04-02T21:11:49","slug":"manejo-de-concreto","status":"publish","type":"page","link":"https:\/\/www.resansil.com\/de\/actividades-aplicaciones\/manejo-de-concreto\/","title":{"rendered":"Handhabung von Beton"},"content":{"rendered":"<p>Eine effiziente Betonf\u00f6rderung f\u00fcr den Bau von Strukturen auf der Baustelle erfordert spezielle und zuverl\u00e4ssige Ger\u00e4te. Resansil bietet Ihnen TURBOSOL-Betonpumpenl\u00f6sungen.<strong style=\"font-size: revert; color: initial;\">\u00a0 \u00a0 \u00a0<\/strong><\/p>\n<p><a href=\"https:\/\/www.resansil.com\/wp-content\/uploads\/2023\/07\/turbosol-aplicada-jpg.webp\"><img fetchpriority=\"high\" decoding=\"async\" class=\"alignnone  wp-image-5196\" src=\"https:\/\/www.resansil.com\/wp-content\/uploads\/2023\/07\/turbosol-aplicada-300x225.webp\" alt=\"\" width=\"383\" height=\"287\" srcset=\"https:\/\/www.resansil.com\/wp-content\/uploads\/2023\/07\/turbosol-aplicada-300x225.webp 300w, https:\/\/www.resansil.com\/wp-content\/uploads\/2023\/07\/turbosol-aplicada-768x576.webp 768w, https:\/\/www.resansil.com\/wp-content\/uploads\/2023\/07\/turbosol-aplicada-16x12.webp 16w, https:\/\/www.resansil.com\/wp-content\/uploads\/2023\/07\/turbosol-aplicada-jpg.webp 934w\" sizes=\"(max-width: 383px) 100vw, 383px\" \/><\/a><\/p>\n<p><a href=\"https:\/\/www.resansil.com\/de\/brands\/menzi-muck-2\/\"><strong>PUMP- UND MISCHANLAGEN:\u00a0<\/strong><\/a><\/p>\n<p><strong>Traditionelle M\u00f6rser<\/strong><\/p>\n<p><strong>Vorgemischt<\/strong><\/p>\n<p><strong>Bodenbelag<\/strong><\/p>\n<p><strong>Mikro-Beton<\/strong><\/p>","protected":false},"excerpt":{"rendered":"<p>El manejo eficiente del concreto, para la construcci\u00f3n de estructuras en la obra, requiere de equipos especializados y confiables. Resansil les ofrece soluciones de bombeo de concreto de la marca TURBOSOL.\u00a0 \u00a0 \u00a0 EQUIPOS DE BOMBEO Y MEZCLADO:\u00a0 Morteros tradicionales Premezclados Solados Micro-hormig\u00f3n<\/p>","protected":false},"author":10,"featured_media":0,"parent":1998,"menu_order":0,"comment_status":"closed","ping_status":"closed","template":"","meta":{"_eb_attr":"","footnotes":""},"class_list":["post-2012","page","type-page","status-publish","hentry"],"yoast_head":"<!-- This site is optimized with the Yoast SEO plugin v27.5 - https:\/\/yoast.com\/product\/yoast-seo-wordpress\/ -->\n<title>Manejo de Concreto - Resansil<\/title>\n<meta name=\"robots\" content=\"index, follow, max-snippet:-1, max-image-preview:large, max-video-preview:-1\" \/>\n<link rel=\"canonical\" href=\"https:\/\/www.resansil.com\/de\/actividades-aplicaciones\/manejo-de-concreto\/\" \/>\n<meta property=\"og:locale\" content=\"de_DE\" \/>\n<meta property=\"og:type\" content=\"article\" \/>\n<meta property=\"og:title\" content=\"Manejo de Concreto - Resansil\" \/>\n<meta property=\"og:description\" content=\"El manejo eficiente del concreto, para la construcci\u00f3n de estructuras en la obra, requiere de equipos especializados y confiables. Resansil les ofrece soluciones de bombeo de concreto de la marca TURBOSOL.\u00a0 \u00a0 \u00a0 EQUIPOS DE BOMBEO Y MEZCLADO:\u00a0 Morteros tradicionales Premezclados Solados Micro-hormig\u00f3n\" \/>\n<meta property=\"og:url\" content=\"https:\/\/www.resansil.com\/de\/actividades-aplicaciones\/manejo-de-concreto\/\" \/>\n<meta property=\"og:site_name\" content=\"Resansil\" \/>\n<meta property=\"article:publisher\" content=\"https:\/\/www.facebook.com\/search\/top?q=gruporesansil\" \/>\n<meta property=\"article:modified_time\" content=\"2024-04-02T21:11:49+00:00\" \/>\n<meta property=\"og:image\" content=\"https:\/\/www.resansil.com\/wp-content\/uploads\/2023\/07\/turbosol-aplicada-300x225.webp\" \/>\n<meta name=\"twitter:card\" content=\"summary_large_image\" \/>\n<meta name=\"twitter:site\" content=\"@gruporesansil\" \/>\n<meta name=\"twitter:label1\" content=\"Gesch\u00e4tzte Lesezeit\" \/>\n\t<meta name=\"twitter:data1\" content=\"1\u00a0Minute\" \/>\n<script type=\"application\/ld+json\" class=\"yoast-schema-graph\">{\"@context\":\"https:\\\/\\\/schema.org\",\"@graph\":[{\"@type\":\"WebPage\",\"@id\":\"https:\\\/\\\/www.resansil.com\\\/actividades-aplicaciones\\\/manejo-de-concreto\\\/\",\"url\":\"https:\\\/\\\/www.resansil.com\\\/actividades-aplicaciones\\\/manejo-de-concreto\\\/\",\"name\":\"Manejo de Concreto - Resansil\",\"isPartOf\":{\"@id\":\"https:\\\/\\\/www.resansil.com\\\/#website\"},\"primaryImageOfPage\":{\"@id\":\"https:\\\/\\\/www.resansil.com\\\/actividades-aplicaciones\\\/manejo-de-concreto\\\/#primaryimage\"},\"image\":{\"@id\":\"https:\\\/\\\/www.resansil.com\\\/actividades-aplicaciones\\\/manejo-de-concreto\\\/#primaryimage\"},\"thumbnailUrl\":\"https:\\\/\\\/www.resansil.com\\\/wp-content\\\/uploads\\\/2023\\\/07\\\/turbosol-aplicada-300x225.webp\",\"datePublished\":\"2017-06-23T00:11:09+00:00\",\"dateModified\":\"2024-04-02T21:11:49+00:00\",\"breadcrumb\":{\"@id\":\"https:\\\/\\\/www.resansil.com\\\/actividades-aplicaciones\\\/manejo-de-concreto\\\/#breadcrumb\"},\"inLanguage\":\"de\",\"potentialAction\":[{\"@type\":\"ReadAction\",\"target\":[\"https:\\\/\\\/www.resansil.com\\\/actividades-aplicaciones\\\/manejo-de-concreto\\\/\"]}]},{\"@type\":\"ImageObject\",\"inLanguage\":\"de\",\"@id\":\"https:\\\/\\\/www.resansil.com\\\/actividades-aplicaciones\\\/manejo-de-concreto\\\/#primaryimage\",\"url\":\"https:\\\/\\\/www.resansil.com\\\/wp-content\\\/uploads\\\/2023\\\/07\\\/turbosol-aplicada-300x225.webp\",\"contentUrl\":\"https:\\\/\\\/www.resansil.com\\\/wp-content\\\/uploads\\\/2023\\\/07\\\/turbosol-aplicada-300x225.webp\"},{\"@type\":\"BreadcrumbList\",\"@id\":\"https:\\\/\\\/www.resansil.com\\\/actividades-aplicaciones\\\/manejo-de-concreto\\\/#breadcrumb\",\"itemListElement\":[{\"@type\":\"ListItem\",\"position\":1,\"name\":\"Home\",\"item\":\"https:\\\/\\\/www.resansil.com\\\/\"},{\"@type\":\"ListItem\",\"position\":2,\"name\":\"Actividades\",\"item\":\"https:\\\/\\\/www.resansil.com\\\/actividades-aplicaciones\\\/\"},{\"@type\":\"ListItem\",\"position\":3,\"name\":\"Manejo de Concreto\"}]},{\"@type\":\"WebSite\",\"@id\":\"https:\\\/\\\/www.resansil.com\\\/#website\",\"url\":\"https:\\\/\\\/www.resansil.com\\\/\",\"name\":\"Resansil\",\"description\":\"Maquinaria e Ingener&iacute;a de Aplicaci&oacute;n\",\"publisher\":{\"@id\":\"https:\\\/\\\/www.resansil.com\\\/#organization\"},\"potentialAction\":[{\"@type\":\"SearchAction\",\"target\":{\"@type\":\"EntryPoint\",\"urlTemplate\":\"https:\\\/\\\/www.resansil.com\\\/?s={search_term_string}\"},\"query-input\":{\"@type\":\"PropertyValueSpecification\",\"valueRequired\":true,\"valueName\":\"search_term_string\"}}],\"inLanguage\":\"de\"},{\"@type\":\"Organization\",\"@id\":\"https:\\\/\\\/www.resansil.com\\\/#organization\",\"name\":\"Resansil\",\"url\":\"https:\\\/\\\/www.resansil.com\\\/\",\"logo\":{\"@type\":\"ImageObject\",\"inLanguage\":\"de\",\"@id\":\"https:\\\/\\\/www.resansil.com\\\/#\\\/schema\\\/logo\\\/image\\\/\",\"url\":\"https:\\\/\\\/www.resansil.com\\\/wp-content\\\/uploads\\\/RESANSIL-LOGO-2025_web.png\",\"contentUrl\":\"https:\\\/\\\/www.resansil.com\\\/wp-content\\\/uploads\\\/RESANSIL-LOGO-2025_web.png\",\"width\":285,\"height\":174,\"caption\":\"Resansil\"},\"image\":{\"@id\":\"https:\\\/\\\/www.resansil.com\\\/#\\\/schema\\\/logo\\\/image\\\/\"},\"sameAs\":[\"https:\\\/\\\/www.facebook.com\\\/search\\\/top?q=gruporesansil\",\"https:\\\/\\\/x.com\\\/gruporesansil\",\"https:\\\/\\\/www.instagram.com\\\/gruporesansil\\\/\",\"https:\\\/\\\/www.linkedin.com\\\/company\\\/resansil-inc.\\\/\"]}]}<\/script>\n<!-- \/ Yoast SEO plugin. -->","yoast_head_json":{"title":"Manejo de Concreto - Resansil","robots":{"index":"index","follow":"follow","max-snippet":"max-snippet:-1","max-image-preview":"max-image-preview:large","max-video-preview":"max-video-preview:-1"},"canonical":"https:\/\/www.resansil.com\/de\/actividades-aplicaciones\/manejo-de-concreto\/","og_locale":"de_DE","og_type":"article","og_title":"Manejo de Concreto - Resansil","og_description":"El manejo eficiente del concreto, para la construcci\u00f3n de estructuras en la obra, requiere de equipos especializados y confiables. Resansil les ofrece soluciones de bombeo de concreto de la marca TURBOSOL.\u00a0 \u00a0 \u00a0 EQUIPOS DE BOMBEO Y MEZCLADO:\u00a0 Morteros tradicionales Premezclados Solados Micro-hormig\u00f3n","og_url":"https:\/\/www.resansil.com\/de\/actividades-aplicaciones\/manejo-de-concreto\/","og_site_name":"Resansil","article_publisher":"https:\/\/www.facebook.com\/search\/top?q=gruporesansil","article_modified_time":"2024-04-02T21:11:49+00:00","og_image":[{"url":"https:\/\/www.resansil.com\/wp-content\/uploads\/2023\/07\/turbosol-aplicada-300x225.webp","type":"","width":"","height":""}],"twitter_card":"summary_large_image","twitter_site":"@gruporesansil","twitter_misc":{"Gesch\u00e4tzte Lesezeit":"1\u00a0Minute"},"schema":{"@context":"https:\/\/schema.org","@graph":[{"@type":"WebPage","@id":"https:\/\/www.resansil.com\/actividades-aplicaciones\/manejo-de-concreto\/","url":"https:\/\/www.resansil.com\/actividades-aplicaciones\/manejo-de-concreto\/","name":"Manejo de Concreto - Resansil","isPartOf":{"@id":"https:\/\/www.resansil.com\/#website"},"primaryImageOfPage":{"@id":"https:\/\/www.resansil.com\/actividades-aplicaciones\/manejo-de-concreto\/#primaryimage"},"image":{"@id":"https:\/\/www.resansil.com\/actividades-aplicaciones\/manejo-de-concreto\/#primaryimage"},"thumbnailUrl":"https:\/\/www.resansil.com\/wp-content\/uploads\/2023\/07\/turbosol-aplicada-300x225.webp","datePublished":"2017-06-23T00:11:09+00:00","dateModified":"2024-04-02T21:11:49+00:00","breadcrumb":{"@id":"https:\/\/www.resansil.com\/actividades-aplicaciones\/manejo-de-concreto\/#breadcrumb"},"inLanguage":"de","potentialAction":[{"@type":"ReadAction","target":["https:\/\/www.resansil.com\/actividades-aplicaciones\/manejo-de-concreto\/"]}]},{"@type":"ImageObject","inLanguage":"de","@id":"https:\/\/www.resansil.com\/actividades-aplicaciones\/manejo-de-concreto\/#primaryimage","url":"https:\/\/www.resansil.com\/wp-content\/uploads\/2023\/07\/turbosol-aplicada-300x225.webp","contentUrl":"https:\/\/www.resansil.com\/wp-content\/uploads\/2023\/07\/turbosol-aplicada-300x225.webp"},{"@type":"BreadcrumbList","@id":"https:\/\/www.resansil.com\/actividades-aplicaciones\/manejo-de-concreto\/#breadcrumb","itemListElement":[{"@type":"ListItem","position":1,"name":"Home","item":"https:\/\/www.resansil.com\/"},{"@type":"ListItem","position":2,"name":"Actividades","item":"https:\/\/www.resansil.com\/actividades-aplicaciones\/"},{"@type":"ListItem","position":3,"name":"Manejo de Concreto"}]},{"@type":"WebSite","@id":"https:\/\/www.resansil.com\/#website","url":"https:\/\/www.resansil.com\/","name":"Resansil","description":"Maquinaria e Ingener&iacute;a de Aplicaci&oacute;n","publisher":{"@id":"https:\/\/www.resansil.com\/#organization"},"potentialAction":[{"@type":"SearchAction","target":{"@type":"EntryPoint","urlTemplate":"https:\/\/www.resansil.com\/?s={search_term_string}"},"query-input":{"@type":"PropertyValueSpecification","valueRequired":true,"valueName":"search_term_string"}}],"inLanguage":"de"},{"@type":"Organization","@id":"https:\/\/www.resansil.com\/#organization","name":"Resansil","url":"https:\/\/www.resansil.com\/","logo":{"@type":"ImageObject","inLanguage":"de","@id":"https:\/\/www.resansil.com\/#\/schema\/logo\/image\/","url":"https:\/\/www.resansil.com\/wp-content\/uploads\/RESANSIL-LOGO-2025_web.png","contentUrl":"https:\/\/www.resansil.com\/wp-content\/uploads\/RESANSIL-LOGO-2025_web.png","width":285,"height":174,"caption":"Resansil"},"image":{"@id":"https:\/\/www.resansil.com\/#\/schema\/logo\/image\/"},"sameAs":["https:\/\/www.facebook.com\/search\/top?q=gruporesansil","https:\/\/x.com\/gruporesansil","https:\/\/www.instagram.com\/gruporesansil\/","https:\/\/www.linkedin.com\/company\/resansil-inc.\/"]}]}},"_links":{"self":[{"href":"https:\/\/www.resansil.com\/de\/wp-json\/wp\/v2\/pages\/2012","targetHints":{"allow":["GET"]}}],"collection":[{"href":"https:\/\/www.resansil.com\/de\/wp-json\/wp\/v2\/pages"}],"about":[{"href":"https:\/\/www.resansil.com\/de\/wp-json\/wp\/v2\/types\/page"}],"author":[{"embeddable":true,"href":"https:\/\/www.resansil.com\/de\/wp-json\/wp\/v2\/users\/10"}],"replies":[{"embeddable":true,"href":"https:\/\/www.resansil.com\/de\/wp-json\/wp\/v2\/comments?post=2012"}],"version-history":[{"count":7,"href":"https:\/\/www.resansil.com\/de\/wp-json\/wp\/v2\/pages\/2012\/revisions"}],"predecessor-version":[{"id":5379,"href":"https:\/\/www.resansil.com\/de\/wp-json\/wp\/v2\/pages\/2012\/revisions\/5379"}],"up":[{"embeddable":true,"href":"https:\/\/www.resansil.com\/de\/wp-json\/wp\/v2\/pages\/1998"}],"wp:attachment":[{"href":"https:\/\/www.resansil.com\/de\/wp-json\/wp\/v2\/media?parent=2012"}],"curies":[{"name":"wp","href":"https:\/\/api.w.org\/{rel}","templated":true}]}}