{"id":2041,"date":"2017-06-23T18:32:33","date_gmt":"2017-06-23T22:32:33","guid":{"rendered":"http:\/\/tendenciasdigitales.com\/proyectos\/resansil\/?page_id=2041"},"modified":"2023-07-31T18:10:00","modified_gmt":"2023-07-31T22:10:00","slug":"mining-of-materials","status":"publish","type":"page","link":"https:\/\/www.resansil.com\/de\/actividades-aplicaciones\/mining-of-materials\/","title":{"rendered":"Aggregate"},"content":{"rendered":"<p>Die Zuschlagstoffproduktion ist ein Industriezweig, der Ger\u00e4te ben\u00f6tigt, die Robustheit, Leistung und effizienten Betrieb miteinander verbinden. Mit der Kapazit\u00e4t, um die geplante Produktionsmenge von Material, mit der etablierten Qualit\u00e4t zu gew\u00e4hrleisten.<\/p>\n\n\n\n<p>Resansil bietet Ihnen die Qualit\u00e4t von Brech-, Sieb- und F\u00f6rderanlagen in station\u00e4rer und mobiler Ausf\u00fchrung der bekannten Marken KLEEMANN (Wirtgen Group) und RUBBLEMASTER.<\/p>\n\n\n\n<p><\/p>\n\n\n\n<figure class=\"wp-block-image aligncenter size-full is-resized\"><a href=\"https:\/\/www.resansil.com\/wp-content\/uploads\/2023\/07\/image-7.png\"><img fetchpriority=\"high\" decoding=\"async\" src=\"https:\/\/www.resansil.com\/wp-content\/uploads\/2023\/07\/image-7.png\" alt=\"\" class=\"wp-image-5183\" width=\"413\" height=\"232\" srcset=\"https:\/\/www.resansil.com\/wp-content\/uploads\/2023\/07\/image-7.png 576w, https:\/\/www.resansil.com\/wp-content\/uploads\/2023\/07\/image-7-300x169.png 300w, https:\/\/www.resansil.com\/wp-content\/uploads\/2023\/07\/image-7-18x10.png 18w\" sizes=\"(max-width: 413px) 100vw, 413px\" \/><\/a><\/figure>\n\n\n\n<p class=\"has-text-align-center\"><strong><a href=\"https:\/\/www.resansil.com\/de\/equipos-de-trituracion\/\">SCHLEIFEN<\/a><\/strong><\/p>\n\n\n\n<figure class=\"wp-block-image aligncenter size-full is-resized\"><a href=\"https:\/\/www.resansil.com\/wp-content\/uploads\/2023\/07\/image-8.png\"><img decoding=\"async\" src=\"https:\/\/www.resansil.com\/wp-content\/uploads\/2023\/07\/image-8.png\" alt=\"\" class=\"wp-image-5184\" width=\"416\" height=\"234\" srcset=\"https:\/\/www.resansil.com\/wp-content\/uploads\/2023\/07\/image-8.png 576w, https:\/\/www.resansil.com\/wp-content\/uploads\/2023\/07\/image-8-300x169.png 300w, https:\/\/www.resansil.com\/wp-content\/uploads\/2023\/07\/image-8-18x10.png 18w\" sizes=\"(max-width: 416px) 100vw, 416px\" \/><\/a><\/figure>\n\n\n\n<p class=\"has-text-align-center\"><strong><a href=\"https:\/\/www.resansil.com\/de\/equipos-de-cribado\/\">SCREENING<\/a><\/strong><\/p>","protected":false},"excerpt":{"rendered":"<p>La producci\u00f3n de agregados es una industria que requiere de equipos que combinen robustez, potencia y una operaci\u00f3n eficiente. Con capacidad de asegurar el volumen de producci\u00f3n de material planificado, con la calidad establecida. Resansil les ofrece la calidad de los equipos de trituraci\u00f3n, cribado y manejo de \u00e1ridos, en opciones fijas y m\u00f3viles, de [&hellip;]<\/p>\n","protected":false},"author":10,"featured_media":0,"parent":1998,"menu_order":0,"comment_status":"closed","ping_status":"closed","template":"","meta":{"_eb_attr":"","footnotes":""},"class_list":["post-2041","page","type-page","status-publish","hentry"],"yoast_head":"<!-- This site is optimized with the Yoast SEO plugin v27.5 - https:\/\/yoast.com\/product\/yoast-seo-wordpress\/ -->\n<title>Agregados - Resansil<\/title>\n<meta name=\"description\" content=\"Resansil les ofrece la calidad de los equipos de trituraci\u00f3n, cribado y manejo de \u00e1ridos, en opciones fijas y m\u00f3viles, de las reconocidas marcas KLEEMANN (Grupo Wirtgen) y RUBBLEMASTER\" \/>\n<meta name=\"robots\" content=\"index, follow, max-snippet:-1, max-image-preview:large, max-video-preview:-1\" \/>\n<link rel=\"canonical\" href=\"https:\/\/www.resansil.com\/de\/actividades-aplicaciones\/mining-of-materials\/\" \/>\n<meta property=\"og:locale\" content=\"de_DE\" \/>\n<meta property=\"og:type\" content=\"article\" \/>\n<meta property=\"og:title\" content=\"Agregados - Resansil\" \/>\n<meta property=\"og:description\" content=\"Resansil les ofrece la calidad de los equipos de trituraci\u00f3n, cribado y manejo de \u00e1ridos, en opciones fijas y m\u00f3viles, de las reconocidas marcas KLEEMANN (Grupo Wirtgen) y RUBBLEMASTER\" \/>\n<meta property=\"og:url\" content=\"https:\/\/www.resansil.com\/de\/actividades-aplicaciones\/mining-of-materials\/\" \/>\n<meta property=\"og:site_name\" content=\"Resansil\" \/>\n<meta property=\"article:publisher\" content=\"https:\/\/www.facebook.com\/search\/top?q=gruporesansil\" \/>\n<meta property=\"article:modified_time\" content=\"2023-07-31T22:10:00+00:00\" \/>\n<meta property=\"og:image\" content=\"https:\/\/www.resansil.com\/wp-content\/uploads\/2023\/07\/image-7.png\" \/>\n<meta name=\"twitter:card\" content=\"summary_large_image\" \/>\n<meta name=\"twitter:site\" content=\"@gruporesansil\" \/>\n<meta name=\"twitter:label1\" content=\"Gesch\u00e4tzte Lesezeit\" \/>\n\t<meta name=\"twitter:data1\" content=\"1\u00a0Minute\" \/>\n<script type=\"application\/ld+json\" class=\"yoast-schema-graph\">{\"@context\":\"https:\\\/\\\/schema.org\",\"@graph\":[{\"@type\":\"WebPage\",\"@id\":\"https:\\\/\\\/www.resansil.com\\\/actividades-aplicaciones\\\/mining-of-materials\\\/\",\"url\":\"https:\\\/\\\/www.resansil.com\\\/actividades-aplicaciones\\\/mining-of-materials\\\/\",\"name\":\"Agregados - Resansil\",\"isPartOf\":{\"@id\":\"https:\\\/\\\/www.resansil.com\\\/#website\"},\"primaryImageOfPage\":{\"@id\":\"https:\\\/\\\/www.resansil.com\\\/actividades-aplicaciones\\\/mining-of-materials\\\/#primaryimage\"},\"image\":{\"@id\":\"https:\\\/\\\/www.resansil.com\\\/actividades-aplicaciones\\\/mining-of-materials\\\/#primaryimage\"},\"thumbnailUrl\":\"https:\\\/\\\/www.resansil.com\\\/wp-content\\\/uploads\\\/2023\\\/07\\\/image-7.png\",\"datePublished\":\"2017-06-23T22:32:33+00:00\",\"dateModified\":\"2023-07-31T22:10:00+00:00\",\"description\":\"Resansil les ofrece la calidad de los equipos de trituraci\u00f3n, cribado y manejo de \u00e1ridos, en opciones fijas y m\u00f3viles, de las reconocidas marcas KLEEMANN (Grupo Wirtgen) y RUBBLEMASTER\",\"breadcrumb\":{\"@id\":\"https:\\\/\\\/www.resansil.com\\\/actividades-aplicaciones\\\/mining-of-materials\\\/#breadcrumb\"},\"inLanguage\":\"de\",\"potentialAction\":[{\"@type\":\"ReadAction\",\"target\":[\"https:\\\/\\\/www.resansil.com\\\/actividades-aplicaciones\\\/mining-of-materials\\\/\"]}]},{\"@type\":\"ImageObject\",\"inLanguage\":\"de\",\"@id\":\"https:\\\/\\\/www.resansil.com\\\/actividades-aplicaciones\\\/mining-of-materials\\\/#primaryimage\",\"url\":\"https:\\\/\\\/www.resansil.com\\\/wp-content\\\/uploads\\\/2023\\\/07\\\/image-7.png\",\"contentUrl\":\"https:\\\/\\\/www.resansil.com\\\/wp-content\\\/uploads\\\/2023\\\/07\\\/image-7.png\"},{\"@type\":\"BreadcrumbList\",\"@id\":\"https:\\\/\\\/www.resansil.com\\\/actividades-aplicaciones\\\/mining-of-materials\\\/#breadcrumb\",\"itemListElement\":[{\"@type\":\"ListItem\",\"position\":1,\"name\":\"Home\",\"item\":\"https:\\\/\\\/www.resansil.com\\\/\"},{\"@type\":\"ListItem\",\"position\":2,\"name\":\"Actividades\",\"item\":\"https:\\\/\\\/www.resansil.com\\\/actividades-aplicaciones\\\/\"},{\"@type\":\"ListItem\",\"position\":3,\"name\":\"Agregados\"}]},{\"@type\":\"WebSite\",\"@id\":\"https:\\\/\\\/www.resansil.com\\\/#website\",\"url\":\"https:\\\/\\\/www.resansil.com\\\/\",\"name\":\"Resansil\",\"description\":\"Maquinaria e Ingener&iacute;a de Aplicaci&oacute;n\",\"publisher\":{\"@id\":\"https:\\\/\\\/www.resansil.com\\\/#organization\"},\"potentialAction\":[{\"@type\":\"SearchAction\",\"target\":{\"@type\":\"EntryPoint\",\"urlTemplate\":\"https:\\\/\\\/www.resansil.com\\\/?s={search_term_string}\"},\"query-input\":{\"@type\":\"PropertyValueSpecification\",\"valueRequired\":true,\"valueName\":\"search_term_string\"}}],\"inLanguage\":\"de\"},{\"@type\":\"Organization\",\"@id\":\"https:\\\/\\\/www.resansil.com\\\/#organization\",\"name\":\"Resansil\",\"url\":\"https:\\\/\\\/www.resansil.com\\\/\",\"logo\":{\"@type\":\"ImageObject\",\"inLanguage\":\"de\",\"@id\":\"https:\\\/\\\/www.resansil.com\\\/#\\\/schema\\\/logo\\\/image\\\/\",\"url\":\"https:\\\/\\\/www.resansil.com\\\/wp-content\\\/uploads\\\/RESANSIL-LOGO-2025_web.png\",\"contentUrl\":\"https:\\\/\\\/www.resansil.com\\\/wp-content\\\/uploads\\\/RESANSIL-LOGO-2025_web.png\",\"width\":285,\"height\":174,\"caption\":\"Resansil\"},\"image\":{\"@id\":\"https:\\\/\\\/www.resansil.com\\\/#\\\/schema\\\/logo\\\/image\\\/\"},\"sameAs\":[\"https:\\\/\\\/www.facebook.com\\\/search\\\/top?q=gruporesansil\",\"https:\\\/\\\/x.com\\\/gruporesansil\",\"https:\\\/\\\/www.instagram.com\\\/gruporesansil\\\/\",\"https:\\\/\\\/www.linkedin.com\\\/company\\\/resansil-inc.\\\/\"]}]}<\/script>\n<!-- \/ Yoast SEO plugin. -->","yoast_head_json":{"title":"Agregados - Resansil","description":"Resansil les ofrece la calidad de los equipos de trituraci\u00f3n, cribado y manejo de \u00e1ridos, en opciones fijas y m\u00f3viles, de las reconocidas marcas KLEEMANN (Grupo Wirtgen) y RUBBLEMASTER","robots":{"index":"index","follow":"follow","max-snippet":"max-snippet:-1","max-image-preview":"max-image-preview:large","max-video-preview":"max-video-preview:-1"},"canonical":"https:\/\/www.resansil.com\/de\/actividades-aplicaciones\/mining-of-materials\/","og_locale":"de_DE","og_type":"article","og_title":"Agregados - Resansil","og_description":"Resansil les ofrece la calidad de los equipos de trituraci\u00f3n, cribado y manejo de \u00e1ridos, en opciones fijas y m\u00f3viles, de las reconocidas marcas KLEEMANN (Grupo Wirtgen) y RUBBLEMASTER","og_url":"https:\/\/www.resansil.com\/de\/actividades-aplicaciones\/mining-of-materials\/","og_site_name":"Resansil","article_publisher":"https:\/\/www.facebook.com\/search\/top?q=gruporesansil","article_modified_time":"2023-07-31T22:10:00+00:00","og_image":[{"url":"https:\/\/www.resansil.com\/wp-content\/uploads\/2023\/07\/image-7.png","type":"","width":"","height":""}],"twitter_card":"summary_large_image","twitter_site":"@gruporesansil","twitter_misc":{"Gesch\u00e4tzte Lesezeit":"1\u00a0Minute"},"schema":{"@context":"https:\/\/schema.org","@graph":[{"@type":"WebPage","@id":"https:\/\/www.resansil.com\/actividades-aplicaciones\/mining-of-materials\/","url":"https:\/\/www.resansil.com\/actividades-aplicaciones\/mining-of-materials\/","name":"Agregados - Resansil","isPartOf":{"@id":"https:\/\/www.resansil.com\/#website"},"primaryImageOfPage":{"@id":"https:\/\/www.resansil.com\/actividades-aplicaciones\/mining-of-materials\/#primaryimage"},"image":{"@id":"https:\/\/www.resansil.com\/actividades-aplicaciones\/mining-of-materials\/#primaryimage"},"thumbnailUrl":"https:\/\/www.resansil.com\/wp-content\/uploads\/2023\/07\/image-7.png","datePublished":"2017-06-23T22:32:33+00:00","dateModified":"2023-07-31T22:10:00+00:00","description":"Resansil les ofrece la calidad de los equipos de trituraci\u00f3n, cribado y manejo de \u00e1ridos, en opciones fijas y m\u00f3viles, de las reconocidas marcas KLEEMANN (Grupo Wirtgen) y RUBBLEMASTER","breadcrumb":{"@id":"https:\/\/www.resansil.com\/actividades-aplicaciones\/mining-of-materials\/#breadcrumb"},"inLanguage":"de","potentialAction":[{"@type":"ReadAction","target":["https:\/\/www.resansil.com\/actividades-aplicaciones\/mining-of-materials\/"]}]},{"@type":"ImageObject","inLanguage":"de","@id":"https:\/\/www.resansil.com\/actividades-aplicaciones\/mining-of-materials\/#primaryimage","url":"https:\/\/www.resansil.com\/wp-content\/uploads\/2023\/07\/image-7.png","contentUrl":"https:\/\/www.resansil.com\/wp-content\/uploads\/2023\/07\/image-7.png"},{"@type":"BreadcrumbList","@id":"https:\/\/www.resansil.com\/actividades-aplicaciones\/mining-of-materials\/#breadcrumb","itemListElement":[{"@type":"ListItem","position":1,"name":"Home","item":"https:\/\/www.resansil.com\/"},{"@type":"ListItem","position":2,"name":"Actividades","item":"https:\/\/www.resansil.com\/actividades-aplicaciones\/"},{"@type":"ListItem","position":3,"name":"Agregados"}]},{"@type":"WebSite","@id":"https:\/\/www.resansil.com\/#website","url":"https:\/\/www.resansil.com\/","name":"Resansil","description":"Maquinaria e Ingener&iacute;a de Aplicaci&oacute;n","publisher":{"@id":"https:\/\/www.resansil.com\/#organization"},"potentialAction":[{"@type":"SearchAction","target":{"@type":"EntryPoint","urlTemplate":"https:\/\/www.resansil.com\/?s={search_term_string}"},"query-input":{"@type":"PropertyValueSpecification","valueRequired":true,"valueName":"search_term_string"}}],"inLanguage":"de"},{"@type":"Organization","@id":"https:\/\/www.resansil.com\/#organization","name":"Resansil","url":"https:\/\/www.resansil.com\/","logo":{"@type":"ImageObject","inLanguage":"de","@id":"https:\/\/www.resansil.com\/#\/schema\/logo\/image\/","url":"https:\/\/www.resansil.com\/wp-content\/uploads\/RESANSIL-LOGO-2025_web.png","contentUrl":"https:\/\/www.resansil.com\/wp-content\/uploads\/RESANSIL-LOGO-2025_web.png","width":285,"height":174,"caption":"Resansil"},"image":{"@id":"https:\/\/www.resansil.com\/#\/schema\/logo\/image\/"},"sameAs":["https:\/\/www.facebook.com\/search\/top?q=gruporesansil","https:\/\/x.com\/gruporesansil","https:\/\/www.instagram.com\/gruporesansil\/","https:\/\/www.linkedin.com\/company\/resansil-inc.\/"]}]}},"_links":{"self":[{"href":"https:\/\/www.resansil.com\/de\/wp-json\/wp\/v2\/pages\/2041","targetHints":{"allow":["GET"]}}],"collection":[{"href":"https:\/\/www.resansil.com\/de\/wp-json\/wp\/v2\/pages"}],"about":[{"href":"https:\/\/www.resansil.com\/de\/wp-json\/wp\/v2\/types\/page"}],"author":[{"embeddable":true,"href":"https:\/\/www.resansil.com\/de\/wp-json\/wp\/v2\/users\/10"}],"replies":[{"embeddable":true,"href":"https:\/\/www.resansil.com\/de\/wp-json\/wp\/v2\/comments?post=2041"}],"version-history":[{"count":5,"href":"https:\/\/www.resansil.com\/de\/wp-json\/wp\/v2\/pages\/2041\/revisions"}],"predecessor-version":[{"id":5438,"href":"https:\/\/www.resansil.com\/de\/wp-json\/wp\/v2\/pages\/2041\/revisions\/5438"}],"up":[{"embeddable":true,"href":"https:\/\/www.resansil.com\/de\/wp-json\/wp\/v2\/pages\/1998"}],"wp:attachment":[{"href":"https:\/\/www.resansil.com\/de\/wp-json\/wp\/v2\/media?parent=2041"}],"curies":[{"name":"wp","href":"https:\/\/api.w.org\/{rel}","templated":true}]}}