{"id":5085,"date":"2023-07-05T10:32:55","date_gmt":"2023-07-05T14:32:55","guid":{"rendered":"https:\/\/www.resansil.com\/?page_id=5085"},"modified":"2024-02-06T16:17:00","modified_gmt":"2024-02-06T21:17:00","slug":"atencion_al_cliente","status":"publish","type":"page","link":"https:\/\/www.resansil.com\/de\/atencion_al_cliente\/","title":{"rendered":"Atenci\u00f3n al Cliente"},"content":{"rendered":"<div style=\"height:73px\" aria-hidden=\"true\" class=\"wp-block-spacer\"><\/div>\n\n\n\n<div class=\"wp-block-essential-blocks-row alignfull\"><div class=\"eb-parent-wrapper eb-parent-eb-row-gujh5ow\"><div class=\"eb-row-root-container eb-row-gujh5ow\" data-id=\"eb-row-gujh5ow\"><div class=\"eb-row-wrapper\"><div class=\"eb-row-inner\">\n<div class=\"eb-parent-wrapper eb-parent-eb-column-547linv  wp-block-essential-blocks-column\"><div class=\"eb-column-wrapper eb-column-547linv\"><div class=\"eb-column-inner\">\n<p>Para garantizar la atenci\u00f3n y satisfacci\u00f3n de nuestros Clientes, les ofrecemos:<\/p>\n<\/div><\/div><\/div>\n<\/div><\/div><\/div><\/div><\/div>\n\n\n\n<div style=\"height:49px\" aria-hidden=\"true\" class=\"wp-block-spacer\"><\/div>\n\n\n\n<div class=\"wp-block-essential-blocks-row alignfull\"><div class=\"eb-parent-wrapper eb-parent-eb-row-fy3esbu\"><div class=\"eb-row-root-container eb-row-fy3esbu\" data-id=\"eb-row-fy3esbu\"><div class=\"eb-row-wrapper\"><div class=\"eb-row-inner\">\n<div class=\"eb-parent-wrapper eb-parent-eb-column-7soz9ws  wp-block-essential-blocks-column\"><div class=\"eb-column-wrapper eb-column-7soz9ws\"><div class=\"eb-column-inner\">\n<figure class=\"wp-block-image aligncenter size-full\"><img fetchpriority=\"high\" decoding=\"async\" width=\"476\" height=\"327\" src=\"https:\/\/www.resansil.com\/wp-content\/uploads\/2023\/07\/cobertura-2-2.png\" alt=\"\" class=\"wp-image-6580\" srcset=\"https:\/\/www.resansil.com\/wp-content\/uploads\/2023\/07\/cobertura-2-2.png 476w, https:\/\/www.resansil.com\/wp-content\/uploads\/2023\/07\/cobertura-2-2-300x206.png 300w, https:\/\/www.resansil.com\/wp-content\/uploads\/2023\/07\/cobertura-2-2-18x12.png 18w\" sizes=\"(max-width: 476px) 100vw, 476px\" \/><figcaption class=\"wp-element-caption\"><strong>Cobertura:<\/strong> <strong>Estamos cerca de usted!&nbsp;<\/strong><\/figcaption><\/figure>\n\n\n\n<p>Nuestras oficinas se ubican estrat\u00e9gicamente en Venezuela, Guyana, Centro Am\u00e9rica y El Caribe.<\/p>\n\n\n\n<p>Desde all\u00ed nos movilizamos para atenderlos donde lo necesite. <\/p>\n\n\n\n<p><strong>Atenci\u00f3n oportuna a sus requerimientos!<\/strong><\/p>\n\n\n\n<p><\/p>\n\n\n\n<p><strong><a href=\"https:\/\/www.resansil.com\/de\/en_us\/contacto\/\">Ubique nuestras oficinas m\u00e1s cercanas<\/a><\/strong><\/p>\n<\/div><\/div><\/div>\n\n\n\n<div class=\"eb-parent-wrapper eb-parent-eb-column-74fbjtn  wp-block-essential-blocks-column\"><div class=\"eb-column-wrapper eb-column-74fbjtn\"><div class=\"eb-column-inner\">\n<figure class=\"wp-block-image aligncenter size-full\"><img decoding=\"async\" width=\"576\" height=\"324\" src=\"https:\/\/www.resansil.com\/wp-content\/uploads\/2023\/07\/asesoria-ventas-1-8-jpg.webp\" alt=\"\" class=\"wp-image-6581\" srcset=\"https:\/\/www.resansil.com\/wp-content\/uploads\/2023\/07\/asesoria-ventas-1-8-jpg.webp 576w, https:\/\/www.resansil.com\/wp-content\/uploads\/2023\/07\/asesoria-ventas-1-8-300x169.webp 300w, https:\/\/www.resansil.com\/wp-content\/uploads\/2023\/07\/asesoria-ventas-1-8-18x10.webp 18w\" sizes=\"(max-width: 576px) 100vw, 576px\" \/><figcaption class=\"wp-element-caption\"><strong>Asesor\u00eda especializada de ventas y postventa<\/strong><\/figcaption><\/figure>\n\n\n\n<p>Equipos de ingenieros y t\u00e9cnicos especializados que lo acompa\u00f1an y asesoran en la revisi\u00f3n y escogencia del equipo adecuado, en el arranque y &nbsp;operaci\u00f3n eficiente del mismo y atienden sus necesidades de servicio preventivo y correctivo,<\/p>\n\n\n\n<p><\/p>\n\n\n\n<p><\/p>\n\n\n\n<div class=\"wp-block-essential-blocks-button\"><div class=\"eb-parent-wrapper eb-parent-eb-button-j169ok8\"><div class=\"eb-button-wrapper eb-button-alignment eb-button-j169ok8\"><div class=\"eb-button\"><a class=\"eb-button-anchor\" href=\"https:\/\/www.resansil.com\/de\/en_us\/area-de-clientes\/\" rel=\"noopener\"><strong>Reg\u00edstrese en nuestra \u00c1rea de Clientes y conversemos sobre su proyecto<\/strong><\/a><\/div><\/div><\/div><\/div>\n<\/div><\/div><\/div>\n<\/div><\/div><\/div><\/div><\/div>\n\n\n\n<div style=\"height:72px\" aria-hidden=\"true\" class=\"wp-block-spacer\"><\/div>\n\n\n\n<div class=\"wp-block-essential-blocks-row alignfull\"><div class=\"eb-parent-wrapper eb-parent-eb-row-rbvyaxa\"><div class=\"eb-row-root-container eb-row-rbvyaxa\" data-id=\"eb-row-rbvyaxa\"><div class=\"eb-row-wrapper\"><div class=\"eb-row-inner\">\n<div class=\"eb-parent-wrapper eb-parent-eb-column-bkjc5ts  wp-block-essential-blocks-column\"><div class=\"eb-column-wrapper eb-column-bkjc5ts\"><div class=\"eb-column-inner\">\n<figure class=\"wp-block-image aligncenter size-full\"><img decoding=\"async\" width=\"371\" height=\"269\" src=\"https:\/\/www.resansil.com\/wp-content\/uploads\/2023\/07\/atencion-cl-2.png\" alt=\"\" class=\"wp-image-6414\" srcset=\"https:\/\/www.resansil.com\/wp-content\/uploads\/2023\/07\/atencion-cl-2.png 371w, https:\/\/www.resansil.com\/wp-content\/uploads\/2023\/07\/atencion-cl-2-300x218.png 300w, https:\/\/www.resansil.com\/wp-content\/uploads\/2023\/07\/atencion-cl-2-18x12.png 18w\" sizes=\"(max-width: 371px) 100vw, 371px\" \/><figcaption class=\"wp-element-caption\"><strong>Registros personalizados y Soluciones a la medida<\/strong><\/figcaption><\/figure>\n\n\n\n<p>Atenci\u00f3n y soluciones ajustadas a sus necesidades, gracias a  herramientas tecnol\u00f3gicas que nos permiten registrar y mantener actualizada su informaci\u00f3n y la de sus operaciones. &nbsp; <\/p>\n<\/div><\/div><\/div>\n\n\n\n<div class=\"eb-parent-wrapper eb-parent-eb-column-yaq83ii  wp-block-essential-blocks-column\"><div class=\"eb-column-wrapper eb-column-yaq83ii\"><div class=\"eb-column-inner\">\n<figure class=\"wp-block-image aligncenter size-full\"><img loading=\"lazy\" decoding=\"async\" width=\"292\" height=\"353\" src=\"https:\/\/www.resansil.com\/wp-content\/uploads\/2023\/07\/asesoria-2-2.png\" alt=\"\" class=\"wp-image-6415\" srcset=\"https:\/\/www.resansil.com\/wp-content\/uploads\/2023\/07\/asesoria-2-2.png 292w, https:\/\/www.resansil.com\/wp-content\/uploads\/2023\/07\/asesoria-2-2-248x300.png 248w, https:\/\/www.resansil.com\/wp-content\/uploads\/2023\/07\/asesoria-2-2-10x12.png 10w\" sizes=\"(max-width: 292px) 100vw, 292px\" \/><figcaption class=\"wp-element-caption\"><strong>Soporte de fabrica (garant\u00edas, asesor\u00edas)<\/strong><\/figcaption><\/figure>\n\n\n\n<p>Al ser <strong>DISTRIBUIDORES AUTORIZADOS<\/strong> de las marcas que representamos, usted cuenta con la garant\u00eda y apoyo t\u00e9cnico del fabricante en todos nuestros equipos, repuestos y servicios.<\/p>\n<\/div><\/div><\/div>\n<\/div><\/div><\/div><\/div><\/div>\n\n\n\n<div class=\"wp-block-essential-blocks-row alignfull\"><div class=\"eb-parent-wrapper eb-parent-eb-row-rv3lwgr\"><div class=\"eb-row-root-container eb-row-rv3lwgr\" data-id=\"eb-row-rv3lwgr\"><div class=\"eb-row-wrapper\"><div class=\"eb-row-inner\">\n<div class=\"eb-parent-wrapper eb-parent-eb-column-aljcs06  wp-block-essential-blocks-column\"><div class=\"eb-column-wrapper eb-column-aljcs06\"><div class=\"eb-column-inner\">\n<div class=\"wp-block-essential-blocks-row alignfull\"><div class=\"eb-parent-wrapper eb-parent-eb-row-1g90s1w\"><div class=\"eb-row-root-container eb-row-1g90s1w\" data-id=\"eb-row-1g90s1w\"><div class=\"eb-row-wrapper\"><div class=\"eb-row-inner\">\n<div class=\"eb-parent-wrapper eb-parent-eb-column-1ktrv2g  wp-block-essential-blocks-column\"><div class=\"eb-column-wrapper eb-column-1ktrv2g\"><div class=\"eb-column-inner\">\n<h4 class=\"wp-block-heading has-black-color has-text-color\">Es Cliente <strong>Resansil<\/strong> y desea solicitar Repuestos, Servicios o Cotizaciones?<\/h4>\n\n\n\n<h4 class=\"wp-block-heading has-black-color has-text-color\">Aun no es Cliente y desea contactarnos para cotizaciones o mayor informaci\u00f3n sobre nuestros productos y servicios?<\/h4>\n<\/div><\/div><\/div>\n<\/div><\/div><\/div><\/div><\/div>\n<\/div><\/div><\/div>\n<\/div><\/div><\/div><\/div><\/div>\n\n\n\n<div class=\"wp-block-columns is-layout-flex wp-container-core-columns-is-layout-28f84493 wp-block-columns-is-layout-flex\">\n<div class=\"wp-block-column is-layout-flow wp-block-column-is-layout-flow\">\n<div class=\"wp-block-essential-blocks-button\"><div class=\"eb-parent-wrapper eb-parent-eb-button-x7xc0ms\"><div class=\"eb-button-wrapper eb-button-alignment eb-button-x7xc0ms\"><div class=\"eb-button\"><a class=\"eb-button-anchor\" href=\"https:\/\/www.resansil.com\/de\/en_us\/area-de-clientes\/\" rel=\"noopener\"><strong>H\u00e1galo aqu\u00ed a trav\u00e9s de nuesta \u00c1rea de Clientes<\/strong><\/a><\/div><\/div><\/div><\/div>\n<\/div>\n<\/div>\n\n\n\n<p><\/p>\n\n\n\n<h2 class=\"wp-block-heading\"><strong> <\/strong><\/h2>","protected":false},"excerpt":{"rendered":"","protected":false},"author":10,"featured_media":0,"parent":0,"menu_order":0,"comment_status":"closed","ping_status":"closed","template":"","meta":{"_eb_attr":"","footnotes":""},"class_list":["post-5085","page","type-page","status-publish","hentry"],"yoast_head":"<!-- This site is optimized with the Yoast SEO plugin v27.5 - https:\/\/yoast.com\/product\/yoast-seo-wordpress\/ -->\n<title>Atenci\u00f3n al Cliente - Resansil<\/title>\n<meta name=\"robots\" content=\"index, follow, max-snippet:-1, max-image-preview:large, max-video-preview:-1\" \/>\n<link rel=\"canonical\" href=\"https:\/\/www.resansil.com\/de\/atencion_al_cliente\/\" \/>\n<meta property=\"og:locale\" content=\"de_DE\" \/>\n<meta property=\"og:type\" content=\"article\" \/>\n<meta property=\"og:title\" content=\"Atenci\u00f3n al Cliente - Resansil\" \/>\n<meta property=\"og:url\" content=\"https:\/\/www.resansil.com\/de\/atencion_al_cliente\/\" \/>\n<meta property=\"og:site_name\" content=\"Resansil\" \/>\n<meta property=\"article:publisher\" content=\"https:\/\/www.facebook.com\/search\/top?q=gruporesansil\" \/>\n<meta property=\"article:modified_time\" content=\"2024-02-06T21:17:00+00:00\" \/>\n<meta property=\"og:image\" content=\"https:\/\/www.resansil.com\/wp-content\/uploads\/2023\/07\/cobertura-2-2.png\" \/>\n<meta name=\"twitter:card\" content=\"summary_large_image\" \/>\n<meta name=\"twitter:site\" content=\"@gruporesansil\" \/>\n<meta name=\"twitter:label1\" content=\"Gesch\u00e4tzte Lesezeit\" \/>\n\t<meta name=\"twitter:data1\" content=\"2\u00a0Minuten\" \/>\n<script type=\"application\/ld+json\" class=\"yoast-schema-graph\">{\"@context\":\"https:\\\/\\\/schema.org\",\"@graph\":[{\"@type\":\"WebPage\",\"@id\":\"https:\\\/\\\/www.resansil.com\\\/atencion_al_cliente\\\/\",\"url\":\"https:\\\/\\\/www.resansil.com\\\/atencion_al_cliente\\\/\",\"name\":\"Atenci\u00f3n al Cliente - Resansil\",\"isPartOf\":{\"@id\":\"https:\\\/\\\/www.resansil.com\\\/#website\"},\"primaryImageOfPage\":{\"@id\":\"https:\\\/\\\/www.resansil.com\\\/atencion_al_cliente\\\/#primaryimage\"},\"image\":{\"@id\":\"https:\\\/\\\/www.resansil.com\\\/atencion_al_cliente\\\/#primaryimage\"},\"thumbnailUrl\":\"https:\\\/\\\/www.resansil.com\\\/wp-content\\\/uploads\\\/2023\\\/07\\\/cobertura-2-2.png\",\"datePublished\":\"2023-07-05T14:32:55+00:00\",\"dateModified\":\"2024-02-06T21:17:00+00:00\",\"breadcrumb\":{\"@id\":\"https:\\\/\\\/www.resansil.com\\\/atencion_al_cliente\\\/#breadcrumb\"},\"inLanguage\":\"de\",\"potentialAction\":[{\"@type\":\"ReadAction\",\"target\":[\"https:\\\/\\\/www.resansil.com\\\/atencion_al_cliente\\\/\"]}]},{\"@type\":\"ImageObject\",\"inLanguage\":\"de\",\"@id\":\"https:\\\/\\\/www.resansil.com\\\/atencion_al_cliente\\\/#primaryimage\",\"url\":\"https:\\\/\\\/www.resansil.com\\\/wp-content\\\/uploads\\\/2023\\\/07\\\/cobertura-2-2.png\",\"contentUrl\":\"https:\\\/\\\/www.resansil.com\\\/wp-content\\\/uploads\\\/2023\\\/07\\\/cobertura-2-2.png\"},{\"@type\":\"BreadcrumbList\",\"@id\":\"https:\\\/\\\/www.resansil.com\\\/atencion_al_cliente\\\/#breadcrumb\",\"itemListElement\":[{\"@type\":\"ListItem\",\"position\":1,\"name\":\"Home\",\"item\":\"https:\\\/\\\/www.resansil.com\\\/\"},{\"@type\":\"ListItem\",\"position\":2,\"name\":\"Atenci\u00f3n al Cliente\"}]},{\"@type\":\"WebSite\",\"@id\":\"https:\\\/\\\/www.resansil.com\\\/#website\",\"url\":\"https:\\\/\\\/www.resansil.com\\\/\",\"name\":\"Resansil\",\"description\":\"Maquinaria e Ingener&iacute;a de Aplicaci&oacute;n\",\"publisher\":{\"@id\":\"https:\\\/\\\/www.resansil.com\\\/#organization\"},\"potentialAction\":[{\"@type\":\"SearchAction\",\"target\":{\"@type\":\"EntryPoint\",\"urlTemplate\":\"https:\\\/\\\/www.resansil.com\\\/?s={search_term_string}\"},\"query-input\":{\"@type\":\"PropertyValueSpecification\",\"valueRequired\":true,\"valueName\":\"search_term_string\"}}],\"inLanguage\":\"de\"},{\"@type\":\"Organization\",\"@id\":\"https:\\\/\\\/www.resansil.com\\\/#organization\",\"name\":\"Resansil\",\"url\":\"https:\\\/\\\/www.resansil.com\\\/\",\"logo\":{\"@type\":\"ImageObject\",\"inLanguage\":\"de\",\"@id\":\"https:\\\/\\\/www.resansil.com\\\/#\\\/schema\\\/logo\\\/image\\\/\",\"url\":\"https:\\\/\\\/www.resansil.com\\\/wp-content\\\/uploads\\\/RESANSIL-LOGO-2025_web.png\",\"contentUrl\":\"https:\\\/\\\/www.resansil.com\\\/wp-content\\\/uploads\\\/RESANSIL-LOGO-2025_web.png\",\"width\":285,\"height\":174,\"caption\":\"Resansil\"},\"image\":{\"@id\":\"https:\\\/\\\/www.resansil.com\\\/#\\\/schema\\\/logo\\\/image\\\/\"},\"sameAs\":[\"https:\\\/\\\/www.facebook.com\\\/search\\\/top?q=gruporesansil\",\"https:\\\/\\\/x.com\\\/gruporesansil\",\"https:\\\/\\\/www.instagram.com\\\/gruporesansil\\\/\",\"https:\\\/\\\/www.linkedin.com\\\/company\\\/resansil-inc.\\\/\"]}]}<\/script>\n<!-- \/ Yoast SEO plugin. -->","yoast_head_json":{"title":"Atenci\u00f3n al Cliente - Resansil","robots":{"index":"index","follow":"follow","max-snippet":"max-snippet:-1","max-image-preview":"max-image-preview:large","max-video-preview":"max-video-preview:-1"},"canonical":"https:\/\/www.resansil.com\/de\/atencion_al_cliente\/","og_locale":"de_DE","og_type":"article","og_title":"Atenci\u00f3n al Cliente - Resansil","og_url":"https:\/\/www.resansil.com\/de\/atencion_al_cliente\/","og_site_name":"Resansil","article_publisher":"https:\/\/www.facebook.com\/search\/top?q=gruporesansil","article_modified_time":"2024-02-06T21:17:00+00:00","og_image":[{"url":"https:\/\/www.resansil.com\/wp-content\/uploads\/2023\/07\/cobertura-2-2.png","type":"","width":"","height":""}],"twitter_card":"summary_large_image","twitter_site":"@gruporesansil","twitter_misc":{"Gesch\u00e4tzte Lesezeit":"2\u00a0Minuten"},"schema":{"@context":"https:\/\/schema.org","@graph":[{"@type":"WebPage","@id":"https:\/\/www.resansil.com\/atencion_al_cliente\/","url":"https:\/\/www.resansil.com\/atencion_al_cliente\/","name":"Atenci\u00f3n al Cliente - Resansil","isPartOf":{"@id":"https:\/\/www.resansil.com\/#website"},"primaryImageOfPage":{"@id":"https:\/\/www.resansil.com\/atencion_al_cliente\/#primaryimage"},"image":{"@id":"https:\/\/www.resansil.com\/atencion_al_cliente\/#primaryimage"},"thumbnailUrl":"https:\/\/www.resansil.com\/wp-content\/uploads\/2023\/07\/cobertura-2-2.png","datePublished":"2023-07-05T14:32:55+00:00","dateModified":"2024-02-06T21:17:00+00:00","breadcrumb":{"@id":"https:\/\/www.resansil.com\/atencion_al_cliente\/#breadcrumb"},"inLanguage":"de","potentialAction":[{"@type":"ReadAction","target":["https:\/\/www.resansil.com\/atencion_al_cliente\/"]}]},{"@type":"ImageObject","inLanguage":"de","@id":"https:\/\/www.resansil.com\/atencion_al_cliente\/#primaryimage","url":"https:\/\/www.resansil.com\/wp-content\/uploads\/2023\/07\/cobertura-2-2.png","contentUrl":"https:\/\/www.resansil.com\/wp-content\/uploads\/2023\/07\/cobertura-2-2.png"},{"@type":"BreadcrumbList","@id":"https:\/\/www.resansil.com\/atencion_al_cliente\/#breadcrumb","itemListElement":[{"@type":"ListItem","position":1,"name":"Home","item":"https:\/\/www.resansil.com\/"},{"@type":"ListItem","position":2,"name":"Atenci\u00f3n al Cliente"}]},{"@type":"WebSite","@id":"https:\/\/www.resansil.com\/#website","url":"https:\/\/www.resansil.com\/","name":"Resansil","description":"Maquinaria e Ingener&iacute;a de Aplicaci&oacute;n","publisher":{"@id":"https:\/\/www.resansil.com\/#organization"},"potentialAction":[{"@type":"SearchAction","target":{"@type":"EntryPoint","urlTemplate":"https:\/\/www.resansil.com\/?s={search_term_string}"},"query-input":{"@type":"PropertyValueSpecification","valueRequired":true,"valueName":"search_term_string"}}],"inLanguage":"de"},{"@type":"Organization","@id":"https:\/\/www.resansil.com\/#organization","name":"Resansil","url":"https:\/\/www.resansil.com\/","logo":{"@type":"ImageObject","inLanguage":"de","@id":"https:\/\/www.resansil.com\/#\/schema\/logo\/image\/","url":"https:\/\/www.resansil.com\/wp-content\/uploads\/RESANSIL-LOGO-2025_web.png","contentUrl":"https:\/\/www.resansil.com\/wp-content\/uploads\/RESANSIL-LOGO-2025_web.png","width":285,"height":174,"caption":"Resansil"},"image":{"@id":"https:\/\/www.resansil.com\/#\/schema\/logo\/image\/"},"sameAs":["https:\/\/www.facebook.com\/search\/top?q=gruporesansil","https:\/\/x.com\/gruporesansil","https:\/\/www.instagram.com\/gruporesansil\/","https:\/\/www.linkedin.com\/company\/resansil-inc.\/"]}]}},"_links":{"self":[{"href":"https:\/\/www.resansil.com\/de\/wp-json\/wp\/v2\/pages\/5085","targetHints":{"allow":["GET"]}}],"collection":[{"href":"https:\/\/www.resansil.com\/de\/wp-json\/wp\/v2\/pages"}],"about":[{"href":"https:\/\/www.resansil.com\/de\/wp-json\/wp\/v2\/types\/page"}],"author":[{"embeddable":true,"href":"https:\/\/www.resansil.com\/de\/wp-json\/wp\/v2\/users\/10"}],"replies":[{"embeddable":true,"href":"https:\/\/www.resansil.com\/de\/wp-json\/wp\/v2\/comments?post=5085"}],"version-history":[{"count":19,"href":"https:\/\/www.resansil.com\/de\/wp-json\/wp\/v2\/pages\/5085\/revisions"}],"predecessor-version":[{"id":8654,"href":"https:\/\/www.resansil.com\/de\/wp-json\/wp\/v2\/pages\/5085\/revisions\/8654"}],"wp:attachment":[{"href":"https:\/\/www.resansil.com\/de\/wp-json\/wp\/v2\/media?parent=5085"}],"curies":[{"name":"wp","href":"https:\/\/api.w.org\/{rel}","templated":true}]}}