{"id":5088,"date":"2023-07-05T10:38:14","date_gmt":"2023-07-05T14:38:14","guid":{"rendered":"https:\/\/www.resansil.com\/?page_id=5088"},"modified":"2023-09-08T09:31:55","modified_gmt":"2023-09-08T13:31:55","slug":"servicio-tecnico-y-repuestos","status":"publish","type":"page","link":"https:\/\/www.resansil.com\/de\/servicio-tecnico-y-repuestos\/","title":{"rendered":"Technischer Service und Ersatzteile"},"content":{"rendered":"<div class=\"wp-block-group is-layout-constrained wp-block-group-is-layout-constrained\">\n<div class=\"wp-block-essential-blocks-row alignfull\"><div class=\"eb-parent-wrapper eb-parent-eb-row-kv9kilq\"><div class=\"eb-row-root-container eb-row-kv9kilq\" data-id=\"eb-row-kv9kilq\"><div class=\"eb-row-wrapper\"><div class=\"eb-row-inner\">\n<div class=\"eb-parent-wrapper eb-parent-eb-column-qsaowgo  wp-block-essential-blocks-column\"><div class=\"eb-column-wrapper eb-column-qsaowgo\"><div class=\"eb-column-inner\">\n<p>Wir unterst\u00fctzen Ihre Investition und Ihren Betrieb durch die Aufmerksamkeit unseres technischen Personals und unsere Logistik- und Ersatzteilversorgungsstruktur f\u00fcr Ihre Ger\u00e4te.<\/p>\n<\/div><\/div><\/div>\n<\/div><\/div><\/div><\/div><\/div>\n<\/div>\n\n\n\n<div class=\"wp-block-group is-layout-constrained wp-block-group-is-layout-constrained\">\n<div class=\"wp-block-essential-blocks-row alignfull\"><div class=\"eb-parent-wrapper eb-parent-eb-row-5863pjx\"><div class=\"eb-row-root-container eb-row-5863pjx\" data-id=\"eb-row-5863pjx\"><div class=\"eb-row-wrapper\"><div class=\"eb-row-inner\">\n<div class=\"eb-parent-wrapper eb-parent-eb-column-wf4cn12  wp-block-essential-blocks-column\"><div class=\"eb-column-wrapper eb-column-wf4cn12\"><div class=\"eb-column-inner\">\n<figure class=\"wp-block-image aligncenter size-full\"><a href=\"https:\/\/www.resansil.com\/wp-content\/uploads\/2023\/07\/ing-aplic-1.png\"><img fetchpriority=\"high\" decoding=\"async\" width=\"378\" height=\"190\" src=\"https:\/\/www.resansil.com\/wp-content\/uploads\/2023\/07\/ing-aplic-1.png\" alt=\"\" class=\"wp-image-5919\" srcset=\"https:\/\/www.resansil.com\/wp-content\/uploads\/2023\/07\/ing-aplic-1.png 378w, https:\/\/www.resansil.com\/wp-content\/uploads\/2023\/07\/ing-aplic-1-300x151.png 300w, https:\/\/www.resansil.com\/wp-content\/uploads\/2023\/07\/ing-aplic-1-18x9.png 18w\" sizes=\"(max-width: 378px) 100vw, 378px\" \/><\/a><figcaption class=\"wp-element-caption\"><strong>Spezialisiertes technisches Personal<\/strong><\/figcaption><\/figure>\n\n\n\n<p>Ein Team von Technikern, die direkt von den Werken geschult und auf dem neuesten Stand gehalten werden, Handb\u00fccher, Ausr\u00fcstung und Spezialwerkzeuge f\u00fcr die vorbeugende und korrigierende Wartung Ihrer Ger\u00e4te.<\/p>\n\n\n\n<p><\/p>\n<\/div><\/div><\/div>\n\n\n\n<div class=\"eb-parent-wrapper eb-parent-eb-column-n5m7uic  wp-block-essential-blocks-column\"><div class=\"eb-column-wrapper eb-column-n5m7uic\"><div class=\"eb-column-inner\">\n<figure class=\"wp-block-image aligncenter size-full\"><a href=\"https:\/\/www.resansil.com\/wp-content\/uploads\/2023\/07\/servicio-campo-1-3-jpg.webp\"><img decoding=\"async\" width=\"576\" height=\"324\" src=\"https:\/\/www.resansil.com\/wp-content\/uploads\/2023\/07\/servicio-campo-1-3-jpg.webp\" alt=\"\" class=\"wp-image-5920\" srcset=\"https:\/\/www.resansil.com\/wp-content\/uploads\/2023\/07\/servicio-campo-1-3-jpg.webp 576w, https:\/\/www.resansil.com\/wp-content\/uploads\/2023\/07\/servicio-campo-1-3-300x169.webp 300w, https:\/\/www.resansil.com\/wp-content\/uploads\/2023\/07\/servicio-campo-1-3-18x10.webp 18w\" sizes=\"(max-width: 576px) 100vw, 576px\" \/><\/a><figcaption class=\"wp-element-caption\"><strong>Reparaturen und Wartung vor Ort<\/strong><\/figcaption><\/figure>\n\n\n\n<p>\u00dcberholungen und Reparaturen Ihrer Ger\u00e4te, die Sie betreiben, um St\u00f6rungen direkt vor Ort zu beheben. <\/p>\n<\/div><\/div><\/div>\n\n\n\n<div class=\"eb-parent-wrapper eb-parent-eb-column-9o1w5w7  wp-block-essential-blocks-column\"><div class=\"eb-column-wrapper eb-column-9o1w5w7\"><div class=\"eb-column-inner\">\n<figure class=\"wp-block-image aligncenter size-full\"><a href=\"https:\/\/www.resansil.com\/wp-content\/uploads\/2023\/07\/servicio-taller-1-jpg.webp\"><img decoding=\"async\" width=\"576\" height=\"324\" src=\"https:\/\/www.resansil.com\/wp-content\/uploads\/2023\/07\/servicio-taller-1-jpg.webp\" alt=\"\" class=\"wp-image-5921\" srcset=\"https:\/\/www.resansil.com\/wp-content\/uploads\/2023\/07\/servicio-taller-1-jpg.webp 576w, https:\/\/www.resansil.com\/wp-content\/uploads\/2023\/07\/servicio-taller-1-300x169.webp 300w, https:\/\/www.resansil.com\/wp-content\/uploads\/2023\/07\/servicio-taller-1-18x10.webp 18w\" sizes=\"(max-width: 576px) 100vw, 576px\" \/><\/a><figcaption class=\"wp-element-caption\"><strong>Reparaturen und Instandhaltung in unseren Einrichtungen<\/strong><\/figcaption><\/figure>\n\n\n\n<p>Vorbeugende Instandhaltung und Instandsetzungsarbeiten in unseren Einrichtungen.<\/p>\n<\/div><\/div><\/div>\n<\/div><\/div><\/div><\/div><\/div>\n\n\n\n<p><strong>&nbsp;&nbsp;&nbsp;&nbsp;&nbsp;&nbsp;&nbsp;&nbsp;&nbsp;&nbsp;&nbsp;&nbsp;&nbsp;&nbsp;&nbsp;&nbsp;&nbsp;&nbsp;&nbsp;&nbsp;&nbsp;&nbsp;&nbsp;&nbsp;&nbsp;&nbsp;&nbsp;&nbsp;&nbsp;&nbsp;&nbsp;&nbsp;&nbsp;&nbsp;&nbsp;&nbsp;&nbsp;&nbsp;&nbsp;&nbsp;&nbsp;&nbsp;&nbsp;<\/strong><\/p>\n\n\n\n<div class=\"wp-block-essential-blocks-row alignfull\"><div class=\"eb-parent-wrapper eb-parent-eb-row-5k1v2hk\"><div class=\"eb-row-root-container eb-row-5k1v2hk\" data-id=\"eb-row-5k1v2hk\"><div class=\"eb-row-wrapper\"><div class=\"eb-row-inner\">\n<div class=\"eb-parent-wrapper eb-parent-eb-column-xit3w7k  wp-block-essential-blocks-column\"><div class=\"eb-column-wrapper eb-column-xit3w7k\"><div class=\"eb-column-inner\">\n<figure class=\"wp-block-image aligncenter size-full\"><a href=\"https:\/\/www.resansil.com\/wp-content\/uploads\/2023\/07\/repuestos-wirtgen-1-1-jpg.webp\"><img loading=\"lazy\" decoding=\"async\" width=\"576\" height=\"324\" src=\"https:\/\/www.resansil.com\/wp-content\/uploads\/2023\/07\/repuestos-wirtgen-1-1-jpg.webp\" alt=\"\" class=\"wp-image-5922\" srcset=\"https:\/\/www.resansil.com\/wp-content\/uploads\/2023\/07\/repuestos-wirtgen-1-1-jpg.webp 576w, https:\/\/www.resansil.com\/wp-content\/uploads\/2023\/07\/repuestos-wirtgen-1-1-300x169.webp 300w, https:\/\/www.resansil.com\/wp-content\/uploads\/2023\/07\/repuestos-wirtgen-1-1-18x10.webp 18w\" sizes=\"(max-width: 576px) 100vw, 576px\" \/><\/a><figcaption class=\"wp-element-caption\"><strong>Original-Ersatzteile:&nbsp;<\/strong><\/figcaption><\/figure>\n\n\n\n<p>Originalteile, damit Ihre Ger\u00e4te mit maximaler Effizienz und Qualit\u00e4t arbeiten.<\/p>\n\n\n\n<p>Die von uns vertretenen Hersteller garantieren die Verf\u00fcgbarkeit von Ersatzteilen f\u00fcr einen Zeitraum von 10 Jahren ab der Herstellung des Ger\u00e4ts.<\/p>\n<\/div><\/div><\/div>\n\n\n\n<div class=\"eb-parent-wrapper eb-parent-eb-column-htj5r9i  wp-block-essential-blocks-column\"><div class=\"eb-column-wrapper eb-column-htj5r9i\"><div class=\"eb-column-inner\">\n<figure class=\"wp-block-image aligncenter size-full\"><a href=\"https:\/\/www.resansil.com\/wp-content\/uploads\/2023\/07\/repuest-2-1.jpg\"><img loading=\"lazy\" decoding=\"async\" width=\"275\" height=\"183\" src=\"https:\/\/www.resansil.com\/wp-content\/uploads\/2023\/07\/repuest-2-1.jpg\" alt=\"\" class=\"wp-image-5923\" srcset=\"https:\/\/www.resansil.com\/wp-content\/uploads\/2023\/07\/repuest-2-1.jpg 275w, https:\/\/www.resansil.com\/wp-content\/uploads\/2023\/07\/repuest-2-1-18x12.webp 18w\" sizes=\"(max-width: 275px) 100vw, 275px\" \/><\/a><figcaption class=\"wp-element-caption\"><strong>Depots\/Ersatzteillager f\u00fcr sofortige Lieferung<\/strong><\/figcaption><\/figure>\n\n\n\n<p>Lager, Vorr\u00e4te und die gesamte Logistik, um Ihnen die rechtzeitige Lieferung von Original-Ersatzteilen zu bieten und so die Kontinuit\u00e4t und Qualit\u00e4t des Betriebs Ihrer Anlagen zu gew\u00e4hrleisten.<\/p>\n\n\n\n<p><\/p>\n\n\n\n<p><\/p>\n\n\n\n<p><\/p>\n\n\n\n<p><\/p>\n<\/div><\/div><\/div>\n\n\n\n<div class=\"eb-parent-wrapper eb-parent-eb-column-leuwzqt  wp-block-essential-blocks-column\"><div class=\"eb-column-wrapper eb-column-leuwzqt\"><div class=\"eb-column-inner\">\n<figure class=\"wp-block-image aligncenter size-full\"><a href=\"https:\/\/www.resansil.com\/wp-content\/uploads\/2023\/07\/planific-rep-2.png\"><img loading=\"lazy\" decoding=\"async\" width=\"372\" height=\"407\" src=\"https:\/\/www.resansil.com\/wp-content\/uploads\/2023\/07\/planific-rep-2.png\" alt=\"\" class=\"wp-image-5924\" srcset=\"https:\/\/www.resansil.com\/wp-content\/uploads\/2023\/07\/planific-rep-2.png 372w, https:\/\/www.resansil.com\/wp-content\/uploads\/2023\/07\/planific-rep-2-274x300.png 274w, https:\/\/www.resansil.com\/wp-content\/uploads\/2023\/07\/planific-rep-2-11x12.png 11w\" sizes=\"(max-width: 372px) 100vw, 372px\" \/><\/a><figcaption class=\"wp-element-caption\"><strong>Lieferpl\u00e4ne f\u00fcr die planm\u00e4\u00dfige Wartung<\/strong><\/figcaption><\/figure>\n\n\n\n<p>Minimieren Sie Ihre Ausfallzeiten.<\/p>\n\n\n\n<p>Mit der Beratung durch unsere Experten kann Ihr technisches Personal die Wartungs- und Servicepl\u00e4ne f\u00fcr Ihre Ger\u00e4te aufstellen und die Beschaffung der Ersatzteile planen, die Sie ben\u00f6tigen, um die Ger\u00e4te an Ihrem Standort einsatzbereit und in perfektem Zustand zu halten.<\/p>\n<\/div><\/div><\/div>\n<\/div><\/div><\/div><\/div><\/div>\n\n\n\n<div class=\"wp-block-essential-blocks-row alignfull\"><div class=\"eb-parent-wrapper eb-parent-eb-row-odbw57l\"><div class=\"eb-row-root-container eb-row-odbw57l\" data-id=\"eb-row-odbw57l\"><div class=\"eb-row-wrapper\"><div class=\"eb-row-inner\">\n<div class=\"eb-parent-wrapper eb-parent-eb-column-dm1jo70  wp-block-essential-blocks-column\"><div class=\"eb-column-wrapper eb-column-dm1jo70\"><div class=\"eb-column-inner\">\n<h4 class=\"wp-block-heading\"><strong>Senden Sie uns Ihre Anfrage f\u00fcr Ersatzteile und Service:<\/strong><\/h4>\n<\/div><\/div><\/div>\n<\/div><\/div><\/div><\/div><\/div>\n\n\n\n<div class=\"wp-block-essential-blocks-button\"><div class=\"eb-parent-wrapper eb-parent-eb-button-12r7pv3\"><div class=\"eb-button-wrapper eb-button-alignment eb-button-12r7pv3\"><div class=\"eb-button\"><a class=\"eb-button-anchor\" href=\"\" rel=\"noopener\"> <strong>Registrieren Sie sich in unserem Kundenbereich<\/strong><\/a><\/div><\/div><\/div><\/div>\n<\/div>\n\n\n\n<p><\/p>\n\n\n\n<p class=\"has-white-color has-text-color\">servicio tecnico technischer service technischer service service technischer service reparaciones reparaturen reparaturen r\u00e9parations reparaties reparaciones de equipos equipment reparaturen r\u00e9parations d'\u00e9quipement reparaties aan apparatuur reparacion de maquinaria machinery repair machinery repair r\u00e9paration de machines reparatie van machines repuestos de maquinaria machine machine parts pi\u00e8ces de machines machine onderdelen repuestos originales original replacement parts pi\u00e8ces de rechange d'origine originele vervangende onderdelen repuestos fresadoras spare parts milling machines fraiseuses de pi\u00e8ces de rechange reserveonderdelen freesmachines repuestos recicladoras recycling spare parts recycling spare parts recyclage des pi\u00e8ces de rechange reserveonderdelen recyclen ersatzteile kompaktoren kompaktoren ersatzteile pi\u00e8ces de rechange pour compacteur reserveonderdelen voor persmachines ersatzteile pavers pavers ersatzteile pi\u00e8ces de rechange pour pav\u00e9s onderdelen voor straatstenen ersatzteile pumps concrete pumps pi\u00e8ces d\u00e9tach\u00e9es pompes \u00e0 b\u00e9ton onderdelen betonpompen ersatzteile menzi muck menzi muck ersatzteile pi\u00e8ces de rechange menzi muck menzi mest onderdelen ersatzteile wirtgen wirtgen ersatzteile pi\u00e8ces de rechange wirtgen Wirtgen reserveonderdelen ersatzteile kleemann kleemann ersatzteile pi\u00e8ces de rechange kleemann Kleemann reserveonderdelen ersatzteile cyber cyber parts cyber pi\u00e8ces cyber-onderdelen spare parts hamm hamm hamm spare parts pi\u00e8ces de rechange Hamm ham onderdelen spare parts rubblemaster rubblemaster parts pi\u00e8ces de ma\u00eetre des d\u00e9combres rubbmaster-onderdelen ersatzteile shredders shredders d\u00e9chiqueteuses versnipperaars ersatzteile sieves ersatzteile screens \u00e9crans de pi\u00e8ces de rechange reserveonderdelen schermen ersatzteile cimline cimline ersatzteile pi\u00e8ces de rechange cimline cimline cimline-reserveonderdelen ersatzteile etnyre etnyre ersatzteile etnyre pi\u00e8ces de rechange etnyre reserveonderdelen enz<\/p>\n\n\n\n<div class=\"wp-block-group is-layout-constrained wp-block-group-is-layout-constrained\">\n<p><\/p>\n\n\n\n<p><\/p>\n<\/div>","protected":false},"excerpt":{"rendered":"<p>&nbsp;&nbsp;&nbsp;&nbsp;&nbsp;&nbsp;&nbsp;&nbsp;&nbsp;&nbsp;&nbsp;&nbsp;&nbsp;&nbsp;&nbsp;&nbsp;&nbsp;&nbsp;&nbsp;&nbsp;&nbsp;&nbsp;&nbsp;&nbsp;&nbsp;&nbsp;&nbsp;&nbsp;&nbsp;&nbsp;&nbsp;&nbsp;&nbsp;&nbsp;&nbsp;&nbsp;&nbsp;&nbsp;&nbsp;&nbsp;&nbsp;&nbsp;&nbsp; servicio tecnico technical service service technique technische service reparaciones repairs r\u00e9parations reparaties reparaciones de equipos equipment repairs r\u00e9parations d&#8217;\u00e9quipement reparaties aan apparatuur reparacion de maquinaria machinery repair r\u00e9paration de machines reparatie van machines repuestos de maquinaria machine parts pi\u00e8ces de machines machine onderdelen repuestos originales original replacement parts pi\u00e8ces de rechange d&#8217;origine originele vervangende [&hellip;]<\/p>\n","protected":false},"author":10,"featured_media":0,"parent":0,"menu_order":0,"comment_status":"closed","ping_status":"closed","template":"","meta":{"_eb_attr":"","footnotes":""},"class_list":["post-5088","page","type-page","status-publish","hentry"],"yoast_head":"<!-- This site is optimized with the Yoast SEO plugin v27.5 - https:\/\/yoast.com\/product\/yoast-seo-wordpress\/ -->\n<title>Servicio T\u00e9cnico y Repuestos - Resansil<\/title>\n<meta name=\"robots\" content=\"index, follow, max-snippet:-1, max-image-preview:large, max-video-preview:-1\" \/>\n<link rel=\"canonical\" href=\"https:\/\/www.resansil.com\/de\/servicio-tecnico-y-repuestos\/\" \/>\n<meta property=\"og:locale\" content=\"de_DE\" \/>\n<meta property=\"og:type\" content=\"article\" \/>\n<meta property=\"og:title\" content=\"Servicio T\u00e9cnico y Repuestos - Resansil\" \/>\n<meta property=\"og:description\" content=\"&nbsp;&nbsp;&nbsp;&nbsp;&nbsp;&nbsp;&nbsp;&nbsp;&nbsp;&nbsp;&nbsp;&nbsp;&nbsp;&nbsp;&nbsp;&nbsp;&nbsp;&nbsp;&nbsp;&nbsp;&nbsp;&nbsp;&nbsp;&nbsp;&nbsp;&nbsp;&nbsp;&nbsp;&nbsp;&nbsp;&nbsp;&nbsp;&nbsp;&nbsp;&nbsp;&nbsp;&nbsp;&nbsp;&nbsp;&nbsp;&nbsp;&nbsp;&nbsp; servicio tecnico technical service service technique technische service reparaciones repairs r\u00e9parations reparaties reparaciones de equipos equipment repairs r\u00e9parations d&#8217;\u00e9quipement reparaties aan apparatuur reparacion de maquinaria machinery repair r\u00e9paration de machines reparatie van machines repuestos de maquinaria machine parts pi\u00e8ces de machines machine onderdelen repuestos originales original replacement parts pi\u00e8ces de rechange d&#8217;origine originele vervangende [&hellip;]\" \/>\n<meta property=\"og:url\" content=\"https:\/\/www.resansil.com\/de\/servicio-tecnico-y-repuestos\/\" \/>\n<meta property=\"og:site_name\" content=\"Resansil\" \/>\n<meta property=\"article:publisher\" content=\"https:\/\/www.facebook.com\/search\/top?q=gruporesansil\" \/>\n<meta property=\"article:modified_time\" content=\"2023-09-08T13:31:55+00:00\" \/>\n<meta property=\"og:image\" content=\"https:\/\/www.resansil.com\/wp-content\/uploads\/2023\/07\/ing-aplic-1.png\" \/>\n<meta name=\"twitter:card\" content=\"summary_large_image\" \/>\n<meta name=\"twitter:site\" content=\"@gruporesansil\" \/>\n<meta name=\"twitter:label1\" content=\"Gesch\u00e4tzte Lesezeit\" \/>\n\t<meta name=\"twitter:data1\" content=\"4\u00a0Minuten\" \/>\n<script type=\"application\/ld+json\" class=\"yoast-schema-graph\">{\"@context\":\"https:\\\/\\\/schema.org\",\"@graph\":[{\"@type\":\"WebPage\",\"@id\":\"https:\\\/\\\/www.resansil.com\\\/servicio-tecnico-y-repuestos\\\/\",\"url\":\"https:\\\/\\\/www.resansil.com\\\/servicio-tecnico-y-repuestos\\\/\",\"name\":\"Servicio T\u00e9cnico y Repuestos - Resansil\",\"isPartOf\":{\"@id\":\"https:\\\/\\\/www.resansil.com\\\/#website\"},\"primaryImageOfPage\":{\"@id\":\"https:\\\/\\\/www.resansil.com\\\/servicio-tecnico-y-repuestos\\\/#primaryimage\"},\"image\":{\"@id\":\"https:\\\/\\\/www.resansil.com\\\/servicio-tecnico-y-repuestos\\\/#primaryimage\"},\"thumbnailUrl\":\"https:\\\/\\\/www.resansil.com\\\/wp-content\\\/uploads\\\/2023\\\/07\\\/ing-aplic-1.png\",\"datePublished\":\"2023-07-05T14:38:14+00:00\",\"dateModified\":\"2023-09-08T13:31:55+00:00\",\"breadcrumb\":{\"@id\":\"https:\\\/\\\/www.resansil.com\\\/servicio-tecnico-y-repuestos\\\/#breadcrumb\"},\"inLanguage\":\"de\",\"potentialAction\":[{\"@type\":\"ReadAction\",\"target\":[\"https:\\\/\\\/www.resansil.com\\\/servicio-tecnico-y-repuestos\\\/\"]}]},{\"@type\":\"ImageObject\",\"inLanguage\":\"de\",\"@id\":\"https:\\\/\\\/www.resansil.com\\\/servicio-tecnico-y-repuestos\\\/#primaryimage\",\"url\":\"https:\\\/\\\/www.resansil.com\\\/wp-content\\\/uploads\\\/2023\\\/07\\\/ing-aplic-1.png\",\"contentUrl\":\"https:\\\/\\\/www.resansil.com\\\/wp-content\\\/uploads\\\/2023\\\/07\\\/ing-aplic-1.png\"},{\"@type\":\"BreadcrumbList\",\"@id\":\"https:\\\/\\\/www.resansil.com\\\/servicio-tecnico-y-repuestos\\\/#breadcrumb\",\"itemListElement\":[{\"@type\":\"ListItem\",\"position\":1,\"name\":\"Home\",\"item\":\"https:\\\/\\\/www.resansil.com\\\/\"},{\"@type\":\"ListItem\",\"position\":2,\"name\":\"Servicio T\u00e9cnico y Repuestos\"}]},{\"@type\":\"WebSite\",\"@id\":\"https:\\\/\\\/www.resansil.com\\\/#website\",\"url\":\"https:\\\/\\\/www.resansil.com\\\/\",\"name\":\"Resansil\",\"description\":\"Maquinaria e Ingener&iacute;a de Aplicaci&oacute;n\",\"publisher\":{\"@id\":\"https:\\\/\\\/www.resansil.com\\\/#organization\"},\"potentialAction\":[{\"@type\":\"SearchAction\",\"target\":{\"@type\":\"EntryPoint\",\"urlTemplate\":\"https:\\\/\\\/www.resansil.com\\\/?s={search_term_string}\"},\"query-input\":{\"@type\":\"PropertyValueSpecification\",\"valueRequired\":true,\"valueName\":\"search_term_string\"}}],\"inLanguage\":\"de\"},{\"@type\":\"Organization\",\"@id\":\"https:\\\/\\\/www.resansil.com\\\/#organization\",\"name\":\"Resansil\",\"url\":\"https:\\\/\\\/www.resansil.com\\\/\",\"logo\":{\"@type\":\"ImageObject\",\"inLanguage\":\"de\",\"@id\":\"https:\\\/\\\/www.resansil.com\\\/#\\\/schema\\\/logo\\\/image\\\/\",\"url\":\"https:\\\/\\\/www.resansil.com\\\/wp-content\\\/uploads\\\/RESANSIL-LOGO-2025_web.png\",\"contentUrl\":\"https:\\\/\\\/www.resansil.com\\\/wp-content\\\/uploads\\\/RESANSIL-LOGO-2025_web.png\",\"width\":285,\"height\":174,\"caption\":\"Resansil\"},\"image\":{\"@id\":\"https:\\\/\\\/www.resansil.com\\\/#\\\/schema\\\/logo\\\/image\\\/\"},\"sameAs\":[\"https:\\\/\\\/www.facebook.com\\\/search\\\/top?q=gruporesansil\",\"https:\\\/\\\/x.com\\\/gruporesansil\",\"https:\\\/\\\/www.instagram.com\\\/gruporesansil\\\/\",\"https:\\\/\\\/www.linkedin.com\\\/company\\\/resansil-inc.\\\/\"]}]}<\/script>\n<!-- \/ Yoast SEO plugin. -->","yoast_head_json":{"title":"Servicio T\u00e9cnico y Repuestos - Resansil","robots":{"index":"index","follow":"follow","max-snippet":"max-snippet:-1","max-image-preview":"max-image-preview:large","max-video-preview":"max-video-preview:-1"},"canonical":"https:\/\/www.resansil.com\/de\/servicio-tecnico-y-repuestos\/","og_locale":"de_DE","og_type":"article","og_title":"Servicio T\u00e9cnico y Repuestos - Resansil","og_description":"&nbsp;&nbsp;&nbsp;&nbsp;&nbsp;&nbsp;&nbsp;&nbsp;&nbsp;&nbsp;&nbsp;&nbsp;&nbsp;&nbsp;&nbsp;&nbsp;&nbsp;&nbsp;&nbsp;&nbsp;&nbsp;&nbsp;&nbsp;&nbsp;&nbsp;&nbsp;&nbsp;&nbsp;&nbsp;&nbsp;&nbsp;&nbsp;&nbsp;&nbsp;&nbsp;&nbsp;&nbsp;&nbsp;&nbsp;&nbsp;&nbsp;&nbsp;&nbsp; servicio tecnico technical service service technique technische service reparaciones repairs r\u00e9parations reparaties reparaciones de equipos equipment repairs r\u00e9parations d&#8217;\u00e9quipement reparaties aan apparatuur reparacion de maquinaria machinery repair r\u00e9paration de machines reparatie van machines repuestos de maquinaria machine parts pi\u00e8ces de machines machine onderdelen repuestos originales original replacement parts pi\u00e8ces de rechange d&#8217;origine originele vervangende [&hellip;]","og_url":"https:\/\/www.resansil.com\/de\/servicio-tecnico-y-repuestos\/","og_site_name":"Resansil","article_publisher":"https:\/\/www.facebook.com\/search\/top?q=gruporesansil","article_modified_time":"2023-09-08T13:31:55+00:00","og_image":[{"url":"https:\/\/www.resansil.com\/wp-content\/uploads\/2023\/07\/ing-aplic-1.png","type":"","width":"","height":""}],"twitter_card":"summary_large_image","twitter_site":"@gruporesansil","twitter_misc":{"Gesch\u00e4tzte Lesezeit":"4\u00a0Minuten"},"schema":{"@context":"https:\/\/schema.org","@graph":[{"@type":"WebPage","@id":"https:\/\/www.resansil.com\/servicio-tecnico-y-repuestos\/","url":"https:\/\/www.resansil.com\/servicio-tecnico-y-repuestos\/","name":"Servicio T\u00e9cnico y Repuestos - Resansil","isPartOf":{"@id":"https:\/\/www.resansil.com\/#website"},"primaryImageOfPage":{"@id":"https:\/\/www.resansil.com\/servicio-tecnico-y-repuestos\/#primaryimage"},"image":{"@id":"https:\/\/www.resansil.com\/servicio-tecnico-y-repuestos\/#primaryimage"},"thumbnailUrl":"https:\/\/www.resansil.com\/wp-content\/uploads\/2023\/07\/ing-aplic-1.png","datePublished":"2023-07-05T14:38:14+00:00","dateModified":"2023-09-08T13:31:55+00:00","breadcrumb":{"@id":"https:\/\/www.resansil.com\/servicio-tecnico-y-repuestos\/#breadcrumb"},"inLanguage":"de","potentialAction":[{"@type":"ReadAction","target":["https:\/\/www.resansil.com\/servicio-tecnico-y-repuestos\/"]}]},{"@type":"ImageObject","inLanguage":"de","@id":"https:\/\/www.resansil.com\/servicio-tecnico-y-repuestos\/#primaryimage","url":"https:\/\/www.resansil.com\/wp-content\/uploads\/2023\/07\/ing-aplic-1.png","contentUrl":"https:\/\/www.resansil.com\/wp-content\/uploads\/2023\/07\/ing-aplic-1.png"},{"@type":"BreadcrumbList","@id":"https:\/\/www.resansil.com\/servicio-tecnico-y-repuestos\/#breadcrumb","itemListElement":[{"@type":"ListItem","position":1,"name":"Home","item":"https:\/\/www.resansil.com\/"},{"@type":"ListItem","position":2,"name":"Servicio T\u00e9cnico y Repuestos"}]},{"@type":"WebSite","@id":"https:\/\/www.resansil.com\/#website","url":"https:\/\/www.resansil.com\/","name":"Resansil","description":"Maquinaria e Ingener&iacute;a de Aplicaci&oacute;n","publisher":{"@id":"https:\/\/www.resansil.com\/#organization"},"potentialAction":[{"@type":"SearchAction","target":{"@type":"EntryPoint","urlTemplate":"https:\/\/www.resansil.com\/?s={search_term_string}"},"query-input":{"@type":"PropertyValueSpecification","valueRequired":true,"valueName":"search_term_string"}}],"inLanguage":"de"},{"@type":"Organization","@id":"https:\/\/www.resansil.com\/#organization","name":"Resansil","url":"https:\/\/www.resansil.com\/","logo":{"@type":"ImageObject","inLanguage":"de","@id":"https:\/\/www.resansil.com\/#\/schema\/logo\/image\/","url":"https:\/\/www.resansil.com\/wp-content\/uploads\/RESANSIL-LOGO-2025_web.png","contentUrl":"https:\/\/www.resansil.com\/wp-content\/uploads\/RESANSIL-LOGO-2025_web.png","width":285,"height":174,"caption":"Resansil"},"image":{"@id":"https:\/\/www.resansil.com\/#\/schema\/logo\/image\/"},"sameAs":["https:\/\/www.facebook.com\/search\/top?q=gruporesansil","https:\/\/x.com\/gruporesansil","https:\/\/www.instagram.com\/gruporesansil\/","https:\/\/www.linkedin.com\/company\/resansil-inc.\/"]}]}},"_links":{"self":[{"href":"https:\/\/www.resansil.com\/de\/wp-json\/wp\/v2\/pages\/5088","targetHints":{"allow":["GET"]}}],"collection":[{"href":"https:\/\/www.resansil.com\/de\/wp-json\/wp\/v2\/pages"}],"about":[{"href":"https:\/\/www.resansil.com\/de\/wp-json\/wp\/v2\/types\/page"}],"author":[{"embeddable":true,"href":"https:\/\/www.resansil.com\/de\/wp-json\/wp\/v2\/users\/10"}],"replies":[{"embeddable":true,"href":"https:\/\/www.resansil.com\/de\/wp-json\/wp\/v2\/comments?post=5088"}],"version-history":[{"count":15,"href":"https:\/\/www.resansil.com\/de\/wp-json\/wp\/v2\/pages\/5088\/revisions"}],"predecessor-version":[{"id":9357,"href":"https:\/\/www.resansil.com\/de\/wp-json\/wp\/v2\/pages\/5088\/revisions\/9357"}],"wp:attachment":[{"href":"https:\/\/www.resansil.com\/de\/wp-json\/wp\/v2\/media?parent=5088"}],"curies":[{"name":"wp","href":"https:\/\/api.w.org\/{rel}","templated":true}]}}