{"id":5414,"date":"2023-07-09T15:36:33","date_gmt":"2023-07-09T19:36:33","guid":{"rendered":"https:\/\/www.resansil.com\/?page_id=5414"},"modified":"2024-04-12T09:59:47","modified_gmt":"2024-04-12T13:59:47","slug":"actividades-bomberiles","status":"publish","type":"page","link":"https:\/\/www.resansil.com\/de\/actividades-bomberiles\/","title":{"rendered":"Aktivit\u00e4ten zur Brandbek\u00e4mpfung (Venezuela)"},"content":{"rendered":"<div data-elementor-type=\"wp-page\" data-elementor-id=\"5414\" class=\"elementor elementor-5414\" data-elementor-post-type=\"page\">\n\t\t\t\t<div class=\"elementor-element elementor-element-e82cc42 e-con-full e-flex e-con e-parent\" data-id=\"e82cc42\" data-element_type=\"container\" data-e-type=\"container\" data-settings=\"{&quot;background_background&quot;:&quot;classic&quot;}\">\n\t\t\t\t<div class=\"elementor-element elementor-element-52eae4a elementor-vertical-align-middle elementor-widget__width-initial elementor-widget elementor-widget-image-box\" data-id=\"52eae4a\" data-element_type=\"widget\" data-e-type=\"widget\" data-widget_type=\"image-box.default\">\n\t\t\t\t<div class=\"elementor-widget-container\">\n\t\t\t\t\t<div class=\"elementor-image-box-wrapper\"><div class=\"elementor-image-box-content\"><h3 class=\"elementor-image-box-title\">BRANDBEK\u00c4MPFUNGSMASSNAHMEN (VENEZUELA UND GUYANA)<\/h3><p class=\"elementor-image-box-description\">Die Aufmerksamkeit f\u00fcr Notf\u00e4lle und Br\u00e4nde erfordert, dass das verantwortliche Personal \u00fcber alle Mittel und Werkzeuge verf\u00fcgt, um schnell, sicher und effektiv auf jede Situation und in jeder Umgebung und unter allen Bedingungen zu reagieren. Resansil bietet f\u00fcr Venezuela und Guyana die komplette Linie von Ger\u00e4ten und Anbauger\u00e4ten der Marke Rosenbauer an.\nLernen Sie unsere Optionen kennen: <\/p><\/div><\/div>\t\t\t\t<\/div>\n\t\t\t\t<\/div>\n\t\t\t\t<\/div>\n\t\t<div class=\"elementor-element elementor-element-31da0a6 e-flex e-con-boxed e-con e-parent\" data-id=\"31da0a6\" data-element_type=\"container\" data-e-type=\"container\">\n\t\t\t\t\t<div class=\"e-con-inner\">\n\t\t<div class=\"elementor-element elementor-element-c9ddb50 e-con-full e-flex e-con e-child\" data-id=\"c9ddb50\" data-element_type=\"container\" data-e-type=\"container\">\n\t\t\t\t<div class=\"elementor-element elementor-element-d946a64 elementor-cta--layout-image-above elementor-cta--valign-top elementor-cta--skin-classic elementor-animated-content elementor-bg-transform elementor-bg-transform-zoom-in elementor-widget elementor-widget-call-to-action\" data-id=\"d946a64\" data-element_type=\"widget\" data-e-type=\"widget\" data-widget_type=\"call-to-action.default\">\n\t\t\t\t<div class=\"elementor-widget-container\">\n\t\t\t\t\t\t\t<div class=\"elementor-cta\">\n\t\t\t\t\t<div class=\"elementor-cta__bg-wrapper\">\n\t\t\t\t<div class=\"elementor-cta__bg elementor-bg\" style=\"background-image: url(https:\/\/www.resansil.com\/wp-content\/uploads\/Bomberos-Vehiculos-tacticos-1024x768.webp);\" role=\"img\" aria-label=\"Feuerwehren - Taktische Fahrzeuge\"><\/div>\n\t\t\t\t<div class=\"elementor-cta__bg-overlay\"><\/div>\n\t\t\t<\/div>\n\t\t\t\t\t\t\t<div class=\"elementor-cta__content\">\n\t\t\t\t\n\t\t\t\t\t\t\t\t\t<h2 class=\"elementor-cta__title elementor-cta__content-item elementor-content-item\">\n\t\t\t\t\t\tFeuerwehrautos\t\t\t\t\t<\/h2>\n\t\t\t\t\n\t\t\t\t\n\t\t\t\t\t\t\t\t\t<div class=\"elementor-cta__button-wrapper elementor-cta__content-item elementor-content-item\">\n\t\t\t\t\t<a class=\"elementor-cta__button elementor-button elementor-size-\" href=\"https:\/\/www.resansil.com\/es\/vehiculos-equipamiento-para-bomberos\/\">\n\t\t\t\t\t\tMehr erfahren\t\t\t\t\t<\/a>\n\t\t\t\t\t<\/div>\n\t\t\t\t\t\t\t<\/div>\n\t\t\t\t\t\t<\/div>\n\t\t\t\t\t\t<\/div>\n\t\t\t\t<\/div>\n\t\t\t\t<\/div>\n\t\t<div class=\"elementor-element elementor-element-9628250 e-con-full e-flex e-con e-child\" data-id=\"9628250\" data-element_type=\"container\" data-e-type=\"container\">\n\t\t\t\t<div class=\"elementor-element elementor-element-44fb8c1 elementor-cta--layout-image-above elementor-cta--valign-top elementor-cta--skin-classic elementor-animated-content elementor-bg-transform elementor-bg-transform-zoom-in elementor-widget elementor-widget-call-to-action\" data-id=\"44fb8c1\" data-element_type=\"widget\" data-e-type=\"widget\" data-widget_type=\"call-to-action.default\">\n\t\t\t\t<div class=\"elementor-widget-container\">\n\t\t\t\t\t\t\t<div class=\"elementor-cta\">\n\t\t\t\t\t<div class=\"elementor-cta__bg-wrapper\">\n\t\t\t\t<div class=\"elementor-cta__bg elementor-bg\" style=\"background-image: url(https:\/\/www.resansil.com\/wp-content\/uploads\/Bomberos-Accesorios-de-carroceria-en-implementos-de-seguridad-1-1024x768.webp);\" role=\"img\" aria-label=\"Feuerwehr - Karosseriezubeh\u00f6r in der Sicherheitsausr\u00fcstung\"><\/div>\n\t\t\t\t<div class=\"elementor-cta__bg-overlay\"><\/div>\n\t\t\t<\/div>\n\t\t\t\t\t\t\t<div class=\"elementor-cta__content\">\n\t\t\t\t\n\t\t\t\t\t\t\t\t\t<h2 class=\"elementor-cta__title elementor-cta__content-item elementor-content-item\">\n\t\t\t\t\t\tSicherheitsausr\u00fcstungen und -ger\u00e4te f\u00fcr Feuerwehrfahrzeuge\t\t\t\t\t<\/h2>\n\t\t\t\t\n\t\t\t\t\n\t\t\t\t\t\t\t\t\t<div class=\"elementor-cta__button-wrapper elementor-cta__content-item elementor-content-item\">\n\t\t\t\t\t<a class=\"elementor-cta__button elementor-button elementor-size-\" href=\"https:\/\/www.resansil.com\/es\/bomberos-implementos-de-seguridad-accesorios-de-carroceria\/\">\n\t\t\t\t\t\tMehr erfahren\t\t\t\t\t<\/a>\n\t\t\t\t\t<\/div>\n\t\t\t\t\t\t\t<\/div>\n\t\t\t\t\t\t<\/div>\n\t\t\t\t\t\t<\/div>\n\t\t\t\t<\/div>\n\t\t\t\t<\/div>\n\t\t\t\t\t<\/div>\n\t\t\t\t<\/div>\n\t\t\t\t<\/div>","protected":false},"excerpt":{"rendered":"<p>ACTIVIDADES BOMBERILES (VENEZUELA Y GUYANA) La atenci\u00f3n de las emergencias e incendios requieren que el personal a cargo cuente con todos los recursos y herramientas para responder con rapidez, seguridad y efectividad ante cualquier situaci\u00f3n y en cualquier entorno y condiciones, Resansil ofrece para Venezuela y Guyana la completa l\u00ednea de unidades e implemetos que [&hellip;]<\/p>\n","protected":false},"author":10,"featured_media":0,"parent":0,"menu_order":0,"comment_status":"closed","ping_status":"closed","template":"","meta":{"_eb_attr":"","footnotes":""},"class_list":["post-5414","page","type-page","status-publish","hentry"],"yoast_head":"<!-- This site is optimized with the Yoast SEO plugin v27.3 - https:\/\/yoast.com\/product\/yoast-seo-wordpress\/ -->\n<title>Actividades Bomberiles (Venezuela) - Resansil<\/title>\n<meta name=\"robots\" content=\"index, follow, max-snippet:-1, max-image-preview:large, max-video-preview:-1\" \/>\n<link rel=\"canonical\" href=\"https:\/\/www.resansil.com\/de\/actividades-bomberiles\/\" \/>\n<meta property=\"og:locale\" content=\"de_DE\" \/>\n<meta property=\"og:type\" content=\"article\" \/>\n<meta property=\"og:title\" content=\"Actividades Bomberiles (Venezuela) - Resansil\" \/>\n<meta property=\"og:description\" content=\"ACTIVIDADES BOMBERILES (VENEZUELA Y GUYANA) La atenci\u00f3n de las emergencias e incendios requieren que el personal a cargo cuente con todos los recursos y herramientas para responder con rapidez, seguridad y efectividad ante cualquier situaci\u00f3n y en cualquier entorno y condiciones, Resansil ofrece para Venezuela y Guyana la completa l\u00ednea de unidades e implemetos que [&hellip;]\" \/>\n<meta property=\"og:url\" content=\"https:\/\/www.resansil.com\/de\/actividades-bomberiles\/\" \/>\n<meta property=\"og:site_name\" content=\"Resansil\" \/>\n<meta property=\"article:publisher\" content=\"https:\/\/www.facebook.com\/search\/top?q=gruporesansil\" \/>\n<meta property=\"article:modified_time\" content=\"2024-04-12T13:59:47+00:00\" \/>\n<meta name=\"twitter:card\" content=\"summary_large_image\" \/>\n<meta name=\"twitter:site\" content=\"@gruporesansil\" \/>\n<meta name=\"twitter:label1\" content=\"Gesch\u00e4tzte Lesezeit\" \/>\n\t<meta name=\"twitter:data1\" content=\"1\u00a0Minute\" \/>\n<script type=\"application\/ld+json\" class=\"yoast-schema-graph\">{\"@context\":\"https:\\\/\\\/schema.org\",\"@graph\":[{\"@type\":\"WebPage\",\"@id\":\"https:\\\/\\\/www.resansil.com\\\/actividades-bomberiles\\\/\",\"url\":\"https:\\\/\\\/www.resansil.com\\\/actividades-bomberiles\\\/\",\"name\":\"Actividades Bomberiles (Venezuela) - Resansil\",\"isPartOf\":{\"@id\":\"https:\\\/\\\/www.resansil.com\\\/#website\"},\"datePublished\":\"2023-07-09T19:36:33+00:00\",\"dateModified\":\"2024-04-12T13:59:47+00:00\",\"breadcrumb\":{\"@id\":\"https:\\\/\\\/www.resansil.com\\\/actividades-bomberiles\\\/#breadcrumb\"},\"inLanguage\":\"de\",\"potentialAction\":[{\"@type\":\"ReadAction\",\"target\":[\"https:\\\/\\\/www.resansil.com\\\/actividades-bomberiles\\\/\"]}]},{\"@type\":\"BreadcrumbList\",\"@id\":\"https:\\\/\\\/www.resansil.com\\\/actividades-bomberiles\\\/#breadcrumb\",\"itemListElement\":[{\"@type\":\"ListItem\",\"position\":1,\"name\":\"Home\",\"item\":\"https:\\\/\\\/www.resansil.com\\\/\"},{\"@type\":\"ListItem\",\"position\":2,\"name\":\"Actividades Bomberiles (Venezuela)\"}]},{\"@type\":\"WebSite\",\"@id\":\"https:\\\/\\\/www.resansil.com\\\/#website\",\"url\":\"https:\\\/\\\/www.resansil.com\\\/\",\"name\":\"Resansil\",\"description\":\"Maquinaria e Ingener&iacute;a de Aplicaci&oacute;n\",\"publisher\":{\"@id\":\"https:\\\/\\\/www.resansil.com\\\/#organization\"},\"potentialAction\":[{\"@type\":\"SearchAction\",\"target\":{\"@type\":\"EntryPoint\",\"urlTemplate\":\"https:\\\/\\\/www.resansil.com\\\/?s={search_term_string}\"},\"query-input\":{\"@type\":\"PropertyValueSpecification\",\"valueRequired\":true,\"valueName\":\"search_term_string\"}}],\"inLanguage\":\"de\"},{\"@type\":\"Organization\",\"@id\":\"https:\\\/\\\/www.resansil.com\\\/#organization\",\"name\":\"Resansil\",\"url\":\"https:\\\/\\\/www.resansil.com\\\/\",\"logo\":{\"@type\":\"ImageObject\",\"inLanguage\":\"de\",\"@id\":\"https:\\\/\\\/www.resansil.com\\\/#\\\/schema\\\/logo\\\/image\\\/\",\"url\":\"https:\\\/\\\/www.resansil.com\\\/wp-content\\\/uploads\\\/RESANSIL-LOGO-2025_web.png\",\"contentUrl\":\"https:\\\/\\\/www.resansil.com\\\/wp-content\\\/uploads\\\/RESANSIL-LOGO-2025_web.png\",\"width\":285,\"height\":174,\"caption\":\"Resansil\"},\"image\":{\"@id\":\"https:\\\/\\\/www.resansil.com\\\/#\\\/schema\\\/logo\\\/image\\\/\"},\"sameAs\":[\"https:\\\/\\\/www.facebook.com\\\/search\\\/top?q=gruporesansil\",\"https:\\\/\\\/x.com\\\/gruporesansil\",\"https:\\\/\\\/www.instagram.com\\\/gruporesansil\\\/\",\"https:\\\/\\\/www.linkedin.com\\\/company\\\/resansil-inc.\\\/\"]}]}<\/script>\n<!-- \/ Yoast SEO plugin. -->","yoast_head_json":{"title":"Actividades Bomberiles (Venezuela) - Resansil","robots":{"index":"index","follow":"follow","max-snippet":"max-snippet:-1","max-image-preview":"max-image-preview:large","max-video-preview":"max-video-preview:-1"},"canonical":"https:\/\/www.resansil.com\/de\/actividades-bomberiles\/","og_locale":"de_DE","og_type":"article","og_title":"Actividades Bomberiles (Venezuela) - Resansil","og_description":"ACTIVIDADES BOMBERILES (VENEZUELA Y GUYANA) La atenci\u00f3n de las emergencias e incendios requieren que el personal a cargo cuente con todos los recursos y herramientas para responder con rapidez, seguridad y efectividad ante cualquier situaci\u00f3n y en cualquier entorno y condiciones, Resansil ofrece para Venezuela y Guyana la completa l\u00ednea de unidades e implemetos que [&hellip;]","og_url":"https:\/\/www.resansil.com\/de\/actividades-bomberiles\/","og_site_name":"Resansil","article_publisher":"https:\/\/www.facebook.com\/search\/top?q=gruporesansil","article_modified_time":"2024-04-12T13:59:47+00:00","twitter_card":"summary_large_image","twitter_site":"@gruporesansil","twitter_misc":{"Gesch\u00e4tzte Lesezeit":"1\u00a0Minute"},"schema":{"@context":"https:\/\/schema.org","@graph":[{"@type":"WebPage","@id":"https:\/\/www.resansil.com\/actividades-bomberiles\/","url":"https:\/\/www.resansil.com\/actividades-bomberiles\/","name":"Actividades Bomberiles (Venezuela) - Resansil","isPartOf":{"@id":"https:\/\/www.resansil.com\/#website"},"datePublished":"2023-07-09T19:36:33+00:00","dateModified":"2024-04-12T13:59:47+00:00","breadcrumb":{"@id":"https:\/\/www.resansil.com\/actividades-bomberiles\/#breadcrumb"},"inLanguage":"de","potentialAction":[{"@type":"ReadAction","target":["https:\/\/www.resansil.com\/actividades-bomberiles\/"]}]},{"@type":"BreadcrumbList","@id":"https:\/\/www.resansil.com\/actividades-bomberiles\/#breadcrumb","itemListElement":[{"@type":"ListItem","position":1,"name":"Home","item":"https:\/\/www.resansil.com\/"},{"@type":"ListItem","position":2,"name":"Actividades Bomberiles (Venezuela)"}]},{"@type":"WebSite","@id":"https:\/\/www.resansil.com\/#website","url":"https:\/\/www.resansil.com\/","name":"Resansil","description":"Maquinaria e Ingener&iacute;a de Aplicaci&oacute;n","publisher":{"@id":"https:\/\/www.resansil.com\/#organization"},"potentialAction":[{"@type":"SearchAction","target":{"@type":"EntryPoint","urlTemplate":"https:\/\/www.resansil.com\/?s={search_term_string}"},"query-input":{"@type":"PropertyValueSpecification","valueRequired":true,"valueName":"search_term_string"}}],"inLanguage":"de"},{"@type":"Organization","@id":"https:\/\/www.resansil.com\/#organization","name":"Resansil","url":"https:\/\/www.resansil.com\/","logo":{"@type":"ImageObject","inLanguage":"de","@id":"https:\/\/www.resansil.com\/#\/schema\/logo\/image\/","url":"https:\/\/www.resansil.com\/wp-content\/uploads\/RESANSIL-LOGO-2025_web.png","contentUrl":"https:\/\/www.resansil.com\/wp-content\/uploads\/RESANSIL-LOGO-2025_web.png","width":285,"height":174,"caption":"Resansil"},"image":{"@id":"https:\/\/www.resansil.com\/#\/schema\/logo\/image\/"},"sameAs":["https:\/\/www.facebook.com\/search\/top?q=gruporesansil","https:\/\/x.com\/gruporesansil","https:\/\/www.instagram.com\/gruporesansil\/","https:\/\/www.linkedin.com\/company\/resansil-inc.\/"]}]}},"_links":{"self":[{"href":"https:\/\/www.resansil.com\/de\/wp-json\/wp\/v2\/pages\/5414","targetHints":{"allow":["GET"]}}],"collection":[{"href":"https:\/\/www.resansil.com\/de\/wp-json\/wp\/v2\/pages"}],"about":[{"href":"https:\/\/www.resansil.com\/de\/wp-json\/wp\/v2\/types\/page"}],"author":[{"embeddable":true,"href":"https:\/\/www.resansil.com\/de\/wp-json\/wp\/v2\/users\/10"}],"replies":[{"embeddable":true,"href":"https:\/\/www.resansil.com\/de\/wp-json\/wp\/v2\/comments?post=5414"}],"version-history":[{"count":25,"href":"https:\/\/www.resansil.com\/de\/wp-json\/wp\/v2\/pages\/5414\/revisions"}],"predecessor-version":[{"id":8977,"href":"https:\/\/www.resansil.com\/de\/wp-json\/wp\/v2\/pages\/5414\/revisions\/8977"}],"wp:attachment":[{"href":"https:\/\/www.resansil.com\/de\/wp-json\/wp\/v2\/media?parent=5414"}],"curies":[{"name":"wp","href":"https:\/\/api.w.org\/{rel}","templated":true}]}}