{"id":6142,"date":"2023-07-22T14:35:32","date_gmt":"2023-07-22T18:35:32","guid":{"rendered":"https:\/\/www.resansil.com\/?page_id=6142"},"modified":"2023-12-15T15:33:05","modified_gmt":"2023-12-15T20:33:05","slug":"area-de-clientes","status":"publish","type":"page","link":"https:\/\/www.resansil.com\/de\/area-de-clientes\/","title":{"rendered":"Kundenbereich"},"content":{"rendered":"<div data-elementor-type=\"wp-page\" data-elementor-id=\"6142\" class=\"elementor elementor-6142\" data-elementor-post-type=\"page\">\n\t\t\t\t<div class=\"elementor-element elementor-element-3fe125f e-con-full e-flex e-con e-parent\" data-id=\"3fe125f\" data-element_type=\"container\" data-e-type=\"container\" data-settings=\"{&quot;background_background&quot;:&quot;classic&quot;}\">\n\t\t\t\t<div class=\"elementor-element elementor-element-ec6857c elementor-vertical-align-middle elementor-widget elementor-widget-image-box\" data-id=\"ec6857c\" data-element_type=\"widget\" data-e-type=\"widget\" data-widget_type=\"image-box.default\">\n\t\t\t\t<div class=\"elementor-widget-container\">\n\t\t\t\t\t<div class=\"elementor-image-box-wrapper\"><div class=\"elementor-image-box-content\"><h3 class=\"elementor-image-box-title\">KUNDENBEREICH<\/h3><p class=\"elementor-image-box-description\">Ihr direkter Kontakt zu Resansil<\/p><\/div><\/div>\t\t\t\t<\/div>\n\t\t\t\t<\/div>\n\t\t\t\t<\/div>\n\t\t<div class=\"elementor-element elementor-element-eec1ff5 e-flex e-con-boxed e-con e-parent\" data-id=\"eec1ff5\" data-element_type=\"container\" data-e-type=\"container\">\n\t\t\t\t\t<div class=\"e-con-inner\">\n\t\t<div class=\"elementor-element elementor-element-79a231b e-con-full e-flex e-con e-child\" data-id=\"79a231b\" data-element_type=\"container\" data-e-type=\"container\">\n\t\t\t\t<div class=\"elementor-element elementor-element-d0f8068 elementor-cta--layout-image-above elementor-cta--valign-top elementor-cta--skin-classic elementor-animated-content elementor-bg-transform elementor-bg-transform-zoom-in elementor-widget elementor-widget-call-to-action\" data-id=\"d0f8068\" data-element_type=\"widget\" data-e-type=\"widget\" data-widget_type=\"call-to-action.default\">\n\t\t\t\t<div class=\"elementor-widget-container\">\n\t\t\t\t\t\t\t<div class=\"elementor-cta\">\n\t\t\t\t\t<div class=\"elementor-cta__bg-wrapper\">\n\t\t\t\t<div class=\"elementor-cta__bg elementor-bg\" style=\"background-image: url(https:\/\/www.resansil.com\/wp-content\/uploads\/2023\/07\/area-clientes-2-2-jpg.webp);\" role=\"img\" aria-label=\"bild bereich-kunden-2-2\"><\/div>\n\t\t\t\t<div class=\"elementor-cta__bg-overlay\"><\/div>\n\t\t\t<\/div>\n\t\t\t\t\t\t\t<div class=\"elementor-cta__content\">\n\t\t\t\t\n\t\t\t\t\t\t\t\t\t<h2 class=\"elementor-cta__title elementor-cta__content-item elementor-content-item\">\n\t\t\t\t\t\tSind Sie Resansil-Kunde?\t\t\t\t\t<\/h2>\n\t\t\t\t\n\t\t\t\t\t\t\t\t\t<div class=\"elementor-cta__description elementor-cta__content-item elementor-content-item\">\n\t\t\t\t\t\t<p>Verwalten Sie hier Ihre Antr\u00e4ge oder Anfragen:<\/p><ul><li>Ersatzteile<\/li>\n<!-- \/wp:list-item --><!-- wp:list-item -->\n<li>Technischer Dienst (Reparaturen - Wartung)<\/li>\n<!-- \/wp:list-item --><!-- wp:list-item -->\n<li>Beratung durch unsere Anwendungsingenieure<\/li>\n<!-- \/wp:list-item --><!-- wp:list-item -->\n<li>Technische Anfragen<\/li>\n<!-- \/wp:list-item --><!-- wp:list-item -->\n<li>Ausbildung<\/li><\/ul><p>Bitte loggen Sie sich auf unserer <strong>Kundenservice-System<\/strong> <strong>Resansil<\/strong><span style=\"font-family: var( --e-global-typography-text-font-family ), Sans-serif;font-size: var( --e-global-typography-text-font-size );font-style: var( --e-global-typography-text-font-style );font-weight: var( --e-global-typography-text-font-weight );letter-spacing: var( --e-global-typography-text-letter-spacing );text-transform: var( --e-global-typography-text-text-transform )\"><\/span><\/p>\t\t\t\t\t<\/div>\n\t\t\t\t\n\t\t\t\t\t\t\t\t\t<div class=\"elementor-cta__button-wrapper elementor-cta__content-item elementor-content-item\">\n\t\t\t\t\t<a class=\"elementor-cta__button elementor-button elementor-size-\" href=\"https:\/\/www.resansil.com\/es\/area-de-clientes\/\">\n\t\t\t\t\t\tKundenservice-System\t\t\t\t\t<\/a>\n\t\t\t\t\t<\/div>\n\t\t\t\t\t\t\t<\/div>\n\t\t\t\t\t\t<\/div>\n\t\t\t\t\t\t<\/div>\n\t\t\t\t<\/div>\n\t\t\t\t<\/div>\n\t\t<div class=\"elementor-element elementor-element-e704529 e-con-full e-flex e-con e-child\" data-id=\"e704529\" data-element_type=\"container\" data-e-type=\"container\">\n\t\t\t\t<div class=\"elementor-element elementor-element-0183026 elementor-cta--layout-image-above elementor-cta--valign-top elementor-cta--skin-classic elementor-animated-content elementor-bg-transform elementor-bg-transform-zoom-in elementor-widget elementor-widget-call-to-action\" data-id=\"0183026\" data-element_type=\"widget\" data-e-type=\"widget\" data-widget_type=\"call-to-action.default\">\n\t\t\t\t<div class=\"elementor-widget-container\">\n\t\t\t\t\t\t\t<div class=\"elementor-cta\">\n\t\t\t\t\t<div class=\"elementor-cta__bg-wrapper\">\n\t\t\t\t<div class=\"elementor-cta__bg elementor-bg\" style=\"background-image: url(https:\/\/www.resansil.com\/wp-content\/uploads\/2023\/07\/area-clientes-3-2-jpg.webp);\" role=\"img\" aria-label=\"bild bereich-kunden-3-2\"><\/div>\n\t\t\t\t<div class=\"elementor-cta__bg-overlay\"><\/div>\n\t\t\t<\/div>\n\t\t\t\t\t\t\t<div class=\"elementor-cta__content\">\n\t\t\t\t\n\t\t\t\t\t\t\t\t\t<h2 class=\"elementor-cta__title elementor-cta__content-item elementor-content-item\">\n\t\t\t\t\t\tWeitere Informationen oder Teilnahme\t\t\t\t\t<\/h2>\n\t\t\t\t\n\t\t\t\t\t\t\t\t\t<div class=\"elementor-cta__description elementor-cta__content-item elementor-content-item\">\n\t\t\t\t\t\tVerwalten Sie hier Ihre Antr\u00e4ge oder Anfragen:<br>\n<ul style=\"font-size: 16px\"><li style=\"font-size: 16px\">Angebot der Ausr\u00fcstung<\/li><li><span style=\"font-family: var( --e-global-typography-text-font-family ), Sans-serif;font-size: var( --e-global-typography-text-font-size );font-style: var( --e-global-typography-text-font-style );font-weight: var( --e-global-typography-text-font-weight );letter-spacing: var( --e-global-typography-text-letter-spacing );text-transform: var( --e-global-typography-text-text-transform )\">Angebote f\u00fcr Dienstleistungen <\/span><br><\/li><li style=\"font-size: 16px\">Einzelheiten zu den Merkmalen der Ausr\u00fcstung\/Betrieb<\/li><li>Besuche in Ihrem Unternehmen<\/li><\/ul>Registrieren Sie sich in unserer Datenbank und genie\u00dfen Sie die pers\u00f6nliche Betreuung Ihrer Anforderungen und aktuelle Informationen \u00fcber die von uns in Ihrer Region angebotenen Ger\u00e4te und Dienstleistungen.\n\nBitte klicken Sie auf die Schaltfl\u00e4che und f\u00fcllen Sie das Resansil-Kontaktregistrierungsformular mit Ihren Daten aus.\t\t\t\t\t<\/div>\n\t\t\t\t\n\t\t\t\t\t\t\t\t\t<div class=\"elementor-cta__button-wrapper elementor-cta__content-item elementor-content-item\">\n\t\t\t\t\t<a class=\"elementor-cta__button elementor-button elementor-size-\" href=\"https:\/\/www.resansil.com\/de\/en_us\/formato-de-contacto\/\">\n\t\t\t\t\t\tAnmeldeformular f\u00fcr Vertr\u00e4ge\t\t\t\t\t<\/a>\n\t\t\t\t\t<\/div>\n\t\t\t\t\t\t\t<\/div>\n\t\t\t\t\t\t<\/div>\n\t\t\t\t\t\t<\/div>\n\t\t\t\t<\/div>\n\t\t\t\t<\/div>\n\t\t\t\t\t<\/div>\n\t\t\t\t<\/div>\n\t\t\t\t<\/div>","protected":false},"excerpt":{"rendered":"<p>\u00c1REA DE CLIENTES Su contacto directo con Resansil \u00bfEs cliente de resansil? Gestione aqu\u00ed sus solicitudes o consultas de: Repuestos Servicio T\u00e9cnico (reparaciones &#8211; mantenimientos) Asesor\u00eda de nuestros Ingenieros de Aplicaci\u00f3n Consultas t\u00e9cnicas Entrenamiento Por favor ingrese con su login a nuestro Sistema de Atenci\u00f3n a Clientes Resansil Sistema de Atenci\u00f3n al Cliente M\u00e1s informaci\u00f3n [&hellip;]<\/p>\n","protected":false},"author":10,"featured_media":0,"parent":0,"menu_order":0,"comment_status":"closed","ping_status":"closed","template":"","meta":{"_eb_attr":"","footnotes":""},"class_list":["post-6142","page","type-page","status-publish","hentry"],"yoast_head":"<!-- This site is optimized with the Yoast SEO plugin v27.5 - https:\/\/yoast.com\/product\/yoast-seo-wordpress\/ -->\n<title>\u00c1rea de Clientes - Resansil<\/title>\n<meta name=\"robots\" content=\"index, follow, max-snippet:-1, max-image-preview:large, max-video-preview:-1\" \/>\n<link rel=\"canonical\" href=\"https:\/\/www.resansil.com\/de\/area-de-clientes\/\" \/>\n<meta property=\"og:locale\" content=\"de_DE\" \/>\n<meta property=\"og:type\" content=\"article\" \/>\n<meta property=\"og:title\" content=\"\u00c1rea de Clientes - Resansil\" \/>\n<meta property=\"og:description\" content=\"\u00c1REA DE CLIENTES Su contacto directo con Resansil \u00bfEs cliente de resansil? Gestione aqu\u00ed sus solicitudes o consultas de: Repuestos Servicio T\u00e9cnico (reparaciones &#8211; mantenimientos) Asesor\u00eda de nuestros Ingenieros de Aplicaci\u00f3n Consultas t\u00e9cnicas Entrenamiento Por favor ingrese con su login a nuestro Sistema de Atenci\u00f3n a Clientes Resansil Sistema de Atenci\u00f3n al Cliente M\u00e1s informaci\u00f3n [&hellip;]\" \/>\n<meta property=\"og:url\" content=\"https:\/\/www.resansil.com\/de\/area-de-clientes\/\" \/>\n<meta property=\"og:site_name\" content=\"Resansil\" \/>\n<meta property=\"article:publisher\" content=\"https:\/\/www.facebook.com\/search\/top?q=gruporesansil\" \/>\n<meta property=\"article:modified_time\" content=\"2023-12-15T20:33:05+00:00\" \/>\n<meta name=\"twitter:card\" content=\"summary_large_image\" \/>\n<meta name=\"twitter:site\" content=\"@gruporesansil\" \/>\n<meta name=\"twitter:label1\" content=\"Gesch\u00e4tzte Lesezeit\" \/>\n\t<meta name=\"twitter:data1\" content=\"1\u00a0Minute\" \/>\n<script type=\"application\/ld+json\" class=\"yoast-schema-graph\">{\"@context\":\"https:\\\/\\\/schema.org\",\"@graph\":[{\"@type\":\"WebPage\",\"@id\":\"https:\\\/\\\/www.resansil.com\\\/area-de-clientes\\\/\",\"url\":\"https:\\\/\\\/www.resansil.com\\\/area-de-clientes\\\/\",\"name\":\"\u00c1rea de Clientes - Resansil\",\"isPartOf\":{\"@id\":\"https:\\\/\\\/www.resansil.com\\\/#website\"},\"datePublished\":\"2023-07-22T18:35:32+00:00\",\"dateModified\":\"2023-12-15T20:33:05+00:00\",\"breadcrumb\":{\"@id\":\"https:\\\/\\\/www.resansil.com\\\/area-de-clientes\\\/#breadcrumb\"},\"inLanguage\":\"de\",\"potentialAction\":[{\"@type\":\"ReadAction\",\"target\":[\"https:\\\/\\\/www.resansil.com\\\/area-de-clientes\\\/\"]}]},{\"@type\":\"BreadcrumbList\",\"@id\":\"https:\\\/\\\/www.resansil.com\\\/area-de-clientes\\\/#breadcrumb\",\"itemListElement\":[{\"@type\":\"ListItem\",\"position\":1,\"name\":\"Home\",\"item\":\"https:\\\/\\\/www.resansil.com\\\/\"},{\"@type\":\"ListItem\",\"position\":2,\"name\":\"\u00c1rea de Clientes\"}]},{\"@type\":\"WebSite\",\"@id\":\"https:\\\/\\\/www.resansil.com\\\/#website\",\"url\":\"https:\\\/\\\/www.resansil.com\\\/\",\"name\":\"Resansil\",\"description\":\"Maquinaria e Ingener&iacute;a de Aplicaci&oacute;n\",\"publisher\":{\"@id\":\"https:\\\/\\\/www.resansil.com\\\/#organization\"},\"potentialAction\":[{\"@type\":\"SearchAction\",\"target\":{\"@type\":\"EntryPoint\",\"urlTemplate\":\"https:\\\/\\\/www.resansil.com\\\/?s={search_term_string}\"},\"query-input\":{\"@type\":\"PropertyValueSpecification\",\"valueRequired\":true,\"valueName\":\"search_term_string\"}}],\"inLanguage\":\"de\"},{\"@type\":\"Organization\",\"@id\":\"https:\\\/\\\/www.resansil.com\\\/#organization\",\"name\":\"Resansil\",\"url\":\"https:\\\/\\\/www.resansil.com\\\/\",\"logo\":{\"@type\":\"ImageObject\",\"inLanguage\":\"de\",\"@id\":\"https:\\\/\\\/www.resansil.com\\\/#\\\/schema\\\/logo\\\/image\\\/\",\"url\":\"https:\\\/\\\/www.resansil.com\\\/wp-content\\\/uploads\\\/RESANSIL-LOGO-2025_web.png\",\"contentUrl\":\"https:\\\/\\\/www.resansil.com\\\/wp-content\\\/uploads\\\/RESANSIL-LOGO-2025_web.png\",\"width\":285,\"height\":174,\"caption\":\"Resansil\"},\"image\":{\"@id\":\"https:\\\/\\\/www.resansil.com\\\/#\\\/schema\\\/logo\\\/image\\\/\"},\"sameAs\":[\"https:\\\/\\\/www.facebook.com\\\/search\\\/top?q=gruporesansil\",\"https:\\\/\\\/x.com\\\/gruporesansil\",\"https:\\\/\\\/www.instagram.com\\\/gruporesansil\\\/\",\"https:\\\/\\\/www.linkedin.com\\\/company\\\/resansil-inc.\\\/\"]}]}<\/script>\n<!-- \/ Yoast SEO plugin. -->","yoast_head_json":{"title":"\u00c1rea de Clientes - Resansil","robots":{"index":"index","follow":"follow","max-snippet":"max-snippet:-1","max-image-preview":"max-image-preview:large","max-video-preview":"max-video-preview:-1"},"canonical":"https:\/\/www.resansil.com\/de\/area-de-clientes\/","og_locale":"de_DE","og_type":"article","og_title":"\u00c1rea de Clientes - Resansil","og_description":"\u00c1REA DE CLIENTES Su contacto directo con Resansil \u00bfEs cliente de resansil? Gestione aqu\u00ed sus solicitudes o consultas de: Repuestos Servicio T\u00e9cnico (reparaciones &#8211; mantenimientos) Asesor\u00eda de nuestros Ingenieros de Aplicaci\u00f3n Consultas t\u00e9cnicas Entrenamiento Por favor ingrese con su login a nuestro Sistema de Atenci\u00f3n a Clientes Resansil Sistema de Atenci\u00f3n al Cliente M\u00e1s informaci\u00f3n [&hellip;]","og_url":"https:\/\/www.resansil.com\/de\/area-de-clientes\/","og_site_name":"Resansil","article_publisher":"https:\/\/www.facebook.com\/search\/top?q=gruporesansil","article_modified_time":"2023-12-15T20:33:05+00:00","twitter_card":"summary_large_image","twitter_site":"@gruporesansil","twitter_misc":{"Gesch\u00e4tzte Lesezeit":"1\u00a0Minute"},"schema":{"@context":"https:\/\/schema.org","@graph":[{"@type":"WebPage","@id":"https:\/\/www.resansil.com\/area-de-clientes\/","url":"https:\/\/www.resansil.com\/area-de-clientes\/","name":"\u00c1rea de Clientes - Resansil","isPartOf":{"@id":"https:\/\/www.resansil.com\/#website"},"datePublished":"2023-07-22T18:35:32+00:00","dateModified":"2023-12-15T20:33:05+00:00","breadcrumb":{"@id":"https:\/\/www.resansil.com\/area-de-clientes\/#breadcrumb"},"inLanguage":"de","potentialAction":[{"@type":"ReadAction","target":["https:\/\/www.resansil.com\/area-de-clientes\/"]}]},{"@type":"BreadcrumbList","@id":"https:\/\/www.resansil.com\/area-de-clientes\/#breadcrumb","itemListElement":[{"@type":"ListItem","position":1,"name":"Home","item":"https:\/\/www.resansil.com\/"},{"@type":"ListItem","position":2,"name":"\u00c1rea de Clientes"}]},{"@type":"WebSite","@id":"https:\/\/www.resansil.com\/#website","url":"https:\/\/www.resansil.com\/","name":"Resansil","description":"Maquinaria e Ingener&iacute;a de Aplicaci&oacute;n","publisher":{"@id":"https:\/\/www.resansil.com\/#organization"},"potentialAction":[{"@type":"SearchAction","target":{"@type":"EntryPoint","urlTemplate":"https:\/\/www.resansil.com\/?s={search_term_string}"},"query-input":{"@type":"PropertyValueSpecification","valueRequired":true,"valueName":"search_term_string"}}],"inLanguage":"de"},{"@type":"Organization","@id":"https:\/\/www.resansil.com\/#organization","name":"Resansil","url":"https:\/\/www.resansil.com\/","logo":{"@type":"ImageObject","inLanguage":"de","@id":"https:\/\/www.resansil.com\/#\/schema\/logo\/image\/","url":"https:\/\/www.resansil.com\/wp-content\/uploads\/RESANSIL-LOGO-2025_web.png","contentUrl":"https:\/\/www.resansil.com\/wp-content\/uploads\/RESANSIL-LOGO-2025_web.png","width":285,"height":174,"caption":"Resansil"},"image":{"@id":"https:\/\/www.resansil.com\/#\/schema\/logo\/image\/"},"sameAs":["https:\/\/www.facebook.com\/search\/top?q=gruporesansil","https:\/\/x.com\/gruporesansil","https:\/\/www.instagram.com\/gruporesansil\/","https:\/\/www.linkedin.com\/company\/resansil-inc.\/"]}]}},"_links":{"self":[{"href":"https:\/\/www.resansil.com\/de\/wp-json\/wp\/v2\/pages\/6142","targetHints":{"allow":["GET"]}}],"collection":[{"href":"https:\/\/www.resansil.com\/de\/wp-json\/wp\/v2\/pages"}],"about":[{"href":"https:\/\/www.resansil.com\/de\/wp-json\/wp\/v2\/types\/page"}],"author":[{"embeddable":true,"href":"https:\/\/www.resansil.com\/de\/wp-json\/wp\/v2\/users\/10"}],"replies":[{"embeddable":true,"href":"https:\/\/www.resansil.com\/de\/wp-json\/wp\/v2\/comments?post=6142"}],"version-history":[{"count":23,"href":"https:\/\/www.resansil.com\/de\/wp-json\/wp\/v2\/pages\/6142\/revisions"}],"predecessor-version":[{"id":8301,"href":"https:\/\/www.resansil.com\/de\/wp-json\/wp\/v2\/pages\/6142\/revisions\/8301"}],"wp:attachment":[{"href":"https:\/\/www.resansil.com\/de\/wp-json\/wp\/v2\/media?parent=6142"}],"curies":[{"name":"wp","href":"https:\/\/api.w.org\/{rel}","templated":true}]}}