{"id":7568,"date":"2023-08-30T09:15:59","date_gmt":"2023-08-30T13:15:59","guid":{"rendered":"https:\/\/www.resansil.com\/?page_id=7568"},"modified":"2023-08-30T09:22:40","modified_gmt":"2023-08-30T13:22:40","slug":"rodillos-neumaticos-hamm-serie-hd","status":"publish","type":"page","link":"https:\/\/www.resansil.com\/de\/rodillos-neumaticos-hamm-serie-hd\/","title":{"rendered":"Rodillos Neum\u00e1ticos HAMM &#8211; Serie HP"},"content":{"rendered":"<div class=\"wp-block-essential-blocks-row alignfull\"><div class=\"eb-parent-wrapper eb-parent-eb-row-1nq2o1g\"><div class=\"eb-row-root-container eb-row-1nq2o1g\" data-id=\"eb-row-1nq2o1g\"><div class=\"eb-row-wrapper\"><div class=\"eb-row-inner\">\n<div class=\"eb-parent-wrapper eb-parent-eb-column-1szep1j  wp-block-essential-blocks-column\"><div class=\"eb-column-wrapper eb-column-1szep1j\"><div class=\"eb-column-inner\">\n<figure class=\"wp-block-image alignright size-full\"><img fetchpriority=\"high\" decoding=\"async\" width=\"260\" height=\"194\" src=\"https:\/\/www.resansil.com\/wp-content\/uploads\/hamm-hp-4.jpg\" alt=\"\" class=\"wp-image-7579\" srcset=\"https:\/\/www.resansil.com\/wp-content\/uploads\/hamm-hp-4.jpg 260w, https:\/\/www.resansil.com\/wp-content\/uploads\/hamm-hp-4-16x12.webp 16w\" sizes=\"(max-width: 260px) 100vw, 260px\" \/><\/figure>\n<\/div><\/div><\/div>\n\n\n\n<div class=\"eb-parent-wrapper eb-parent-eb-column-66akny7  wp-block-essential-blocks-column\"><div class=\"eb-column-wrapper eb-column-66akny7\"><div class=\"eb-column-inner\"><\/div><\/div><\/div>\n<\/div><\/div><\/div><\/div><\/div>\n\n\n\n<div class=\"wp-block-essential-blocks-row alignfull\"><div class=\"eb-parent-wrapper eb-parent-eb-row-s2h7ajy\"><div class=\"eb-row-root-container eb-row-s2h7ajy\" data-id=\"eb-row-s2h7ajy\"><div class=\"eb-row-wrapper\"><div class=\"eb-row-inner\"><\/div><\/div><\/div><\/div><\/div>\n\n\n\n<figure class=\"wp-block-table aligncenter is-style-stripes\"><table class=\"has-fixed-layout\"><tbody><tr><td class=\"has-text-align-center\" data-align=\"center\"><strong>Modell<\/strong><\/td><td class=\"has-text-align-center\" data-align=\"center\"><strong>Gewicht Kg<\/strong><\/td><td class=\"has-text-align-center\" data-align=\"center\"><strong>Anchura sobre Neum\u00e1ticos mm<\/strong><\/td><\/tr><tr><td class=\"has-text-align-center\" data-align=\"center\"><strong>HP 180<\/strong><\/td><td class=\"has-text-align-center\" data-align=\"center\">8505<\/td><td class=\"has-text-align-center\" data-align=\"center\">1830<\/td><\/tr><tr><td class=\"has-text-align-center\" data-align=\"center\"><strong>HP 280<\/strong><\/td><td class=\"has-text-align-center\" data-align=\"center\">9480<\/td><td class=\"has-text-align-center\" data-align=\"center\">1830<\/td><\/tr><\/tbody><\/table><\/figure>\n\n\n\n<h3 class=\"wp-block-heading\">Solicitar cotizaci\u00f3n<\/h3>","protected":false},"excerpt":{"rendered":"<p>Modelo Peso Kg Anchura sobre Neum\u00e1ticos mm HP 180 8505 1830 HP 280 9480 1830 Solicitar cotizaci\u00f3n<\/p>","protected":false},"author":10,"featured_media":0,"parent":0,"menu_order":0,"comment_status":"closed","ping_status":"closed","template":"","meta":{"_eb_attr":"","footnotes":""},"class_list":["post-7568","page","type-page","status-publish","hentry"],"yoast_head":"<!-- This site is optimized with the Yoast SEO plugin v27.5 - https:\/\/yoast.com\/product\/yoast-seo-wordpress\/ -->\n<title>Rodillos Neum\u00e1ticos HAMM - Serie HP - Resansil<\/title>\n<meta name=\"robots\" content=\"index, follow, max-snippet:-1, max-image-preview:large, max-video-preview:-1\" \/>\n<link rel=\"canonical\" href=\"https:\/\/www.resansil.com\/de\/rodillos-neumaticos-hamm-serie-hd\/\" \/>\n<meta property=\"og:locale\" content=\"de_DE\" \/>\n<meta property=\"og:type\" content=\"article\" \/>\n<meta property=\"og:title\" content=\"Rodillos Neum\u00e1ticos HAMM - Serie HP - Resansil\" \/>\n<meta property=\"og:description\" content=\"Modelo Peso Kg Anchura sobre Neum\u00e1ticos mm HP 180 8505 1830 HP 280 9480 1830 Solicitar cotizaci\u00f3n\" \/>\n<meta property=\"og:url\" content=\"https:\/\/www.resansil.com\/de\/rodillos-neumaticos-hamm-serie-hd\/\" \/>\n<meta property=\"og:site_name\" content=\"Resansil\" \/>\n<meta property=\"article:publisher\" content=\"https:\/\/www.facebook.com\/search\/top?q=gruporesansil\" \/>\n<meta property=\"article:modified_time\" content=\"2023-08-30T13:22:40+00:00\" \/>\n<meta property=\"og:image\" content=\"https:\/\/www.resansil.com\/wp-content\/uploads\/hamm-hp-4.jpg\" \/>\n<meta name=\"twitter:card\" content=\"summary_large_image\" \/>\n<meta name=\"twitter:site\" content=\"@gruporesansil\" \/>\n<meta name=\"twitter:label1\" content=\"Gesch\u00e4tzte Lesezeit\" \/>\n\t<meta name=\"twitter:data1\" content=\"1\u00a0Minute\" \/>\n<script type=\"application\/ld+json\" class=\"yoast-schema-graph\">{\"@context\":\"https:\\\/\\\/schema.org\",\"@graph\":[{\"@type\":\"WebPage\",\"@id\":\"https:\\\/\\\/www.resansil.com\\\/rodillos-neumaticos-hamm-serie-hd\\\/\",\"url\":\"https:\\\/\\\/www.resansil.com\\\/rodillos-neumaticos-hamm-serie-hd\\\/\",\"name\":\"Rodillos Neum\u00e1ticos HAMM - Serie HP - Resansil\",\"isPartOf\":{\"@id\":\"https:\\\/\\\/www.resansil.com\\\/#website\"},\"primaryImageOfPage\":{\"@id\":\"https:\\\/\\\/www.resansil.com\\\/rodillos-neumaticos-hamm-serie-hd\\\/#primaryimage\"},\"image\":{\"@id\":\"https:\\\/\\\/www.resansil.com\\\/rodillos-neumaticos-hamm-serie-hd\\\/#primaryimage\"},\"thumbnailUrl\":\"https:\\\/\\\/www.resansil.com\\\/wp-content\\\/uploads\\\/hamm-hp-4.jpg\",\"datePublished\":\"2023-08-30T13:15:59+00:00\",\"dateModified\":\"2023-08-30T13:22:40+00:00\",\"breadcrumb\":{\"@id\":\"https:\\\/\\\/www.resansil.com\\\/rodillos-neumaticos-hamm-serie-hd\\\/#breadcrumb\"},\"inLanguage\":\"de\",\"potentialAction\":[{\"@type\":\"ReadAction\",\"target\":[\"https:\\\/\\\/www.resansil.com\\\/rodillos-neumaticos-hamm-serie-hd\\\/\"]}]},{\"@type\":\"ImageObject\",\"inLanguage\":\"de\",\"@id\":\"https:\\\/\\\/www.resansil.com\\\/rodillos-neumaticos-hamm-serie-hd\\\/#primaryimage\",\"url\":\"https:\\\/\\\/www.resansil.com\\\/wp-content\\\/uploads\\\/hamm-hp-4.jpg\",\"contentUrl\":\"https:\\\/\\\/www.resansil.com\\\/wp-content\\\/uploads\\\/hamm-hp-4.jpg\"},{\"@type\":\"BreadcrumbList\",\"@id\":\"https:\\\/\\\/www.resansil.com\\\/rodillos-neumaticos-hamm-serie-hd\\\/#breadcrumb\",\"itemListElement\":[{\"@type\":\"ListItem\",\"position\":1,\"name\":\"Home\",\"item\":\"https:\\\/\\\/www.resansil.com\\\/\"},{\"@type\":\"ListItem\",\"position\":2,\"name\":\"Rodillos Neum\u00e1ticos HAMM &#8211; Serie HP\"}]},{\"@type\":\"WebSite\",\"@id\":\"https:\\\/\\\/www.resansil.com\\\/#website\",\"url\":\"https:\\\/\\\/www.resansil.com\\\/\",\"name\":\"Resansil\",\"description\":\"Maquinaria e Ingener&iacute;a de Aplicaci&oacute;n\",\"publisher\":{\"@id\":\"https:\\\/\\\/www.resansil.com\\\/#organization\"},\"potentialAction\":[{\"@type\":\"SearchAction\",\"target\":{\"@type\":\"EntryPoint\",\"urlTemplate\":\"https:\\\/\\\/www.resansil.com\\\/?s={search_term_string}\"},\"query-input\":{\"@type\":\"PropertyValueSpecification\",\"valueRequired\":true,\"valueName\":\"search_term_string\"}}],\"inLanguage\":\"de\"},{\"@type\":\"Organization\",\"@id\":\"https:\\\/\\\/www.resansil.com\\\/#organization\",\"name\":\"Resansil\",\"url\":\"https:\\\/\\\/www.resansil.com\\\/\",\"logo\":{\"@type\":\"ImageObject\",\"inLanguage\":\"de\",\"@id\":\"https:\\\/\\\/www.resansil.com\\\/#\\\/schema\\\/logo\\\/image\\\/\",\"url\":\"https:\\\/\\\/www.resansil.com\\\/wp-content\\\/uploads\\\/RESANSIL-LOGO-2025_web.png\",\"contentUrl\":\"https:\\\/\\\/www.resansil.com\\\/wp-content\\\/uploads\\\/RESANSIL-LOGO-2025_web.png\",\"width\":285,\"height\":174,\"caption\":\"Resansil\"},\"image\":{\"@id\":\"https:\\\/\\\/www.resansil.com\\\/#\\\/schema\\\/logo\\\/image\\\/\"},\"sameAs\":[\"https:\\\/\\\/www.facebook.com\\\/search\\\/top?q=gruporesansil\",\"https:\\\/\\\/x.com\\\/gruporesansil\",\"https:\\\/\\\/www.instagram.com\\\/gruporesansil\\\/\",\"https:\\\/\\\/www.linkedin.com\\\/company\\\/resansil-inc.\\\/\"]}]}<\/script>\n<!-- \/ Yoast SEO plugin. -->","yoast_head_json":{"title":"Rodillos Neum\u00e1ticos HAMM - Serie HP - Resansil","robots":{"index":"index","follow":"follow","max-snippet":"max-snippet:-1","max-image-preview":"max-image-preview:large","max-video-preview":"max-video-preview:-1"},"canonical":"https:\/\/www.resansil.com\/de\/rodillos-neumaticos-hamm-serie-hd\/","og_locale":"de_DE","og_type":"article","og_title":"Rodillos Neum\u00e1ticos HAMM - Serie HP - Resansil","og_description":"Modelo Peso Kg Anchura sobre Neum\u00e1ticos mm HP 180 8505 1830 HP 280 9480 1830 Solicitar cotizaci\u00f3n","og_url":"https:\/\/www.resansil.com\/de\/rodillos-neumaticos-hamm-serie-hd\/","og_site_name":"Resansil","article_publisher":"https:\/\/www.facebook.com\/search\/top?q=gruporesansil","article_modified_time":"2023-08-30T13:22:40+00:00","og_image":[{"url":"https:\/\/www.resansil.com\/wp-content\/uploads\/hamm-hp-4.jpg","type":"","width":"","height":""}],"twitter_card":"summary_large_image","twitter_site":"@gruporesansil","twitter_misc":{"Gesch\u00e4tzte Lesezeit":"1\u00a0Minute"},"schema":{"@context":"https:\/\/schema.org","@graph":[{"@type":"WebPage","@id":"https:\/\/www.resansil.com\/rodillos-neumaticos-hamm-serie-hd\/","url":"https:\/\/www.resansil.com\/rodillos-neumaticos-hamm-serie-hd\/","name":"Rodillos Neum\u00e1ticos HAMM - Serie HP - Resansil","isPartOf":{"@id":"https:\/\/www.resansil.com\/#website"},"primaryImageOfPage":{"@id":"https:\/\/www.resansil.com\/rodillos-neumaticos-hamm-serie-hd\/#primaryimage"},"image":{"@id":"https:\/\/www.resansil.com\/rodillos-neumaticos-hamm-serie-hd\/#primaryimage"},"thumbnailUrl":"https:\/\/www.resansil.com\/wp-content\/uploads\/hamm-hp-4.jpg","datePublished":"2023-08-30T13:15:59+00:00","dateModified":"2023-08-30T13:22:40+00:00","breadcrumb":{"@id":"https:\/\/www.resansil.com\/rodillos-neumaticos-hamm-serie-hd\/#breadcrumb"},"inLanguage":"de","potentialAction":[{"@type":"ReadAction","target":["https:\/\/www.resansil.com\/rodillos-neumaticos-hamm-serie-hd\/"]}]},{"@type":"ImageObject","inLanguage":"de","@id":"https:\/\/www.resansil.com\/rodillos-neumaticos-hamm-serie-hd\/#primaryimage","url":"https:\/\/www.resansil.com\/wp-content\/uploads\/hamm-hp-4.jpg","contentUrl":"https:\/\/www.resansil.com\/wp-content\/uploads\/hamm-hp-4.jpg"},{"@type":"BreadcrumbList","@id":"https:\/\/www.resansil.com\/rodillos-neumaticos-hamm-serie-hd\/#breadcrumb","itemListElement":[{"@type":"ListItem","position":1,"name":"Home","item":"https:\/\/www.resansil.com\/"},{"@type":"ListItem","position":2,"name":"Rodillos Neum\u00e1ticos HAMM &#8211; Serie HP"}]},{"@type":"WebSite","@id":"https:\/\/www.resansil.com\/#website","url":"https:\/\/www.resansil.com\/","name":"Resansil","description":"Maquinaria e Ingener&iacute;a de Aplicaci&oacute;n","publisher":{"@id":"https:\/\/www.resansil.com\/#organization"},"potentialAction":[{"@type":"SearchAction","target":{"@type":"EntryPoint","urlTemplate":"https:\/\/www.resansil.com\/?s={search_term_string}"},"query-input":{"@type":"PropertyValueSpecification","valueRequired":true,"valueName":"search_term_string"}}],"inLanguage":"de"},{"@type":"Organization","@id":"https:\/\/www.resansil.com\/#organization","name":"Resansil","url":"https:\/\/www.resansil.com\/","logo":{"@type":"ImageObject","inLanguage":"de","@id":"https:\/\/www.resansil.com\/#\/schema\/logo\/image\/","url":"https:\/\/www.resansil.com\/wp-content\/uploads\/RESANSIL-LOGO-2025_web.png","contentUrl":"https:\/\/www.resansil.com\/wp-content\/uploads\/RESANSIL-LOGO-2025_web.png","width":285,"height":174,"caption":"Resansil"},"image":{"@id":"https:\/\/www.resansil.com\/#\/schema\/logo\/image\/"},"sameAs":["https:\/\/www.facebook.com\/search\/top?q=gruporesansil","https:\/\/x.com\/gruporesansil","https:\/\/www.instagram.com\/gruporesansil\/","https:\/\/www.linkedin.com\/company\/resansil-inc.\/"]}]}},"_links":{"self":[{"href":"https:\/\/www.resansil.com\/de\/wp-json\/wp\/v2\/pages\/7568","targetHints":{"allow":["GET"]}}],"collection":[{"href":"https:\/\/www.resansil.com\/de\/wp-json\/wp\/v2\/pages"}],"about":[{"href":"https:\/\/www.resansil.com\/de\/wp-json\/wp\/v2\/types\/page"}],"author":[{"embeddable":true,"href":"https:\/\/www.resansil.com\/de\/wp-json\/wp\/v2\/users\/10"}],"replies":[{"embeddable":true,"href":"https:\/\/www.resansil.com\/de\/wp-json\/wp\/v2\/comments?post=7568"}],"version-history":[{"count":5,"href":"https:\/\/www.resansil.com\/de\/wp-json\/wp\/v2\/pages\/7568\/revisions"}],"predecessor-version":[{"id":7580,"href":"https:\/\/www.resansil.com\/de\/wp-json\/wp\/v2\/pages\/7568\/revisions\/7580"}],"wp:attachment":[{"href":"https:\/\/www.resansil.com\/de\/wp-json\/wp\/v2\/media?parent=7568"}],"curies":[{"name":"wp","href":"https:\/\/api.w.org\/{rel}","templated":true}]}}