{"id":9269,"date":"2024-06-19T11:21:25","date_gmt":"2024-06-19T15:21:25","guid":{"rendered":"https:\/\/www.resansil.com\/?page_id=9269"},"modified":"2024-06-19T11:21:29","modified_gmt":"2024-06-19T15:21:29","slug":"distribuidores-de-asfalto","status":"publish","type":"page","link":"https:\/\/www.resansil.com\/de\/distribuidores-de-asfalto\/","title":{"rendered":"ASPHALTVERTEILER"},"content":{"rendered":"<div data-elementor-type=\"wp-page\" data-elementor-id=\"9269\" class=\"elementor elementor-9269\" data-elementor-post-type=\"page\">\n\t\t\t\t<div class=\"elementor-element elementor-element-494940c e-con-full e-flex e-con e-parent\" data-id=\"494940c\" data-element_type=\"container\" data-e-type=\"container\" data-settings=\"{&quot;background_background&quot;:&quot;classic&quot;}\">\n\t\t\t\t<div class=\"elementor-element elementor-element-c20cf6f elementor-widget__width-initial elementor-widget elementor-widget-image-box\" data-id=\"c20cf6f\" data-element_type=\"widget\" data-e-type=\"widget\" data-widget_type=\"image-box.default\">\n\t\t\t\t<div class=\"elementor-widget-container\">\n\t\t\t\t\t<div class=\"elementor-image-box-wrapper\"><div class=\"elementor-image-box-content\"><h3 class=\"elementor-image-box-title\">ASPHALTVERTEILER<\/h3><p class=\"elementor-image-box-description\">Asphaltverteiler sind ein wesentlicher Bestandteil des Stra\u00dfenbaus f\u00fcr Stra\u00dfeninstandhaltungsteams. Asphaltverteiler sind so konstruiert, dass sie sorgf\u00e4ltig zwischen 1.000 und 4.500 Gallonen fl\u00fcssigen Asphalt auf jede Stra\u00dfenoberfl\u00e4che oder jedes Gel\u00e4nde aufspr\u00fchen k\u00f6nnen.<\/p><\/div><\/div>\t\t\t\t<\/div>\n\t\t\t\t<\/div>\n\t\t\t\t<\/div>\n\t\t<div class=\"elementor-element elementor-element-b662fb0 e-flex e-con-boxed e-con e-parent\" data-id=\"b662fb0\" data-element_type=\"container\" data-e-type=\"container\">\n\t\t\t\t\t<div class=\"e-con-inner\">\n\t\t\t\t<div class=\"elementor-element elementor-element-ce9d0f3 elementor-widget elementor-widget-video\" data-id=\"ce9d0f3\" data-element_type=\"widget\" data-e-type=\"widget\" data-settings=\"{&quot;youtube_url&quot;:&quot;https:\\\/\\\/www.youtube.com\\\/watch?v=FvgygW_H4T8&amp;t=16s&quot;,&quot;video_type&quot;:&quot;youtube&quot;,&quot;controls&quot;:&quot;yes&quot;}\" data-widget_type=\"video.default\">\n\t\t\t\t<div class=\"elementor-widget-container\">\n\t\t\t\t\t\t\t<div class=\"elementor-wrapper elementor-open-inline\">\n\t\t\t<div class=\"elementor-video\"><\/div>\t\t<\/div>\n\t\t\t\t\t\t<\/div>\n\t\t\t\t<\/div>\n\t\t\t\t\t<\/div>\n\t\t\t\t<\/div>\n\t\t<div class=\"elementor-element elementor-element-0d4061d e-flex e-con-boxed e-con e-parent\" data-id=\"0d4061d\" data-element_type=\"container\" data-e-type=\"container\">\n\t\t\t\t\t<div class=\"e-con-inner\">\n\t\t\t\t<div class=\"elementor-element elementor-element-da93c7c elementor-widget elementor-widget-image\" data-id=\"da93c7c\" data-element_type=\"widget\" data-e-type=\"widget\" data-widget_type=\"image.default\">\n\t\t\t\t<div class=\"elementor-widget-container\">\n\t\t\t\t\t\t\t\t\t\t\t\t\t\t\t<img fetchpriority=\"high\" decoding=\"async\" width=\"800\" height=\"601\" src=\"https:\/\/www.resansil.com\/wp-content\/uploads\/Etnyre-1-1024x769.jpg\" class=\"attachment-large size-large wp-image-9273\" alt=\"\" srcset=\"https:\/\/www.resansil.com\/wp-content\/uploads\/Etnyre-1-1024x769.jpg 1024w, https:\/\/www.resansil.com\/wp-content\/uploads\/Etnyre-1-300x225.jpg 300w, https:\/\/www.resansil.com\/wp-content\/uploads\/Etnyre-1-768x576.jpg 768w, https:\/\/www.resansil.com\/wp-content\/uploads\/Etnyre-1-1536x1153.jpg 1536w, https:\/\/www.resansil.com\/wp-content\/uploads\/Etnyre-1-16x12.jpg 16w, https:\/\/www.resansil.com\/wp-content\/uploads\/Etnyre-1.jpg 1920w\" sizes=\"(max-width: 800px) 100vw, 800px\" \/>\t\t\t\t\t\t\t\t\t\t\t\t\t\t\t<\/div>\n\t\t\t\t<\/div>\n\t\t\t\t<div class=\"elementor-element elementor-element-3c6bd31 elementor-align-center elementor-widget elementor-widget-button\" data-id=\"3c6bd31\" data-element_type=\"widget\" data-e-type=\"widget\" data-widget_type=\"button.default\">\n\t\t\t\t<div class=\"elementor-widget-container\">\n\t\t\t\t\t\t\t\t\t<div class=\"elementor-button-wrapper\">\n\t\t\t\t\t<a class=\"elementor-button elementor-button-link elementor-size-sm\" href=\"https:\/\/etnyre.com\/es\/distribuidores-de-asfalto\/\" target=\"_blank\">\n\t\t\t\t\t\t<span class=\"elementor-button-content-wrapper\">\n\t\t\t\t\t\t\t\t\t<span class=\"elementor-button-text\">Etnyre Schwarzer Asphaltverteiler - Topper<\/span>\n\t\t\t\t\t<\/span>\n\t\t\t\t\t<\/a>\n\t\t\t\t<\/div>\n\t\t\t\t\t\t\t\t<\/div>\n\t\t\t\t<\/div>\n\t\t\t\t\t<\/div>\n\t\t\t\t<\/div>\n\t\t\t\t<\/div>","protected":false},"excerpt":{"rendered":"<p>DISTRIBUIDORES DE ASFALTO Los distribuidores de asfalto son una parte esencial de la pavimentaci\u00f3n de carreteras para los equipos de mantenimiento de carreteras. Los distribuidores de asfalto est\u00e1n dise\u00f1ados de forma exclusiva para rociar cuidadosamente entre 1.000 y 4.500 galones de asfalto l\u00edquido sobre cualquier superficie de carretera o terreno. Distribuidor de asfalto Etnyre Black [&hellip;]<\/p>\n","protected":false},"author":3,"featured_media":0,"parent":0,"menu_order":0,"comment_status":"closed","ping_status":"closed","template":"","meta":{"_eb_attr":"","footnotes":""},"class_list":["post-9269","page","type-page","status-publish","hentry"],"yoast_head":"<!-- This site is optimized with the Yoast SEO plugin v27.4 - https:\/\/yoast.com\/product\/yoast-seo-wordpress\/ -->\n<title>DISTRIBUIDORES DE ASFALTO - Resansil<\/title>\n<meta name=\"robots\" content=\"index, follow, max-snippet:-1, max-image-preview:large, max-video-preview:-1\" \/>\n<link rel=\"canonical\" href=\"https:\/\/www.resansil.com\/de\/distribuidores-de-asfalto\/\" \/>\n<meta property=\"og:locale\" content=\"de_DE\" \/>\n<meta property=\"og:type\" content=\"article\" \/>\n<meta property=\"og:title\" content=\"DISTRIBUIDORES DE ASFALTO - Resansil\" \/>\n<meta property=\"og:description\" content=\"DISTRIBUIDORES DE ASFALTO Los distribuidores de asfalto son una parte esencial de la pavimentaci\u00f3n de carreteras para los equipos de mantenimiento de carreteras. Los distribuidores de asfalto est\u00e1n dise\u00f1ados de forma exclusiva para rociar cuidadosamente entre 1.000 y 4.500 galones de asfalto l\u00edquido sobre cualquier superficie de carretera o terreno. Distribuidor de asfalto Etnyre Black [&hellip;]\" \/>\n<meta property=\"og:url\" content=\"https:\/\/www.resansil.com\/de\/distribuidores-de-asfalto\/\" \/>\n<meta property=\"og:site_name\" content=\"Resansil\" \/>\n<meta property=\"article:publisher\" content=\"https:\/\/www.facebook.com\/search\/top?q=gruporesansil\" \/>\n<meta property=\"article:modified_time\" content=\"2024-06-19T15:21:29+00:00\" \/>\n<meta property=\"og:image\" content=\"https:\/\/www.resansil.com\/wp-content\/uploads\/Etnyre-1-1024x769.jpg\" \/>\n<meta name=\"twitter:card\" content=\"summary_large_image\" \/>\n<meta name=\"twitter:site\" content=\"@gruporesansil\" \/>\n<meta name=\"twitter:label1\" content=\"Gesch\u00e4tzte Lesezeit\" \/>\n\t<meta name=\"twitter:data1\" content=\"1\u00a0Minute\" \/>\n<script type=\"application\/ld+json\" class=\"yoast-schema-graph\">{\"@context\":\"https:\\\/\\\/schema.org\",\"@graph\":[{\"@type\":\"WebPage\",\"@id\":\"https:\\\/\\\/www.resansil.com\\\/distribuidores-de-asfalto\\\/\",\"url\":\"https:\\\/\\\/www.resansil.com\\\/distribuidores-de-asfalto\\\/\",\"name\":\"DISTRIBUIDORES DE ASFALTO - Resansil\",\"isPartOf\":{\"@id\":\"https:\\\/\\\/www.resansil.com\\\/#website\"},\"primaryImageOfPage\":{\"@id\":\"https:\\\/\\\/www.resansil.com\\\/distribuidores-de-asfalto\\\/#primaryimage\"},\"image\":{\"@id\":\"https:\\\/\\\/www.resansil.com\\\/distribuidores-de-asfalto\\\/#primaryimage\"},\"thumbnailUrl\":\"https:\\\/\\\/www.resansil.com\\\/wp-content\\\/uploads\\\/Etnyre-1-1024x769.jpg\",\"datePublished\":\"2024-06-19T15:21:25+00:00\",\"dateModified\":\"2024-06-19T15:21:29+00:00\",\"breadcrumb\":{\"@id\":\"https:\\\/\\\/www.resansil.com\\\/distribuidores-de-asfalto\\\/#breadcrumb\"},\"inLanguage\":\"de\",\"potentialAction\":[{\"@type\":\"ReadAction\",\"target\":[\"https:\\\/\\\/www.resansil.com\\\/distribuidores-de-asfalto\\\/\"]}]},{\"@type\":\"ImageObject\",\"inLanguage\":\"de\",\"@id\":\"https:\\\/\\\/www.resansil.com\\\/distribuidores-de-asfalto\\\/#primaryimage\",\"url\":\"https:\\\/\\\/www.resansil.com\\\/wp-content\\\/uploads\\\/Etnyre-1-1024x769.jpg\",\"contentUrl\":\"https:\\\/\\\/www.resansil.com\\\/wp-content\\\/uploads\\\/Etnyre-1-1024x769.jpg\"},{\"@type\":\"BreadcrumbList\",\"@id\":\"https:\\\/\\\/www.resansil.com\\\/distribuidores-de-asfalto\\\/#breadcrumb\",\"itemListElement\":[{\"@type\":\"ListItem\",\"position\":1,\"name\":\"Home\",\"item\":\"https:\\\/\\\/www.resansil.com\\\/\"},{\"@type\":\"ListItem\",\"position\":2,\"name\":\"DISTRIBUIDORES DE ASFALTO\"}]},{\"@type\":\"WebSite\",\"@id\":\"https:\\\/\\\/www.resansil.com\\\/#website\",\"url\":\"https:\\\/\\\/www.resansil.com\\\/\",\"name\":\"Resansil\",\"description\":\"Maquinaria e Ingener&iacute;a de Aplicaci&oacute;n\",\"publisher\":{\"@id\":\"https:\\\/\\\/www.resansil.com\\\/#organization\"},\"potentialAction\":[{\"@type\":\"SearchAction\",\"target\":{\"@type\":\"EntryPoint\",\"urlTemplate\":\"https:\\\/\\\/www.resansil.com\\\/?s={search_term_string}\"},\"query-input\":{\"@type\":\"PropertyValueSpecification\",\"valueRequired\":true,\"valueName\":\"search_term_string\"}}],\"inLanguage\":\"de\"},{\"@type\":\"Organization\",\"@id\":\"https:\\\/\\\/www.resansil.com\\\/#organization\",\"name\":\"Resansil\",\"url\":\"https:\\\/\\\/www.resansil.com\\\/\",\"logo\":{\"@type\":\"ImageObject\",\"inLanguage\":\"de\",\"@id\":\"https:\\\/\\\/www.resansil.com\\\/#\\\/schema\\\/logo\\\/image\\\/\",\"url\":\"https:\\\/\\\/www.resansil.com\\\/wp-content\\\/uploads\\\/RESANSIL-LOGO-2025_web.png\",\"contentUrl\":\"https:\\\/\\\/www.resansil.com\\\/wp-content\\\/uploads\\\/RESANSIL-LOGO-2025_web.png\",\"width\":285,\"height\":174,\"caption\":\"Resansil\"},\"image\":{\"@id\":\"https:\\\/\\\/www.resansil.com\\\/#\\\/schema\\\/logo\\\/image\\\/\"},\"sameAs\":[\"https:\\\/\\\/www.facebook.com\\\/search\\\/top?q=gruporesansil\",\"https:\\\/\\\/x.com\\\/gruporesansil\",\"https:\\\/\\\/www.instagram.com\\\/gruporesansil\\\/\",\"https:\\\/\\\/www.linkedin.com\\\/company\\\/resansil-inc.\\\/\"]}]}<\/script>\n<!-- \/ Yoast SEO plugin. -->","yoast_head_json":{"title":"DISTRIBUIDORES DE ASFALTO - Resansil","robots":{"index":"index","follow":"follow","max-snippet":"max-snippet:-1","max-image-preview":"max-image-preview:large","max-video-preview":"max-video-preview:-1"},"canonical":"https:\/\/www.resansil.com\/de\/distribuidores-de-asfalto\/","og_locale":"de_DE","og_type":"article","og_title":"DISTRIBUIDORES DE ASFALTO - Resansil","og_description":"DISTRIBUIDORES DE ASFALTO Los distribuidores de asfalto son una parte esencial de la pavimentaci\u00f3n de carreteras para los equipos de mantenimiento de carreteras. Los distribuidores de asfalto est\u00e1n dise\u00f1ados de forma exclusiva para rociar cuidadosamente entre 1.000 y 4.500 galones de asfalto l\u00edquido sobre cualquier superficie de carretera o terreno. Distribuidor de asfalto Etnyre Black [&hellip;]","og_url":"https:\/\/www.resansil.com\/de\/distribuidores-de-asfalto\/","og_site_name":"Resansil","article_publisher":"https:\/\/www.facebook.com\/search\/top?q=gruporesansil","article_modified_time":"2024-06-19T15:21:29+00:00","og_image":[{"url":"https:\/\/www.resansil.com\/wp-content\/uploads\/Etnyre-1-1024x769.jpg","type":"","width":"","height":""}],"twitter_card":"summary_large_image","twitter_site":"@gruporesansil","twitter_misc":{"Gesch\u00e4tzte Lesezeit":"1\u00a0Minute"},"schema":{"@context":"https:\/\/schema.org","@graph":[{"@type":"WebPage","@id":"https:\/\/www.resansil.com\/distribuidores-de-asfalto\/","url":"https:\/\/www.resansil.com\/distribuidores-de-asfalto\/","name":"DISTRIBUIDORES DE ASFALTO - Resansil","isPartOf":{"@id":"https:\/\/www.resansil.com\/#website"},"primaryImageOfPage":{"@id":"https:\/\/www.resansil.com\/distribuidores-de-asfalto\/#primaryimage"},"image":{"@id":"https:\/\/www.resansil.com\/distribuidores-de-asfalto\/#primaryimage"},"thumbnailUrl":"https:\/\/www.resansil.com\/wp-content\/uploads\/Etnyre-1-1024x769.jpg","datePublished":"2024-06-19T15:21:25+00:00","dateModified":"2024-06-19T15:21:29+00:00","breadcrumb":{"@id":"https:\/\/www.resansil.com\/distribuidores-de-asfalto\/#breadcrumb"},"inLanguage":"de","potentialAction":[{"@type":"ReadAction","target":["https:\/\/www.resansil.com\/distribuidores-de-asfalto\/"]}]},{"@type":"ImageObject","inLanguage":"de","@id":"https:\/\/www.resansil.com\/distribuidores-de-asfalto\/#primaryimage","url":"https:\/\/www.resansil.com\/wp-content\/uploads\/Etnyre-1-1024x769.jpg","contentUrl":"https:\/\/www.resansil.com\/wp-content\/uploads\/Etnyre-1-1024x769.jpg"},{"@type":"BreadcrumbList","@id":"https:\/\/www.resansil.com\/distribuidores-de-asfalto\/#breadcrumb","itemListElement":[{"@type":"ListItem","position":1,"name":"Home","item":"https:\/\/www.resansil.com\/"},{"@type":"ListItem","position":2,"name":"DISTRIBUIDORES DE ASFALTO"}]},{"@type":"WebSite","@id":"https:\/\/www.resansil.com\/#website","url":"https:\/\/www.resansil.com\/","name":"Resansil","description":"Maquinaria e Ingener&iacute;a de Aplicaci&oacute;n","publisher":{"@id":"https:\/\/www.resansil.com\/#organization"},"potentialAction":[{"@type":"SearchAction","target":{"@type":"EntryPoint","urlTemplate":"https:\/\/www.resansil.com\/?s={search_term_string}"},"query-input":{"@type":"PropertyValueSpecification","valueRequired":true,"valueName":"search_term_string"}}],"inLanguage":"de"},{"@type":"Organization","@id":"https:\/\/www.resansil.com\/#organization","name":"Resansil","url":"https:\/\/www.resansil.com\/","logo":{"@type":"ImageObject","inLanguage":"de","@id":"https:\/\/www.resansil.com\/#\/schema\/logo\/image\/","url":"https:\/\/www.resansil.com\/wp-content\/uploads\/RESANSIL-LOGO-2025_web.png","contentUrl":"https:\/\/www.resansil.com\/wp-content\/uploads\/RESANSIL-LOGO-2025_web.png","width":285,"height":174,"caption":"Resansil"},"image":{"@id":"https:\/\/www.resansil.com\/#\/schema\/logo\/image\/"},"sameAs":["https:\/\/www.facebook.com\/search\/top?q=gruporesansil","https:\/\/x.com\/gruporesansil","https:\/\/www.instagram.com\/gruporesansil\/","https:\/\/www.linkedin.com\/company\/resansil-inc.\/"]}]}},"_links":{"self":[{"href":"https:\/\/www.resansil.com\/de\/wp-json\/wp\/v2\/pages\/9269","targetHints":{"allow":["GET"]}}],"collection":[{"href":"https:\/\/www.resansil.com\/de\/wp-json\/wp\/v2\/pages"}],"about":[{"href":"https:\/\/www.resansil.com\/de\/wp-json\/wp\/v2\/types\/page"}],"author":[{"embeddable":true,"href":"https:\/\/www.resansil.com\/de\/wp-json\/wp\/v2\/users\/3"}],"replies":[{"embeddable":true,"href":"https:\/\/www.resansil.com\/de\/wp-json\/wp\/v2\/comments?post=9269"}],"version-history":[{"count":8,"href":"https:\/\/www.resansil.com\/de\/wp-json\/wp\/v2\/pages\/9269\/revisions"}],"predecessor-version":[{"id":9279,"href":"https:\/\/www.resansil.com\/de\/wp-json\/wp\/v2\/pages\/9269\/revisions\/9279"}],"wp:attachment":[{"href":"https:\/\/www.resansil.com\/de\/wp-json\/wp\/v2\/media?parent=9269"}],"curies":[{"name":"wp","href":"https:\/\/api.w.org\/{rel}","templated":true}]}}