{"id":1998,"date":"2017-06-22T12:59:25","date_gmt":"2017-06-22T16:59:25","guid":{"rendered":"http:\/\/tendenciasdigitales.com\/proyectos\/resansil\/?page_id=1998"},"modified":"2023-07-31T18:12:32","modified_gmt":"2023-07-31T22:12:32","slug":"actividades-aplicaciones","status":"publish","type":"page","link":"https:\/\/www.resansil.com\/en\/actividades-aplicaciones\/","title":{"rendered":"Activities"},"content":{"rendered":"<figure class=\"wp-block-image aligncenter\"><a href=\"https:\/\/www.resansil.com\/wp-content\/uploads\/2023\/01\/Foto-construccion-de-capas-bases-menu-inicial.jpg\"><img fetchpriority=\"high\" decoding=\"async\" width=\"300\" height=\"225\" src=\"https:\/\/www.resansil.com\/wp-content\/uploads\/2023\/01\/Foto-construccion-de-capas-bases-menu-inicial-300x225.jpg\" alt=\"\" class=\"wp-image-4186\" srcset=\"https:\/\/www.resansil.com\/wp-content\/uploads\/2023\/01\/Foto-construccion-de-capas-bases-menu-inicial-300x225.jpg 300w, https:\/\/www.resansil.com\/wp-content\/uploads\/2023\/01\/Foto-construccion-de-capas-bases-menu-inicial-768x576.jpg 768w, https:\/\/www.resansil.com\/wp-content\/uploads\/2023\/01\/Foto-construccion-de-capas-bases-menu-inicial.jpg 880w\" sizes=\"(max-width: 300px) 100vw, 300px\" \/><\/a><\/figure>\n\n\n\n<h5 class=\"wp-block-heading has-text-align-center\"><a href=\"https:\/\/www.resansil.com\/en\/actividades-aplicaciones\/construction-of-soils-and-rocks\/\">Vialidad &#8211; Costrucci\u00f3n y Mantenimiento<\/a><\/h5>\n\n\n\n<figure class=\"wp-block-image aligncenter\"><a href=\"https:\/\/www.resansil.com\/wp-content\/uploads\/2017\/08\/plantas-transportables-en-diseno-de-contenedores.jpg\"><img decoding=\"async\" width=\"300\" height=\"200\" src=\"https:\/\/www.resansil.com\/wp-content\/uploads\/2017\/08\/plantas-transportables-en-diseno-de-contenedores-300x200.jpg\" alt=\"\" class=\"wp-image-2858\" srcset=\"https:\/\/www.resansil.com\/wp-content\/uploads\/2017\/08\/plantas-transportables-en-diseno-de-contenedores-300x200.jpg 300w, https:\/\/www.resansil.com\/wp-content\/uploads\/2017\/08\/plantas-transportables-en-diseno-de-contenedores-600x400.jpg 600w, https:\/\/www.resansil.com\/wp-content\/uploads\/2017\/08\/plantas-transportables-en-diseno-de-contenedores-768x512.jpg 768w, https:\/\/www.resansil.com\/wp-content\/uploads\/2017\/08\/plantas-transportables-en-diseno-de-contenedores.jpg 880w\" sizes=\"(max-width: 300px) 100vw, 300px\" \/><\/a><\/figure>\n\n\n\n<h5 class=\"wp-block-heading has-text-align-center\"><a href=\"https:\/\/www.resansil.com\/en\/brands\/kleemann\/\">Pavement Production<\/a><\/h5>\n\n\n\n<figure class=\"wp-block-image aligncenter\"><a href=\"https:\/\/www.resansil.com\/wp-content\/uploads\/2023\/01\/turbosol-tb50t.webp\"><img decoding=\"async\" width=\"300\" height=\"209\" src=\"https:\/\/www.resansil.com\/wp-content\/uploads\/2023\/01\/turbosol-tb50t-300x209.webp\" alt=\"Turbosol TB50T\" class=\"wp-image-4744\" srcset=\"https:\/\/www.resansil.com\/wp-content\/uploads\/2023\/01\/turbosol-tb50t-300x209.webp 300w, https:\/\/www.resansil.com\/wp-content\/uploads\/2023\/01\/turbosol-tb50t.webp 672w\" sizes=\"(max-width: 300px) 100vw, 300px\" \/><\/a><figcaption class=\"wp-element-caption\"><strong><a href=\"https:\/\/www.resansil.com\/en\/brands\/menzi-muck-2\/\"><span style=\"color: revert; font-size: revert; font-weight: revert;\">Manejo de <\/span>Concreto<\/a><\/strong><\/figcaption><\/figure>\n\n\n\n<figure class=\"wp-block-image aligncenter\"><a href=\"https:\/\/www.resansil.com\/wp-content\/uploads\/2017\/10\/csm_typ-ar65e.jpg\"><img loading=\"lazy\" decoding=\"async\" width=\"300\" height=\"180\" src=\"https:\/\/www.resansil.com\/wp-content\/uploads\/2017\/10\/csm_typ-ar65e-300x180.jpg\" alt=\"\" class=\"wp-image-2643\" srcset=\"https:\/\/www.resansil.com\/wp-content\/uploads\/2017\/10\/csm_typ-ar65e-300x180.jpg 300w, https:\/\/www.resansil.com\/wp-content\/uploads\/2017\/10\/csm_typ-ar65e.jpg 500w\" sizes=\"(max-width: 300px) 100vw, 300px\" \/><\/a><\/figure>\n\n\n\n<h5 class=\"wp-block-heading has-text-align-center\"><a href=\"https:\/\/www.resansil.com\/en\/brands\/simem-2\/\">General Construction<\/a><\/h5>\n\n\n\n<figure class=\"wp-block-image aligncenter\"><a href=\"https:\/\/www.resansil.com\/wp-content\/uploads\/2023\/01\/Estabilizacion-de-suelos2.jpg\"><img loading=\"lazy\" decoding=\"async\" width=\"300\" height=\"225\" src=\"https:\/\/www.resansil.com\/wp-content\/uploads\/2023\/01\/Estabilizacion-de-suelos2-300x225.jpg\" alt=\"\" class=\"wp-image-4182\" srcset=\"https:\/\/www.resansil.com\/wp-content\/uploads\/2023\/01\/Estabilizacion-de-suelos2-300x225.jpg 300w, https:\/\/www.resansil.com\/wp-content\/uploads\/2023\/01\/Estabilizacion-de-suelos2-768x576.jpg 768w, https:\/\/www.resansil.com\/wp-content\/uploads\/2023\/01\/Estabilizacion-de-suelos2.jpg 880w\" sizes=\"(max-width: 300px) 100vw, 300px\" \/><\/a><\/figure>\n\n\n\n<h5 class=\"wp-block-heading has-text-align-center\"><a href=\"https:\/\/www.resansil.com\/en\/brands\/rubble-master\/\">Mining<\/a><\/h5>\n\n\n\n<figure class=\"wp-block-image aligncenter\"><a href=\"https:\/\/www.resansil.com\/wp-content\/uploads\/2018\/10\/RM-100GO-1.jpg\"><img loading=\"lazy\" decoding=\"async\" width=\"300\" height=\"190\" src=\"https:\/\/www.resansil.com\/wp-content\/uploads\/2018\/10\/RM-100GO-1-300x190.jpg\" alt=\"\" class=\"wp-image-3676\" srcset=\"https:\/\/www.resansil.com\/wp-content\/uploads\/2018\/10\/RM-100GO-1-300x190.jpg 300w, https:\/\/www.resansil.com\/wp-content\/uploads\/2018\/10\/RM-100GO-1.jpg 600w\" sizes=\"(max-width: 300px) 100vw, 300px\" \/><\/a><\/figure>\n\n\n\n<p class=\"has-text-align-center\"><strong><a href=\"https:\/\/www.resansil.com\/en\/brands\/rosenbauer\/\">Aggregates<\/a><\/strong><\/p>\n\n\n\n<h5 class=\"wp-block-heading\">&nbsp;<\/h5>\n\n\n\n<h5 class=\"wp-block-heading has-text-align-center\"><a href=\"https:\/\/www.resansil.com\/wp-content\/uploads\/2017\/11\/Rosenbauer-American-Dealer-Meeting-4_4.jpg\"><img loading=\"lazy\" decoding=\"async\" class=\"alignnone size-medium wp-image-3005\" src=\"https:\/\/www.resansil.com\/wp-content\/uploads\/2017\/11\/Rosenbauer-American-Dealer-Meeting-4_4-300x225.jpg\" alt=\"\" width=\"300\" height=\"225\" srcset=\"https:\/\/www.resansil.com\/wp-content\/uploads\/2017\/11\/Rosenbauer-American-Dealer-Meeting-4_4-300x225.jpg 300w, https:\/\/www.resansil.com\/wp-content\/uploads\/2017\/11\/Rosenbauer-American-Dealer-Meeting-4_4-600x450.jpg 600w, https:\/\/www.resansil.com\/wp-content\/uploads\/2017\/11\/Rosenbauer-American-Dealer-Meeting-4_4-768x576.jpg 768w, https:\/\/www.resansil.com\/wp-content\/uploads\/2017\/11\/Rosenbauer-American-Dealer-Meeting-4_4.jpg 880w\" sizes=\"(max-width: 300px) 100vw, 300px\" \/><\/a><\/h5>\n\n\n\n<h5 class=\"wp-block-heading has-text-align-center\"><a href=\"https:\/\/www.resansil.com\/en\/unidades-servicios-municipales-e-industria\/\">Municipales &#8211; Industriales<\/a><\/h5>\n\n\n\n<p><\/p>","protected":false},"excerpt":{"rendered":"<p>Vialidad &#8211; Costrucci\u00f3n y Mantenimiento Producci\u00f3n de Pavimentos Construcci\u00f3n General Miner\u00eda Agregados &nbsp; Municipales &#8211; Industriales<\/p>","protected":false},"author":10,"featured_media":0,"parent":0,"menu_order":0,"comment_status":"closed","ping_status":"closed","template":"","meta":{"_eb_attr":"","footnotes":""},"class_list":["post-1998","page","type-page","status-publish","hentry"],"yoast_head":"<!-- This site is optimized with the Yoast SEO plugin v27.4 - https:\/\/yoast.com\/product\/yoast-seo-wordpress\/ -->\n<title>Actividades - Resansil<\/title>\n<meta name=\"robots\" content=\"index, follow, max-snippet:-1, max-image-preview:large, max-video-preview:-1\" \/>\n<link rel=\"canonical\" href=\"https:\/\/www.resansil.com\/en\/actividades-aplicaciones\/\" \/>\n<meta property=\"og:locale\" content=\"en_US\" \/>\n<meta property=\"og:type\" content=\"article\" \/>\n<meta property=\"og:title\" content=\"Actividades - Resansil\" \/>\n<meta property=\"og:description\" content=\"Vialidad &#8211; Costrucci\u00f3n y Mantenimiento Producci\u00f3n de Pavimentos Construcci\u00f3n General Miner\u00eda Agregados &nbsp; Municipales &#8211; Industriales\" \/>\n<meta property=\"og:url\" content=\"https:\/\/www.resansil.com\/en\/actividades-aplicaciones\/\" \/>\n<meta property=\"og:site_name\" content=\"Resansil\" \/>\n<meta property=\"article:publisher\" content=\"https:\/\/www.facebook.com\/search\/top?q=gruporesansil\" \/>\n<meta property=\"article:modified_time\" content=\"2023-07-31T22:12:32+00:00\" \/>\n<meta property=\"og:image\" content=\"https:\/\/www.resansil.com\/wp-content\/uploads\/2023\/01\/Foto-construccion-de-capas-bases-menu-inicial-300x225.jpg\" \/>\n<meta name=\"twitter:card\" content=\"summary_large_image\" \/>\n<meta name=\"twitter:site\" content=\"@gruporesansil\" \/>\n<meta name=\"twitter:label1\" content=\"Est. reading time\" \/>\n\t<meta name=\"twitter:data1\" content=\"2 minutes\" \/>\n<script type=\"application\/ld+json\" class=\"yoast-schema-graph\">{\"@context\":\"https:\\\/\\\/schema.org\",\"@graph\":[{\"@type\":\"WebPage\",\"@id\":\"https:\\\/\\\/www.resansil.com\\\/actividades-aplicaciones\\\/\",\"url\":\"https:\\\/\\\/www.resansil.com\\\/actividades-aplicaciones\\\/\",\"name\":\"Actividades - Resansil\",\"isPartOf\":{\"@id\":\"https:\\\/\\\/www.resansil.com\\\/#website\"},\"primaryImageOfPage\":{\"@id\":\"https:\\\/\\\/www.resansil.com\\\/actividades-aplicaciones\\\/#primaryimage\"},\"image\":{\"@id\":\"https:\\\/\\\/www.resansil.com\\\/actividades-aplicaciones\\\/#primaryimage\"},\"thumbnailUrl\":\"https:\\\/\\\/www.resansil.com\\\/wp-content\\\/uploads\\\/2023\\\/01\\\/Foto-construccion-de-capas-bases-menu-inicial-300x225.jpg\",\"datePublished\":\"2017-06-22T16:59:25+00:00\",\"dateModified\":\"2023-07-31T22:12:32+00:00\",\"breadcrumb\":{\"@id\":\"https:\\\/\\\/www.resansil.com\\\/actividades-aplicaciones\\\/#breadcrumb\"},\"inLanguage\":\"en-US\",\"potentialAction\":[{\"@type\":\"ReadAction\",\"target\":[\"https:\\\/\\\/www.resansil.com\\\/actividades-aplicaciones\\\/\"]}]},{\"@type\":\"ImageObject\",\"inLanguage\":\"en-US\",\"@id\":\"https:\\\/\\\/www.resansil.com\\\/actividades-aplicaciones\\\/#primaryimage\",\"url\":\"https:\\\/\\\/www.resansil.com\\\/wp-content\\\/uploads\\\/2023\\\/01\\\/Foto-construccion-de-capas-bases-menu-inicial-300x225.jpg\",\"contentUrl\":\"https:\\\/\\\/www.resansil.com\\\/wp-content\\\/uploads\\\/2023\\\/01\\\/Foto-construccion-de-capas-bases-menu-inicial-300x225.jpg\"},{\"@type\":\"BreadcrumbList\",\"@id\":\"https:\\\/\\\/www.resansil.com\\\/actividades-aplicaciones\\\/#breadcrumb\",\"itemListElement\":[{\"@type\":\"ListItem\",\"position\":1,\"name\":\"Home\",\"item\":\"https:\\\/\\\/www.resansil.com\\\/\"},{\"@type\":\"ListItem\",\"position\":2,\"name\":\"Actividades\"}]},{\"@type\":\"WebSite\",\"@id\":\"https:\\\/\\\/www.resansil.com\\\/#website\",\"url\":\"https:\\\/\\\/www.resansil.com\\\/\",\"name\":\"Resansil\",\"description\":\"Maquinaria e Ingener&iacute;a de Aplicaci&oacute;n\",\"publisher\":{\"@id\":\"https:\\\/\\\/www.resansil.com\\\/#organization\"},\"potentialAction\":[{\"@type\":\"SearchAction\",\"target\":{\"@type\":\"EntryPoint\",\"urlTemplate\":\"https:\\\/\\\/www.resansil.com\\\/?s={search_term_string}\"},\"query-input\":{\"@type\":\"PropertyValueSpecification\",\"valueRequired\":true,\"valueName\":\"search_term_string\"}}],\"inLanguage\":\"en-US\"},{\"@type\":\"Organization\",\"@id\":\"https:\\\/\\\/www.resansil.com\\\/#organization\",\"name\":\"Resansil\",\"url\":\"https:\\\/\\\/www.resansil.com\\\/\",\"logo\":{\"@type\":\"ImageObject\",\"inLanguage\":\"en-US\",\"@id\":\"https:\\\/\\\/www.resansil.com\\\/#\\\/schema\\\/logo\\\/image\\\/\",\"url\":\"https:\\\/\\\/www.resansil.com\\\/wp-content\\\/uploads\\\/RESANSIL-LOGO-2025_web.png\",\"contentUrl\":\"https:\\\/\\\/www.resansil.com\\\/wp-content\\\/uploads\\\/RESANSIL-LOGO-2025_web.png\",\"width\":285,\"height\":174,\"caption\":\"Resansil\"},\"image\":{\"@id\":\"https:\\\/\\\/www.resansil.com\\\/#\\\/schema\\\/logo\\\/image\\\/\"},\"sameAs\":[\"https:\\\/\\\/www.facebook.com\\\/search\\\/top?q=gruporesansil\",\"https:\\\/\\\/x.com\\\/gruporesansil\",\"https:\\\/\\\/www.instagram.com\\\/gruporesansil\\\/\",\"https:\\\/\\\/www.linkedin.com\\\/company\\\/resansil-inc.\\\/\"]}]}<\/script>\n<!-- \/ Yoast SEO plugin. -->","yoast_head_json":{"title":"Actividades - Resansil","robots":{"index":"index","follow":"follow","max-snippet":"max-snippet:-1","max-image-preview":"max-image-preview:large","max-video-preview":"max-video-preview:-1"},"canonical":"https:\/\/www.resansil.com\/en\/actividades-aplicaciones\/","og_locale":"en_US","og_type":"article","og_title":"Actividades - Resansil","og_description":"Vialidad &#8211; Costrucci\u00f3n y Mantenimiento Producci\u00f3n de Pavimentos Construcci\u00f3n General Miner\u00eda Agregados &nbsp; Municipales &#8211; Industriales","og_url":"https:\/\/www.resansil.com\/en\/actividades-aplicaciones\/","og_site_name":"Resansil","article_publisher":"https:\/\/www.facebook.com\/search\/top?q=gruporesansil","article_modified_time":"2023-07-31T22:12:32+00:00","og_image":[{"url":"https:\/\/www.resansil.com\/wp-content\/uploads\/2023\/01\/Foto-construccion-de-capas-bases-menu-inicial-300x225.jpg","type":"","width":"","height":""}],"twitter_card":"summary_large_image","twitter_site":"@gruporesansil","twitter_misc":{"Est. reading time":"2 minutes"},"schema":{"@context":"https:\/\/schema.org","@graph":[{"@type":"WebPage","@id":"https:\/\/www.resansil.com\/actividades-aplicaciones\/","url":"https:\/\/www.resansil.com\/actividades-aplicaciones\/","name":"Actividades - Resansil","isPartOf":{"@id":"https:\/\/www.resansil.com\/#website"},"primaryImageOfPage":{"@id":"https:\/\/www.resansil.com\/actividades-aplicaciones\/#primaryimage"},"image":{"@id":"https:\/\/www.resansil.com\/actividades-aplicaciones\/#primaryimage"},"thumbnailUrl":"https:\/\/www.resansil.com\/wp-content\/uploads\/2023\/01\/Foto-construccion-de-capas-bases-menu-inicial-300x225.jpg","datePublished":"2017-06-22T16:59:25+00:00","dateModified":"2023-07-31T22:12:32+00:00","breadcrumb":{"@id":"https:\/\/www.resansil.com\/actividades-aplicaciones\/#breadcrumb"},"inLanguage":"en-US","potentialAction":[{"@type":"ReadAction","target":["https:\/\/www.resansil.com\/actividades-aplicaciones\/"]}]},{"@type":"ImageObject","inLanguage":"en-US","@id":"https:\/\/www.resansil.com\/actividades-aplicaciones\/#primaryimage","url":"https:\/\/www.resansil.com\/wp-content\/uploads\/2023\/01\/Foto-construccion-de-capas-bases-menu-inicial-300x225.jpg","contentUrl":"https:\/\/www.resansil.com\/wp-content\/uploads\/2023\/01\/Foto-construccion-de-capas-bases-menu-inicial-300x225.jpg"},{"@type":"BreadcrumbList","@id":"https:\/\/www.resansil.com\/actividades-aplicaciones\/#breadcrumb","itemListElement":[{"@type":"ListItem","position":1,"name":"Home","item":"https:\/\/www.resansil.com\/"},{"@type":"ListItem","position":2,"name":"Actividades"}]},{"@type":"WebSite","@id":"https:\/\/www.resansil.com\/#website","url":"https:\/\/www.resansil.com\/","name":"Resansil","description":"Machinery and Application Engineering","publisher":{"@id":"https:\/\/www.resansil.com\/#organization"},"potentialAction":[{"@type":"SearchAction","target":{"@type":"EntryPoint","urlTemplate":"https:\/\/www.resansil.com\/?s={search_term_string}"},"query-input":{"@type":"PropertyValueSpecification","valueRequired":true,"valueName":"search_term_string"}}],"inLanguage":"en-US"},{"@type":"Organization","@id":"https:\/\/www.resansil.com\/#organization","name":"Resansil","url":"https:\/\/www.resansil.com\/","logo":{"@type":"ImageObject","inLanguage":"en-US","@id":"https:\/\/www.resansil.com\/#\/schema\/logo\/image\/","url":"https:\/\/www.resansil.com\/wp-content\/uploads\/RESANSIL-LOGO-2025_web.png","contentUrl":"https:\/\/www.resansil.com\/wp-content\/uploads\/RESANSIL-LOGO-2025_web.png","width":285,"height":174,"caption":"Resansil"},"image":{"@id":"https:\/\/www.resansil.com\/#\/schema\/logo\/image\/"},"sameAs":["https:\/\/www.facebook.com\/search\/top?q=gruporesansil","https:\/\/x.com\/gruporesansil","https:\/\/www.instagram.com\/gruporesansil\/","https:\/\/www.linkedin.com\/company\/resansil-inc.\/"]}]}},"_links":{"self":[{"href":"https:\/\/www.resansil.com\/en\/wp-json\/wp\/v2\/pages\/1998","targetHints":{"allow":["GET"]}}],"collection":[{"href":"https:\/\/www.resansil.com\/en\/wp-json\/wp\/v2\/pages"}],"about":[{"href":"https:\/\/www.resansil.com\/en\/wp-json\/wp\/v2\/types\/page"}],"author":[{"embeddable":true,"href":"https:\/\/www.resansil.com\/en\/wp-json\/wp\/v2\/users\/10"}],"replies":[{"embeddable":true,"href":"https:\/\/www.resansil.com\/en\/wp-json\/wp\/v2\/comments?post=1998"}],"version-history":[{"count":9,"href":"https:\/\/www.resansil.com\/en\/wp-json\/wp\/v2\/pages\/1998\/revisions"}],"predecessor-version":[{"id":5389,"href":"https:\/\/www.resansil.com\/en\/wp-json\/wp\/v2\/pages\/1998\/revisions\/5389"}],"wp:attachment":[{"href":"https:\/\/www.resansil.com\/en\/wp-json\/wp\/v2\/media?parent=1998"}],"curies":[{"name":"wp","href":"https:\/\/api.w.org\/{rel}","templated":true}]}}