{"id":2005,"date":"2017-06-22T19:28:04","date_gmt":"2017-06-22T19:28:04","guid":{"rendered":"http:\/\/tendenciasdigitales.com\/proyectos\/resansil\/?page_id=2005"},"modified":"2023-08-28T10:54:44","modified_gmt":"2023-08-28T14:54:44","slug":"vialidad-costruccion-y-rehabilitacion","status":"publish","type":"page","link":"https:\/\/www.resansil.com\/en\/actividades-aplicaciones\/vialidad-costruccion-y-rehabilitacion\/","title":{"rendered":"Roads - Construction and Rehabilitation"},"content":{"rendered":"<p>Para todas las actividades de construcci\u00f3n y rehabilitaci\u00f3n vial <strong>Resansil <\/strong>distribuye una amplia y completa gama de maquinaria.  Desde lo necesario para iniciar la obra desde cero hasta equipos para reparaciones y reacondicionamiento de pavimentos en v\u00edas existentes.<\/p>\n\n\n\n<p>Conozca el portafolio de equipos para construcci\u00f3n y rehabilitaci\u00f3n vial que ofrecemos para cada etapa de su trabajo.<\/p>\n\n\n\n<div style=\"height:71px\" aria-hidden=\"true\" class=\"wp-block-spacer\"><\/div>\n\n\n\n<div class=\"wp-block-essential-blocks-row alignfull\"><div class=\"eb-parent-wrapper eb-parent-eb-row-od8p13l\"><div class=\"eb-row-root-container eb-row-od8p13l\" data-id=\"eb-row-od8p13l\"><div class=\"eb-row-wrapper\"><div class=\"eb-row-inner\">\n<div class=\"eb-parent-wrapper eb-parent-eb-column-f7x01pw  wp-block-essential-blocks-column\"><div class=\"eb-column-wrapper eb-column-f7x01pw\"><div class=\"eb-column-inner\">\n<div class=\"wp-block-essential-blocks-row alignfull\"><div class=\"eb-parent-wrapper eb-parent-eb-row-eopizkk\"><div class=\"eb-row-root-container eb-row-eopizkk\" data-id=\"eb-row-eopizkk\"><div class=\"eb-row-wrapper\"><div class=\"eb-row-inner\">\n<div class=\"eb-parent-wrapper eb-parent-eb-column-vosxpjl  wp-block-essential-blocks-column\"><div class=\"eb-column-wrapper eb-column-vosxpjl\"><div class=\"eb-column-inner\">\n<figure class=\"wp-block-image aligncenter size-full\"><img fetchpriority=\"high\" decoding=\"async\" width=\"576\" height=\"432\" src=\"https:\/\/www.resansil.com\/wp-content\/uploads\/estabilizadora-1-2-jpg.webp\" alt=\"\" class=\"wp-image-7429\" srcset=\"https:\/\/www.resansil.com\/wp-content\/uploads\/estabilizadora-1-2-jpg.webp 576w, https:\/\/www.resansil.com\/wp-content\/uploads\/estabilizadora-1-2-300x225.webp 300w, https:\/\/www.resansil.com\/wp-content\/uploads\/estabilizadora-1-2-16x12.webp 16w\" sizes=\"(max-width: 576px) 100vw, 576px\" \/><figcaption class=\"wp-element-caption\"><a href=\"https:\/\/www.resansil.com\/en\/brands\/reciclado-y-estabilizacion-de-suelos-wirtgen\/\"><strong>RECICLADO Y ESTABILIZACI\u00d3N DE SUELOS<\/strong><\/a><\/figcaption><\/figure>\n<\/div><\/div><\/div>\n\n\n\n<div class=\"eb-parent-wrapper eb-parent-eb-column-2upzoad  wp-block-essential-blocks-column\"><div class=\"eb-column-wrapper eb-column-2upzoad\"><div class=\"eb-column-inner\">\n<figure class=\"wp-block-image aligncenter size-full\"><img decoding=\"async\" width=\"576\" height=\"324\" src=\"https:\/\/www.resansil.com\/wp-content\/uploads\/compactador-1-1-jpg.webp\" alt=\"\" class=\"wp-image-7430\" srcset=\"https:\/\/www.resansil.com\/wp-content\/uploads\/compactador-1-1-jpg.webp 576w, https:\/\/www.resansil.com\/wp-content\/uploads\/compactador-1-1-300x169.webp 300w, https:\/\/www.resansil.com\/wp-content\/uploads\/compactador-1-1-18x10.webp 18w\" sizes=\"(max-width: 576px) 100vw, 576px\" \/><figcaption class=\"wp-element-caption\"><a href=\"https:\/\/www.resansil.com\/en\/en_us\/brands\/compactacion-de-suelos\/\"><strong>COMPACTACI\u00d3N<\/strong><\/a><\/figcaption><\/figure>\n<\/div><\/div><\/div>\n\n\n\n<div class=\"eb-parent-wrapper eb-parent-eb-column-jl6oosj  wp-block-essential-blocks-column\"><div class=\"eb-column-wrapper eb-column-jl6oosj\"><div class=\"eb-column-inner\"><\/div><\/div><\/div>\n<\/div><\/div><\/div><\/div><\/div>\n<\/div><\/div><\/div>\n<\/div><\/div><\/div><\/div><\/div>\n\n\n\n<div class=\"wp-block-essential-blocks-row alignfull\"><div class=\"eb-parent-wrapper eb-parent-eb-row-r04jhq0\"><div class=\"eb-row-root-container eb-row-r04jhq0\" data-id=\"eb-row-r04jhq0\"><div class=\"eb-row-wrapper\"><div class=\"eb-row-inner\"><\/div><\/div><\/div><\/div><\/div>\n\n\n\n<div style=\"height:64px\" aria-hidden=\"true\" class=\"wp-block-spacer\"><\/div>\n\n\n\n<div class=\"wp-block-essential-blocks-row alignfull\"><div class=\"eb-parent-wrapper eb-parent-eb-row-piu34zs\"><div class=\"eb-row-root-container eb-row-piu34zs\" data-id=\"eb-row-piu34zs\"><div class=\"eb-row-wrapper\"><div class=\"eb-row-inner\">\n<div class=\"eb-parent-wrapper eb-parent-eb-column-rhincwa  wp-block-essential-blocks-column\"><div class=\"eb-column-wrapper eb-column-rhincwa\"><div class=\"eb-column-inner\">\n<div class=\"wp-block-essential-blocks-row alignfull\"><div class=\"eb-parent-wrapper eb-parent-eb-row-h7xcjnl\"><div class=\"eb-row-root-container eb-row-h7xcjnl\" data-id=\"eb-row-h7xcjnl\"><div class=\"eb-row-wrapper\"><div class=\"eb-row-inner\">\n<div class=\"eb-parent-wrapper eb-parent-eb-column-gggvlle  wp-block-essential-blocks-column\"><div class=\"eb-column-wrapper eb-column-gggvlle\"><div class=\"eb-column-inner\">\n<figure class=\"wp-block-image aligncenter size-full\"><img decoding=\"async\" width=\"769\" height=\"512\" src=\"https:\/\/www.resansil.com\/wp-content\/uploads\/paviment-asf-jpg.webp\" alt=\"\" class=\"wp-image-7431\" srcset=\"https:\/\/www.resansil.com\/wp-content\/uploads\/paviment-asf-jpg.webp 769w, https:\/\/www.resansil.com\/wp-content\/uploads\/paviment-asf-300x200.webp 300w, https:\/\/www.resansil.com\/wp-content\/uploads\/paviment-asf-18x12.webp 18w\" sizes=\"(max-width: 769px) 100vw, 769px\" \/><figcaption class=\"wp-element-caption\"><a href=\"https:\/\/www.resansil.com\/en\/en_us\/brands\/ciber\/\"><strong>PAVIMENTACIO<\/strong>N <strong>DE ASFALTO<\/strong><\/a><\/figcaption><\/figure>\n<\/div><\/div><\/div>\n\n\n\n<div class=\"eb-parent-wrapper eb-parent-eb-column-56xh2ou  wp-block-essential-blocks-column\"><div class=\"eb-column-wrapper eb-column-56xh2ou\"><div class=\"eb-column-inner\">\n<figure class=\"wp-block-image aligncenter size-full\"><img loading=\"lazy\" decoding=\"async\" width=\"880\" height=\"660\" src=\"https:\/\/www.resansil.com\/wp-content\/uploads\/pavimento-concreto-1-1-jpg.webp\" alt=\"\" class=\"wp-image-7432\" srcset=\"https:\/\/www.resansil.com\/wp-content\/uploads\/pavimento-concreto-1-1-jpg.webp 880w, https:\/\/www.resansil.com\/wp-content\/uploads\/pavimento-concreto-1-1-300x225.webp 300w, https:\/\/www.resansil.com\/wp-content\/uploads\/pavimento-concreto-1-1-768x576.webp 768w, https:\/\/www.resansil.com\/wp-content\/uploads\/pavimento-concreto-1-1-16x12.webp 16w\" sizes=\"(max-width: 880px) 100vw, 880px\" \/><figcaption class=\"wp-element-caption\"><strong><a href=\"https:\/\/www.resansil.com\/en\/en_us\/extendido-de-pavimentos-de-concreto\/\">PAVIMENTACION Y ENCOFRADOS DE CONCRETO<\/a><\/strong><\/figcaption><\/figure>\n<\/div><\/div><\/div>\n\n\n\n<div class=\"eb-parent-wrapper eb-parent-eb-column-60c4q00  wp-block-essential-blocks-column\"><div class=\"eb-column-wrapper eb-column-60c4q00\"><div class=\"eb-column-inner\">\n<figure class=\"wp-block-image aligncenter size-full\"><img loading=\"lazy\" decoding=\"async\" width=\"576\" height=\"432\" src=\"https:\/\/www.resansil.com\/wp-content\/uploads\/fresadora-1-jpg.webp\" alt=\"\" class=\"wp-image-7433\" srcset=\"https:\/\/www.resansil.com\/wp-content\/uploads\/fresadora-1-jpg.webp 576w, https:\/\/www.resansil.com\/wp-content\/uploads\/fresadora-1-300x225.webp 300w, https:\/\/www.resansil.com\/wp-content\/uploads\/fresadora-1-16x12.webp 16w\" sizes=\"(max-width: 576px) 100vw, 576px\" \/><figcaption class=\"wp-element-caption\"><a href=\"https:\/\/www.resansil.com\/en\/brands\/cimline\/\"><strong>FRESADO DE PAVIMENTOS<\/strong><\/a><\/figcaption><\/figure>\n<\/div><\/div><\/div>\n<\/div><\/div><\/div><\/div><\/div>\n<\/div><\/div><\/div>\n<\/div><\/div><\/div><\/div><\/div>\n\n\n\n<div style=\"height:65px\" aria-hidden=\"true\" class=\"wp-block-spacer\"><\/div>\n\n\n\n<div class=\"wp-block-essential-blocks-row alignfull\"><div class=\"eb-parent-wrapper eb-parent-eb-row-prculyq\"><div class=\"eb-row-root-container eb-row-prculyq\" data-id=\"eb-row-prculyq\"><div class=\"eb-row-wrapper\"><div class=\"eb-row-inner\">\n<div class=\"eb-parent-wrapper eb-parent-eb-column-xhmoey5  wp-block-essential-blocks-column\"><div class=\"eb-column-wrapper eb-column-xhmoey5\"><div class=\"eb-column-inner\">\n<figure class=\"wp-block-image aligncenter size-full\"><img loading=\"lazy\" decoding=\"async\" width=\"750\" height=\"422\" src=\"https:\/\/www.resansil.com\/wp-content\/uploads\/2023\/07\/reparac-pavim-1-jpg.webp\" alt=\"REPARACION DE VIAS\" class=\"wp-image-6022\" srcset=\"https:\/\/www.resansil.com\/wp-content\/uploads\/2023\/07\/reparac-pavim-1-jpg.webp 750w, https:\/\/www.resansil.com\/wp-content\/uploads\/2023\/07\/reparac-pavim-1-300x169.webp 300w, https:\/\/www.resansil.com\/wp-content\/uploads\/2023\/07\/reparac-pavim-1-18x10.webp 18w\" sizes=\"(max-width: 750px) 100vw, 750px\" \/><figcaption class=\"wp-element-caption\"><strong><a href=\"https:\/\/www.resansil.com\/en\/en_us\/brands\/etnyre-2\/\">REPARACIONES DE PAVIMENTOS<\/a><\/strong><\/figcaption><\/figure>\n<\/div><\/div><\/div>\n\n\n\n<div class=\"eb-parent-wrapper eb-parent-eb-column-mx8vojn  wp-block-essential-blocks-column\"><div class=\"eb-column-wrapper eb-column-mx8vojn\"><div class=\"eb-column-inner\">\n<figure class=\"wp-block-image aligncenter size-large\"><img loading=\"lazy\" decoding=\"async\" width=\"1024\" height=\"731\" src=\"https:\/\/www.resansil.com\/wp-content\/uploads\/2023\/07\/ciber-tanque-2-1024x731.webp\" alt=\"TANQUES PARA ASFALTO\" class=\"wp-image-6021\" srcset=\"https:\/\/www.resansil.com\/wp-content\/uploads\/2023\/07\/ciber-tanque-2-1024x731.webp 1024w, https:\/\/www.resansil.com\/wp-content\/uploads\/2023\/07\/ciber-tanque-2-300x214.webp 300w, https:\/\/www.resansil.com\/wp-content\/uploads\/2023\/07\/ciber-tanque-2-768x548.webp 768w, https:\/\/www.resansil.com\/wp-content\/uploads\/2023\/07\/ciber-tanque-2-18x12.webp 18w, https:\/\/www.resansil.com\/wp-content\/uploads\/2023\/07\/ciber-tanque-2-jpg.webp 1513w\" sizes=\"(max-width: 1024px) 100vw, 1024px\" \/><figcaption class=\"wp-element-caption\"><a href=\"https:\/\/www.resansil.com\/en\/brands\/hamm\/\"><strong>ALMACENAMIENTO Y TRANSPORTE DE ASFALTO<\/strong><\/a><\/figcaption><\/figure>\n<\/div><\/div><\/div>\n<\/div><\/div><\/div><\/div><\/div>","protected":false},"excerpt":{"rendered":"<p>Para todas las actividades de construcci\u00f3n y rehabilitaci\u00f3n vial Resansil distribuye una amplia y completa gama de maquinaria. Desde lo necesario para iniciar la obra desde cero hasta equipos para reparaciones y reacondicionamiento de pavimentos en v\u00edas existentes. Conozca el portafolio de equipos para construcci\u00f3n y rehabilitaci\u00f3n vial que ofrecemos para cada etapa de su [&hellip;]<\/p>\n","protected":false},"author":10,"featured_media":0,"parent":1998,"menu_order":0,"comment_status":"closed","ping_status":"closed","template":"","meta":{"_eb_attr":"","footnotes":""},"class_list":["post-2005","page","type-page","status-publish","hentry"],"yoast_head":"<!-- This site is optimized with the Yoast SEO plugin v27.4 - https:\/\/yoast.com\/product\/yoast-seo-wordpress\/ -->\n<title>Vialidad -Construcci\u00f3n y Rehabilitaci\u00f3n - Resansil Vialidad -Construcci\u00f3n y Rehabilitaci\u00f3n Construccion y rehabilitacion vial<\/title>\n<meta name=\"description\" content=\"Equipos para la construcci\u00f3n y rehabilitaci\u00f3n vial de pavimentos de asfalto y concreto Vialidad -Construcci\u00f3n y Rehabilitaci\u00f3n\" \/>\n<meta name=\"robots\" content=\"index, follow, max-snippet:-1, max-image-preview:large, max-video-preview:-1\" \/>\n<link rel=\"canonical\" href=\"https:\/\/www.resansil.com\/en\/actividades-aplicaciones\/vialidad-costruccion-y-rehabilitacion\/\" \/>\n<meta property=\"og:locale\" content=\"en_US\" \/>\n<meta property=\"og:type\" content=\"article\" \/>\n<meta property=\"og:title\" content=\"Vialidad -Construcci\u00f3n y Rehabilitaci\u00f3n - Resansil Vialidad -Construcci\u00f3n y Rehabilitaci\u00f3n Construccion y rehabilitacion vial\" \/>\n<meta property=\"og:description\" content=\"Equipos para la construcci\u00f3n y rehabilitaci\u00f3n vial de pavimentos de asfalto y concreto Vialidad -Construcci\u00f3n y Rehabilitaci\u00f3n\" \/>\n<meta property=\"og:url\" content=\"https:\/\/www.resansil.com\/en\/actividades-aplicaciones\/vialidad-costruccion-y-rehabilitacion\/\" \/>\n<meta property=\"og:site_name\" content=\"Resansil\" \/>\n<meta property=\"article:publisher\" content=\"https:\/\/www.facebook.com\/search\/top?q=gruporesansil\" \/>\n<meta property=\"article:modified_time\" content=\"2023-08-28T14:54:44+00:00\" \/>\n<meta property=\"og:image\" content=\"https:\/\/www.resansil.com\/wp-content\/uploads\/estabilizadora-1-2-jpg.webp\" \/>\n<meta name=\"twitter:card\" content=\"summary_large_image\" \/>\n<meta name=\"twitter:site\" content=\"@gruporesansil\" \/>\n<meta name=\"twitter:label1\" content=\"Est. reading time\" \/>\n\t<meta name=\"twitter:data1\" content=\"2 minutes\" \/>\n<script type=\"application\/ld+json\" class=\"yoast-schema-graph\">{\"@context\":\"https:\\\/\\\/schema.org\",\"@graph\":[{\"@type\":\"WebPage\",\"@id\":\"https:\\\/\\\/www.resansil.com\\\/actividades-aplicaciones\\\/vialidad-costruccion-y-rehabilitacion\\\/\",\"url\":\"https:\\\/\\\/www.resansil.com\\\/actividades-aplicaciones\\\/vialidad-costruccion-y-rehabilitacion\\\/\",\"name\":\"Vialidad -Construcci\u00f3n y Rehabilitaci\u00f3n - Resansil Vialidad -Construcci\u00f3n y Rehabilitaci\u00f3n Construccion y rehabilitacion vial\",\"isPartOf\":{\"@id\":\"https:\\\/\\\/www.resansil.com\\\/#website\"},\"primaryImageOfPage\":{\"@id\":\"https:\\\/\\\/www.resansil.com\\\/actividades-aplicaciones\\\/vialidad-costruccion-y-rehabilitacion\\\/#primaryimage\"},\"image\":{\"@id\":\"https:\\\/\\\/www.resansil.com\\\/actividades-aplicaciones\\\/vialidad-costruccion-y-rehabilitacion\\\/#primaryimage\"},\"thumbnailUrl\":\"https:\\\/\\\/www.resansil.com\\\/wp-content\\\/uploads\\\/estabilizadora-1-2-jpg.webp\",\"datePublished\":\"2017-06-22T19:28:04+00:00\",\"dateModified\":\"2023-08-28T14:54:44+00:00\",\"description\":\"Equipos para la construcci\u00f3n y rehabilitaci\u00f3n vial de pavimentos de asfalto y concreto Vialidad -Construcci\u00f3n y Rehabilitaci\u00f3n\",\"breadcrumb\":{\"@id\":\"https:\\\/\\\/www.resansil.com\\\/actividades-aplicaciones\\\/vialidad-costruccion-y-rehabilitacion\\\/#breadcrumb\"},\"inLanguage\":\"en-US\",\"potentialAction\":[{\"@type\":\"ReadAction\",\"target\":[\"https:\\\/\\\/www.resansil.com\\\/actividades-aplicaciones\\\/vialidad-costruccion-y-rehabilitacion\\\/\"]}]},{\"@type\":\"ImageObject\",\"inLanguage\":\"en-US\",\"@id\":\"https:\\\/\\\/www.resansil.com\\\/actividades-aplicaciones\\\/vialidad-costruccion-y-rehabilitacion\\\/#primaryimage\",\"url\":\"https:\\\/\\\/www.resansil.com\\\/wp-content\\\/uploads\\\/estabilizadora-1-2-jpg.webp\",\"contentUrl\":\"https:\\\/\\\/www.resansil.com\\\/wp-content\\\/uploads\\\/estabilizadora-1-2-jpg.webp\"},{\"@type\":\"BreadcrumbList\",\"@id\":\"https:\\\/\\\/www.resansil.com\\\/actividades-aplicaciones\\\/vialidad-costruccion-y-rehabilitacion\\\/#breadcrumb\",\"itemListElement\":[{\"@type\":\"ListItem\",\"position\":1,\"name\":\"Home\",\"item\":\"https:\\\/\\\/www.resansil.com\\\/\"},{\"@type\":\"ListItem\",\"position\":2,\"name\":\"Actividades\",\"item\":\"https:\\\/\\\/www.resansil.com\\\/actividades-aplicaciones\\\/\"},{\"@type\":\"ListItem\",\"position\":3,\"name\":\"Vialidad -Construcci\u00f3n y Rehabilitaci\u00f3n\"}]},{\"@type\":\"WebSite\",\"@id\":\"https:\\\/\\\/www.resansil.com\\\/#website\",\"url\":\"https:\\\/\\\/www.resansil.com\\\/\",\"name\":\"Resansil\",\"description\":\"Maquinaria e Ingener&iacute;a de Aplicaci&oacute;n\",\"publisher\":{\"@id\":\"https:\\\/\\\/www.resansil.com\\\/#organization\"},\"potentialAction\":[{\"@type\":\"SearchAction\",\"target\":{\"@type\":\"EntryPoint\",\"urlTemplate\":\"https:\\\/\\\/www.resansil.com\\\/?s={search_term_string}\"},\"query-input\":{\"@type\":\"PropertyValueSpecification\",\"valueRequired\":true,\"valueName\":\"search_term_string\"}}],\"inLanguage\":\"en-US\"},{\"@type\":\"Organization\",\"@id\":\"https:\\\/\\\/www.resansil.com\\\/#organization\",\"name\":\"Resansil\",\"url\":\"https:\\\/\\\/www.resansil.com\\\/\",\"logo\":{\"@type\":\"ImageObject\",\"inLanguage\":\"en-US\",\"@id\":\"https:\\\/\\\/www.resansil.com\\\/#\\\/schema\\\/logo\\\/image\\\/\",\"url\":\"https:\\\/\\\/www.resansil.com\\\/wp-content\\\/uploads\\\/RESANSIL-LOGO-2025_web.png\",\"contentUrl\":\"https:\\\/\\\/www.resansil.com\\\/wp-content\\\/uploads\\\/RESANSIL-LOGO-2025_web.png\",\"width\":285,\"height\":174,\"caption\":\"Resansil\"},\"image\":{\"@id\":\"https:\\\/\\\/www.resansil.com\\\/#\\\/schema\\\/logo\\\/image\\\/\"},\"sameAs\":[\"https:\\\/\\\/www.facebook.com\\\/search\\\/top?q=gruporesansil\",\"https:\\\/\\\/x.com\\\/gruporesansil\",\"https:\\\/\\\/www.instagram.com\\\/gruporesansil\\\/\",\"https:\\\/\\\/www.linkedin.com\\\/company\\\/resansil-inc.\\\/\"]}]}<\/script>\n<!-- \/ Yoast SEO plugin. -->","yoast_head_json":{"title":"Vialidad -Construcci\u00f3n y Rehabilitaci\u00f3n - Resansil Vialidad -Construcci\u00f3n y Rehabilitaci\u00f3n Construccion y rehabilitacion vial","description":"Equipos para la construcci\u00f3n y rehabilitaci\u00f3n vial de pavimentos de asfalto y concreto Vialidad -Construcci\u00f3n y Rehabilitaci\u00f3n","robots":{"index":"index","follow":"follow","max-snippet":"max-snippet:-1","max-image-preview":"max-image-preview:large","max-video-preview":"max-video-preview:-1"},"canonical":"https:\/\/www.resansil.com\/en\/actividades-aplicaciones\/vialidad-costruccion-y-rehabilitacion\/","og_locale":"en_US","og_type":"article","og_title":"Vialidad -Construcci\u00f3n y Rehabilitaci\u00f3n - Resansil Vialidad -Construcci\u00f3n y Rehabilitaci\u00f3n Construccion y rehabilitacion vial","og_description":"Equipos para la construcci\u00f3n y rehabilitaci\u00f3n vial de pavimentos de asfalto y concreto Vialidad -Construcci\u00f3n y Rehabilitaci\u00f3n","og_url":"https:\/\/www.resansil.com\/en\/actividades-aplicaciones\/vialidad-costruccion-y-rehabilitacion\/","og_site_name":"Resansil","article_publisher":"https:\/\/www.facebook.com\/search\/top?q=gruporesansil","article_modified_time":"2023-08-28T14:54:44+00:00","og_image":[{"url":"https:\/\/www.resansil.com\/wp-content\/uploads\/estabilizadora-1-2-jpg.webp","type":"","width":"","height":""}],"twitter_card":"summary_large_image","twitter_site":"@gruporesansil","twitter_misc":{"Est. reading time":"2 minutes"},"schema":{"@context":"https:\/\/schema.org","@graph":[{"@type":"WebPage","@id":"https:\/\/www.resansil.com\/actividades-aplicaciones\/vialidad-costruccion-y-rehabilitacion\/","url":"https:\/\/www.resansil.com\/actividades-aplicaciones\/vialidad-costruccion-y-rehabilitacion\/","name":"Vialidad -Construcci\u00f3n y Rehabilitaci\u00f3n - Resansil Vialidad -Construcci\u00f3n y Rehabilitaci\u00f3n Construccion y rehabilitacion vial","isPartOf":{"@id":"https:\/\/www.resansil.com\/#website"},"primaryImageOfPage":{"@id":"https:\/\/www.resansil.com\/actividades-aplicaciones\/vialidad-costruccion-y-rehabilitacion\/#primaryimage"},"image":{"@id":"https:\/\/www.resansil.com\/actividades-aplicaciones\/vialidad-costruccion-y-rehabilitacion\/#primaryimage"},"thumbnailUrl":"https:\/\/www.resansil.com\/wp-content\/uploads\/estabilizadora-1-2-jpg.webp","datePublished":"2017-06-22T19:28:04+00:00","dateModified":"2023-08-28T14:54:44+00:00","description":"Equipos para la construcci\u00f3n y rehabilitaci\u00f3n vial de pavimentos de asfalto y concreto Vialidad -Construcci\u00f3n y Rehabilitaci\u00f3n","breadcrumb":{"@id":"https:\/\/www.resansil.com\/actividades-aplicaciones\/vialidad-costruccion-y-rehabilitacion\/#breadcrumb"},"inLanguage":"en-US","potentialAction":[{"@type":"ReadAction","target":["https:\/\/www.resansil.com\/actividades-aplicaciones\/vialidad-costruccion-y-rehabilitacion\/"]}]},{"@type":"ImageObject","inLanguage":"en-US","@id":"https:\/\/www.resansil.com\/actividades-aplicaciones\/vialidad-costruccion-y-rehabilitacion\/#primaryimage","url":"https:\/\/www.resansil.com\/wp-content\/uploads\/estabilizadora-1-2-jpg.webp","contentUrl":"https:\/\/www.resansil.com\/wp-content\/uploads\/estabilizadora-1-2-jpg.webp"},{"@type":"BreadcrumbList","@id":"https:\/\/www.resansil.com\/actividades-aplicaciones\/vialidad-costruccion-y-rehabilitacion\/#breadcrumb","itemListElement":[{"@type":"ListItem","position":1,"name":"Home","item":"https:\/\/www.resansil.com\/"},{"@type":"ListItem","position":2,"name":"Actividades","item":"https:\/\/www.resansil.com\/actividades-aplicaciones\/"},{"@type":"ListItem","position":3,"name":"Vialidad -Construcci\u00f3n y Rehabilitaci\u00f3n"}]},{"@type":"WebSite","@id":"https:\/\/www.resansil.com\/#website","url":"https:\/\/www.resansil.com\/","name":"Resansil","description":"Machinery and Application Engineering","publisher":{"@id":"https:\/\/www.resansil.com\/#organization"},"potentialAction":[{"@type":"SearchAction","target":{"@type":"EntryPoint","urlTemplate":"https:\/\/www.resansil.com\/?s={search_term_string}"},"query-input":{"@type":"PropertyValueSpecification","valueRequired":true,"valueName":"search_term_string"}}],"inLanguage":"en-US"},{"@type":"Organization","@id":"https:\/\/www.resansil.com\/#organization","name":"Resansil","url":"https:\/\/www.resansil.com\/","logo":{"@type":"ImageObject","inLanguage":"en-US","@id":"https:\/\/www.resansil.com\/#\/schema\/logo\/image\/","url":"https:\/\/www.resansil.com\/wp-content\/uploads\/RESANSIL-LOGO-2025_web.png","contentUrl":"https:\/\/www.resansil.com\/wp-content\/uploads\/RESANSIL-LOGO-2025_web.png","width":285,"height":174,"caption":"Resansil"},"image":{"@id":"https:\/\/www.resansil.com\/#\/schema\/logo\/image\/"},"sameAs":["https:\/\/www.facebook.com\/search\/top?q=gruporesansil","https:\/\/x.com\/gruporesansil","https:\/\/www.instagram.com\/gruporesansil\/","https:\/\/www.linkedin.com\/company\/resansil-inc.\/"]}]}},"_links":{"self":[{"href":"https:\/\/www.resansil.com\/en\/wp-json\/wp\/v2\/pages\/2005","targetHints":{"allow":["GET"]}}],"collection":[{"href":"https:\/\/www.resansil.com\/en\/wp-json\/wp\/v2\/pages"}],"about":[{"href":"https:\/\/www.resansil.com\/en\/wp-json\/wp\/v2\/types\/page"}],"author":[{"embeddable":true,"href":"https:\/\/www.resansil.com\/en\/wp-json\/wp\/v2\/users\/10"}],"replies":[{"embeddable":true,"href":"https:\/\/www.resansil.com\/en\/wp-json\/wp\/v2\/comments?post=2005"}],"version-history":[{"count":38,"href":"https:\/\/www.resansil.com\/en\/wp-json\/wp\/v2\/pages\/2005\/revisions"}],"predecessor-version":[{"id":7443,"href":"https:\/\/www.resansil.com\/en\/wp-json\/wp\/v2\/pages\/2005\/revisions\/7443"}],"up":[{"embeddable":true,"href":"https:\/\/www.resansil.com\/en\/wp-json\/wp\/v2\/pages\/1998"}],"wp:attachment":[{"href":"https:\/\/www.resansil.com\/en\/wp-json\/wp\/v2\/media?parent=2005"}],"curies":[{"name":"wp","href":"https:\/\/api.w.org\/{rel}","templated":true}]}}