{"id":2352,"date":"2017-08-25T16:05:15","date_gmt":"2017-08-25T16:05:15","guid":{"rendered":"http:\/\/tendenciasdigitales.com\/proyectos\/resansil\/?page_id=2352"},"modified":"2023-11-15T15:05:08","modified_gmt":"2023-11-15T20:05:08","slug":"produccion-de-pavimentos-plantas-de-asfalto-plantas-de-concreto-plantas-de-hormigon-produccion-de-asfalto-produccion-de-concreto-produccion-de-hormigon","status":"publish","type":"page","link":"https:\/\/www.resansil.com\/en\/actividades-aplicaciones\/produccion-de-pavimentos-plantas-de-asfalto-plantas-de-concreto-plantas-de-hormigon-produccion-de-asfalto-produccion-de-concreto-produccion-de-hormigon\/","title":{"rendered":"Pavement Production"},"content":{"rendered":"<p>Good quality paving results start with the excellence and precision of the production process of asphalt or concrete paving mixes.<\/p>\n\n\n\n<p>Resansil offers the highest quality and versatility in the market (stationary and mobile units): <\/p>\n\n\n\n<p><\/p>\n\n\n\n<p><\/p>\n\n\n\n<figure class=\"wp-block-image size-large is-resized\"><a href=\"https:\/\/www.resansil.com\/wp-content\/uploads\/2023\/07\/ciber-planta-instalacion-jpg.webp\"><img fetchpriority=\"high\" decoding=\"async\" width=\"1024\" height=\"576\" src=\"https:\/\/www.resansil.com\/wp-content\/uploads\/2023\/07\/ciber-planta-instalacion-1024x576.webp\" alt=\"\" class=\"wp-image-5191\" style=\"width:485px;height:272px\" srcset=\"https:\/\/www.resansil.com\/wp-content\/uploads\/2023\/07\/ciber-planta-instalacion-1024x576.webp 1024w, https:\/\/www.resansil.com\/wp-content\/uploads\/2023\/07\/ciber-planta-instalacion-300x169.webp 300w, https:\/\/www.resansil.com\/wp-content\/uploads\/2023\/07\/ciber-planta-instalacion-768x432.webp 768w, https:\/\/www.resansil.com\/wp-content\/uploads\/2023\/07\/ciber-planta-instalacion-1536x864.webp 1536w, https:\/\/www.resansil.com\/wp-content\/uploads\/2023\/07\/ciber-planta-instalacion-18x10.webp 18w, https:\/\/www.resansil.com\/wp-content\/uploads\/2023\/07\/ciber-planta-instalacion-jpg.webp 1680w\" sizes=\"(max-width: 1024px) 100vw, 1024px\" \/><\/a><\/figure>\n\n\n\n<figure class=\"wp-block-image size-large is-resized\"><a href=\"https:\/\/www.resansil.com\/wp-content\/uploads\/2023\/07\/benninghoven-planta-instalacion-jpg.webp\"><img decoding=\"async\" width=\"1024\" height=\"576\" src=\"https:\/\/www.resansil.com\/wp-content\/uploads\/2023\/07\/benninghoven-planta-instalacion-1024x576.webp\" alt=\"\" class=\"wp-image-5193\" style=\"width:486px;height:273px\" srcset=\"https:\/\/www.resansil.com\/wp-content\/uploads\/2023\/07\/benninghoven-planta-instalacion-1024x576.webp 1024w, https:\/\/www.resansil.com\/wp-content\/uploads\/2023\/07\/benninghoven-planta-instalacion-300x169.webp 300w, https:\/\/www.resansil.com\/wp-content\/uploads\/2023\/07\/benninghoven-planta-instalacion-768x432.webp 768w, https:\/\/www.resansil.com\/wp-content\/uploads\/2023\/07\/benninghoven-planta-instalacion-1536x864.webp 1536w, https:\/\/www.resansil.com\/wp-content\/uploads\/2023\/07\/benninghoven-planta-instalacion-18x10.webp 18w, https:\/\/www.resansil.com\/wp-content\/uploads\/2023\/07\/benninghoven-planta-instalacion-jpg.webp 1680w\" sizes=\"(max-width: 1024px) 100vw, 1024px\" \/><\/a><\/figure>\n\n\n\n<p><\/p>\n\n\n\n<p><strong><a href=\"https:\/\/www.resansil.com\/en\/plantas-de-asfalto\/\">CIBER and BENNINGHOVEN Asphalt Plants<\/a><\/strong><\/p>\n\n\n\n<p><\/p>\n\n\n\n<figure class=\"wp-block-image size-large is-resized\"><a href=\"https:\/\/www.resansil.com\/wp-content\/uploads\/2023\/07\/simem-planta-instalacion-jpg.webp\"><img decoding=\"async\" width=\"1024\" height=\"576\" src=\"https:\/\/www.resansil.com\/wp-content\/uploads\/2023\/07\/simem-planta-instalacion-1024x576.webp\" alt=\"\" class=\"wp-image-5194\" style=\"width:499px;height:280px\" srcset=\"https:\/\/www.resansil.com\/wp-content\/uploads\/2023\/07\/simem-planta-instalacion-1024x576.webp 1024w, https:\/\/www.resansil.com\/wp-content\/uploads\/2023\/07\/simem-planta-instalacion-300x169.webp 300w, https:\/\/www.resansil.com\/wp-content\/uploads\/2023\/07\/simem-planta-instalacion-768x432.webp 768w, https:\/\/www.resansil.com\/wp-content\/uploads\/2023\/07\/simem-planta-instalacion-1536x864.webp 1536w, https:\/\/www.resansil.com\/wp-content\/uploads\/2023\/07\/simem-planta-instalacion-18x10.webp 18w, https:\/\/www.resansil.com\/wp-content\/uploads\/2023\/07\/simem-planta-instalacion-jpg.webp 1920w\" sizes=\"(max-width: 1024px) 100vw, 1024px\" \/><\/a><\/figure>\n\n\n\n<p>            <strong><a href=\"https:\/\/www.resansil.com\/en\/plantas-de-concreto\/\">SIMEM Concrete Plants<\/a><\/strong><\/p>","protected":false},"excerpt":{"rendered":"<p>La buena calidad en el resultado de los trabajos de pavimentaci\u00f3n comienza con la excelencia y precisi\u00f3n del proceso de producci\u00f3n de las mezclas de pavimento de asfalto o concreto. Resansil les ofrece la mas alta calidad y versatilidad del mercado (unidades estacionarias y m\u00f3viles): Plantas de Asfalto CIBER y BENNINGHOVEN Plantas de Concreto SIMEM<\/p>","protected":false},"author":10,"featured_media":0,"parent":1998,"menu_order":0,"comment_status":"closed","ping_status":"closed","template":"","meta":{"_eb_attr":"","footnotes":""},"class_list":["post-2352","page","type-page","status-publish","hentry"],"yoast_head":"<!-- This site is optimized with the Yoast SEO plugin v27.5 - https:\/\/yoast.com\/product\/yoast-seo-wordpress\/ -->\n<title>Producci\u00f3n de Pavimentos - Resansil % %<\/title>\n<meta name=\"description\" content=\"asfalto concreto hormigon plantasdeasfalto plantasdehormigon producciondeasfalto producciondehormigon pavimentos fabricadepavimentos\" \/>\n<meta name=\"robots\" content=\"index, follow, max-snippet:-1, max-image-preview:large, max-video-preview:-1\" \/>\n<link rel=\"canonical\" href=\"https:\/\/www.resansil.com\/en\/actividades-aplicaciones\/produccion-de-pavimentos-plantas-de-asfalto-plantas-de-concreto-plantas-de-hormigon-produccion-de-asfalto-produccion-de-concreto-produccion-de-hormigon\/\" \/>\n<meta property=\"og:locale\" content=\"en_US\" \/>\n<meta property=\"og:type\" content=\"article\" \/>\n<meta property=\"og:title\" content=\"Producci\u00f3n de Pavimentos - Resansil % %\" \/>\n<meta property=\"og:description\" content=\"asfalto concreto hormigon plantasdeasfalto plantasdehormigon producciondeasfalto producciondehormigon pavimentos fabricadepavimentos\" \/>\n<meta property=\"og:url\" content=\"https:\/\/www.resansil.com\/en\/actividades-aplicaciones\/produccion-de-pavimentos-plantas-de-asfalto-plantas-de-concreto-plantas-de-hormigon-produccion-de-asfalto-produccion-de-concreto-produccion-de-hormigon\/\" \/>\n<meta property=\"og:site_name\" content=\"Resansil\" \/>\n<meta property=\"article:publisher\" content=\"https:\/\/www.facebook.com\/search\/top?q=gruporesansil\" \/>\n<meta property=\"article:modified_time\" content=\"2023-11-15T20:05:08+00:00\" \/>\n<meta property=\"og:image\" content=\"https:\/\/www.resansil.com\/wp-content\/uploads\/2023\/07\/ciber-planta-instalacion-1024x576.webp\" \/>\n<meta name=\"twitter:card\" content=\"summary_large_image\" \/>\n<meta name=\"twitter:site\" content=\"@gruporesansil\" \/>\n<meta name=\"twitter:label1\" content=\"Est. reading time\" \/>\n\t<meta name=\"twitter:data1\" content=\"1 minute\" \/>\n<script type=\"application\/ld+json\" class=\"yoast-schema-graph\">{\"@context\":\"https:\\\/\\\/schema.org\",\"@graph\":[{\"@type\":\"WebPage\",\"@id\":\"https:\\\/\\\/www.resansil.com\\\/actividades-aplicaciones\\\/produccion-de-pavimentos-plantas-de-asfalto-plantas-de-concreto-plantas-de-hormigon-produccion-de-asfalto-produccion-de-concreto-produccion-de-hormigon\\\/\",\"url\":\"https:\\\/\\\/www.resansil.com\\\/actividades-aplicaciones\\\/produccion-de-pavimentos-plantas-de-asfalto-plantas-de-concreto-plantas-de-hormigon-produccion-de-asfalto-produccion-de-concreto-produccion-de-hormigon\\\/\",\"name\":\"Producci\u00f3n de Pavimentos - Resansil % %\",\"isPartOf\":{\"@id\":\"https:\\\/\\\/www.resansil.com\\\/#website\"},\"primaryImageOfPage\":{\"@id\":\"https:\\\/\\\/www.resansil.com\\\/actividades-aplicaciones\\\/produccion-de-pavimentos-plantas-de-asfalto-plantas-de-concreto-plantas-de-hormigon-produccion-de-asfalto-produccion-de-concreto-produccion-de-hormigon\\\/#primaryimage\"},\"image\":{\"@id\":\"https:\\\/\\\/www.resansil.com\\\/actividades-aplicaciones\\\/produccion-de-pavimentos-plantas-de-asfalto-plantas-de-concreto-plantas-de-hormigon-produccion-de-asfalto-produccion-de-concreto-produccion-de-hormigon\\\/#primaryimage\"},\"thumbnailUrl\":\"https:\\\/\\\/www.resansil.com\\\/wp-content\\\/uploads\\\/2023\\\/07\\\/ciber-planta-instalacion-1024x576.webp\",\"datePublished\":\"2017-08-25T16:05:15+00:00\",\"dateModified\":\"2023-11-15T20:05:08+00:00\",\"description\":\"asfalto concreto hormigon plantasdeasfalto plantasdehormigon producciondeasfalto producciondehormigon pavimentos fabricadepavimentos\",\"breadcrumb\":{\"@id\":\"https:\\\/\\\/www.resansil.com\\\/actividades-aplicaciones\\\/produccion-de-pavimentos-plantas-de-asfalto-plantas-de-concreto-plantas-de-hormigon-produccion-de-asfalto-produccion-de-concreto-produccion-de-hormigon\\\/#breadcrumb\"},\"inLanguage\":\"en-US\",\"potentialAction\":[{\"@type\":\"ReadAction\",\"target\":[\"https:\\\/\\\/www.resansil.com\\\/actividades-aplicaciones\\\/produccion-de-pavimentos-plantas-de-asfalto-plantas-de-concreto-plantas-de-hormigon-produccion-de-asfalto-produccion-de-concreto-produccion-de-hormigon\\\/\"]}]},{\"@type\":\"ImageObject\",\"inLanguage\":\"en-US\",\"@id\":\"https:\\\/\\\/www.resansil.com\\\/actividades-aplicaciones\\\/produccion-de-pavimentos-plantas-de-asfalto-plantas-de-concreto-plantas-de-hormigon-produccion-de-asfalto-produccion-de-concreto-produccion-de-hormigon\\\/#primaryimage\",\"url\":\"https:\\\/\\\/www.resansil.com\\\/wp-content\\\/uploads\\\/2023\\\/07\\\/ciber-planta-instalacion-1024x576.webp\",\"contentUrl\":\"https:\\\/\\\/www.resansil.com\\\/wp-content\\\/uploads\\\/2023\\\/07\\\/ciber-planta-instalacion-1024x576.webp\"},{\"@type\":\"BreadcrumbList\",\"@id\":\"https:\\\/\\\/www.resansil.com\\\/actividades-aplicaciones\\\/produccion-de-pavimentos-plantas-de-asfalto-plantas-de-concreto-plantas-de-hormigon-produccion-de-asfalto-produccion-de-concreto-produccion-de-hormigon\\\/#breadcrumb\",\"itemListElement\":[{\"@type\":\"ListItem\",\"position\":1,\"name\":\"Home\",\"item\":\"https:\\\/\\\/www.resansil.com\\\/\"},{\"@type\":\"ListItem\",\"position\":2,\"name\":\"Actividades\",\"item\":\"https:\\\/\\\/www.resansil.com\\\/actividades-aplicaciones\\\/\"},{\"@type\":\"ListItem\",\"position\":3,\"name\":\"Producci\u00f3n de Pavimentos\"}]},{\"@type\":\"WebSite\",\"@id\":\"https:\\\/\\\/www.resansil.com\\\/#website\",\"url\":\"https:\\\/\\\/www.resansil.com\\\/\",\"name\":\"Resansil\",\"description\":\"Maquinaria e Ingener&iacute;a de Aplicaci&oacute;n\",\"publisher\":{\"@id\":\"https:\\\/\\\/www.resansil.com\\\/#organization\"},\"potentialAction\":[{\"@type\":\"SearchAction\",\"target\":{\"@type\":\"EntryPoint\",\"urlTemplate\":\"https:\\\/\\\/www.resansil.com\\\/?s={search_term_string}\"},\"query-input\":{\"@type\":\"PropertyValueSpecification\",\"valueRequired\":true,\"valueName\":\"search_term_string\"}}],\"inLanguage\":\"en-US\"},{\"@type\":\"Organization\",\"@id\":\"https:\\\/\\\/www.resansil.com\\\/#organization\",\"name\":\"Resansil\",\"url\":\"https:\\\/\\\/www.resansil.com\\\/\",\"logo\":{\"@type\":\"ImageObject\",\"inLanguage\":\"en-US\",\"@id\":\"https:\\\/\\\/www.resansil.com\\\/#\\\/schema\\\/logo\\\/image\\\/\",\"url\":\"https:\\\/\\\/www.resansil.com\\\/wp-content\\\/uploads\\\/RESANSIL-LOGO-2025_web.png\",\"contentUrl\":\"https:\\\/\\\/www.resansil.com\\\/wp-content\\\/uploads\\\/RESANSIL-LOGO-2025_web.png\",\"width\":285,\"height\":174,\"caption\":\"Resansil\"},\"image\":{\"@id\":\"https:\\\/\\\/www.resansil.com\\\/#\\\/schema\\\/logo\\\/image\\\/\"},\"sameAs\":[\"https:\\\/\\\/www.facebook.com\\\/search\\\/top?q=gruporesansil\",\"https:\\\/\\\/x.com\\\/gruporesansil\",\"https:\\\/\\\/www.instagram.com\\\/gruporesansil\\\/\",\"https:\\\/\\\/www.linkedin.com\\\/company\\\/resansil-inc.\\\/\"]}]}<\/script>\n<!-- \/ Yoast SEO plugin. -->","yoast_head_json":{"title":"Producci\u00f3n de Pavimentos - Resansil % %","description":"asfalto concreto hormigon plantasdeasfalto plantasdehormigon producciondeasfalto producciondehormigon pavimentos fabricadepavimentos","robots":{"index":"index","follow":"follow","max-snippet":"max-snippet:-1","max-image-preview":"max-image-preview:large","max-video-preview":"max-video-preview:-1"},"canonical":"https:\/\/www.resansil.com\/en\/actividades-aplicaciones\/produccion-de-pavimentos-plantas-de-asfalto-plantas-de-concreto-plantas-de-hormigon-produccion-de-asfalto-produccion-de-concreto-produccion-de-hormigon\/","og_locale":"en_US","og_type":"article","og_title":"Producci\u00f3n de Pavimentos - Resansil % %","og_description":"asfalto concreto hormigon plantasdeasfalto plantasdehormigon producciondeasfalto producciondehormigon pavimentos fabricadepavimentos","og_url":"https:\/\/www.resansil.com\/en\/actividades-aplicaciones\/produccion-de-pavimentos-plantas-de-asfalto-plantas-de-concreto-plantas-de-hormigon-produccion-de-asfalto-produccion-de-concreto-produccion-de-hormigon\/","og_site_name":"Resansil","article_publisher":"https:\/\/www.facebook.com\/search\/top?q=gruporesansil","article_modified_time":"2023-11-15T20:05:08+00:00","og_image":[{"url":"https:\/\/www.resansil.com\/wp-content\/uploads\/2023\/07\/ciber-planta-instalacion-1024x576.webp","type":"","width":"","height":""}],"twitter_card":"summary_large_image","twitter_site":"@gruporesansil","twitter_misc":{"Est. reading time":"1 minute"},"schema":{"@context":"https:\/\/schema.org","@graph":[{"@type":"WebPage","@id":"https:\/\/www.resansil.com\/actividades-aplicaciones\/produccion-de-pavimentos-plantas-de-asfalto-plantas-de-concreto-plantas-de-hormigon-produccion-de-asfalto-produccion-de-concreto-produccion-de-hormigon\/","url":"https:\/\/www.resansil.com\/actividades-aplicaciones\/produccion-de-pavimentos-plantas-de-asfalto-plantas-de-concreto-plantas-de-hormigon-produccion-de-asfalto-produccion-de-concreto-produccion-de-hormigon\/","name":"Producci\u00f3n de Pavimentos - Resansil % %","isPartOf":{"@id":"https:\/\/www.resansil.com\/#website"},"primaryImageOfPage":{"@id":"https:\/\/www.resansil.com\/actividades-aplicaciones\/produccion-de-pavimentos-plantas-de-asfalto-plantas-de-concreto-plantas-de-hormigon-produccion-de-asfalto-produccion-de-concreto-produccion-de-hormigon\/#primaryimage"},"image":{"@id":"https:\/\/www.resansil.com\/actividades-aplicaciones\/produccion-de-pavimentos-plantas-de-asfalto-plantas-de-concreto-plantas-de-hormigon-produccion-de-asfalto-produccion-de-concreto-produccion-de-hormigon\/#primaryimage"},"thumbnailUrl":"https:\/\/www.resansil.com\/wp-content\/uploads\/2023\/07\/ciber-planta-instalacion-1024x576.webp","datePublished":"2017-08-25T16:05:15+00:00","dateModified":"2023-11-15T20:05:08+00:00","description":"asfalto concreto hormigon plantasdeasfalto plantasdehormigon producciondeasfalto producciondehormigon pavimentos fabricadepavimentos","breadcrumb":{"@id":"https:\/\/www.resansil.com\/actividades-aplicaciones\/produccion-de-pavimentos-plantas-de-asfalto-plantas-de-concreto-plantas-de-hormigon-produccion-de-asfalto-produccion-de-concreto-produccion-de-hormigon\/#breadcrumb"},"inLanguage":"en-US","potentialAction":[{"@type":"ReadAction","target":["https:\/\/www.resansil.com\/actividades-aplicaciones\/produccion-de-pavimentos-plantas-de-asfalto-plantas-de-concreto-plantas-de-hormigon-produccion-de-asfalto-produccion-de-concreto-produccion-de-hormigon\/"]}]},{"@type":"ImageObject","inLanguage":"en-US","@id":"https:\/\/www.resansil.com\/actividades-aplicaciones\/produccion-de-pavimentos-plantas-de-asfalto-plantas-de-concreto-plantas-de-hormigon-produccion-de-asfalto-produccion-de-concreto-produccion-de-hormigon\/#primaryimage","url":"https:\/\/www.resansil.com\/wp-content\/uploads\/2023\/07\/ciber-planta-instalacion-1024x576.webp","contentUrl":"https:\/\/www.resansil.com\/wp-content\/uploads\/2023\/07\/ciber-planta-instalacion-1024x576.webp"},{"@type":"BreadcrumbList","@id":"https:\/\/www.resansil.com\/actividades-aplicaciones\/produccion-de-pavimentos-plantas-de-asfalto-plantas-de-concreto-plantas-de-hormigon-produccion-de-asfalto-produccion-de-concreto-produccion-de-hormigon\/#breadcrumb","itemListElement":[{"@type":"ListItem","position":1,"name":"Home","item":"https:\/\/www.resansil.com\/"},{"@type":"ListItem","position":2,"name":"Actividades","item":"https:\/\/www.resansil.com\/actividades-aplicaciones\/"},{"@type":"ListItem","position":3,"name":"Producci\u00f3n de Pavimentos"}]},{"@type":"WebSite","@id":"https:\/\/www.resansil.com\/#website","url":"https:\/\/www.resansil.com\/","name":"Resansil","description":"Machinery and Application Engineering","publisher":{"@id":"https:\/\/www.resansil.com\/#organization"},"potentialAction":[{"@type":"SearchAction","target":{"@type":"EntryPoint","urlTemplate":"https:\/\/www.resansil.com\/?s={search_term_string}"},"query-input":{"@type":"PropertyValueSpecification","valueRequired":true,"valueName":"search_term_string"}}],"inLanguage":"en-US"},{"@type":"Organization","@id":"https:\/\/www.resansil.com\/#organization","name":"Resansil","url":"https:\/\/www.resansil.com\/","logo":{"@type":"ImageObject","inLanguage":"en-US","@id":"https:\/\/www.resansil.com\/#\/schema\/logo\/image\/","url":"https:\/\/www.resansil.com\/wp-content\/uploads\/RESANSIL-LOGO-2025_web.png","contentUrl":"https:\/\/www.resansil.com\/wp-content\/uploads\/RESANSIL-LOGO-2025_web.png","width":285,"height":174,"caption":"Resansil"},"image":{"@id":"https:\/\/www.resansil.com\/#\/schema\/logo\/image\/"},"sameAs":["https:\/\/www.facebook.com\/search\/top?q=gruporesansil","https:\/\/x.com\/gruporesansil","https:\/\/www.instagram.com\/gruporesansil\/","https:\/\/www.linkedin.com\/company\/resansil-inc.\/"]}]}},"_links":{"self":[{"href":"https:\/\/www.resansil.com\/en\/wp-json\/wp\/v2\/pages\/2352","targetHints":{"allow":["GET"]}}],"collection":[{"href":"https:\/\/www.resansil.com\/en\/wp-json\/wp\/v2\/pages"}],"about":[{"href":"https:\/\/www.resansil.com\/en\/wp-json\/wp\/v2\/types\/page"}],"author":[{"embeddable":true,"href":"https:\/\/www.resansil.com\/en\/wp-json\/wp\/v2\/users\/10"}],"replies":[{"embeddable":true,"href":"https:\/\/www.resansil.com\/en\/wp-json\/wp\/v2\/comments?post=2352"}],"version-history":[{"count":9,"href":"https:\/\/www.resansil.com\/en\/wp-json\/wp\/v2\/pages\/2352\/revisions"}],"predecessor-version":[{"id":7924,"href":"https:\/\/www.resansil.com\/en\/wp-json\/wp\/v2\/pages\/2352\/revisions\/7924"}],"up":[{"embeddable":true,"href":"https:\/\/www.resansil.com\/en\/wp-json\/wp\/v2\/pages\/1998"}],"wp:attachment":[{"href":"https:\/\/www.resansil.com\/en\/wp-json\/wp\/v2\/media?parent=2352"}],"curies":[{"name":"wp","href":"https:\/\/api.w.org\/{rel}","templated":true}]}}