{"id":2354,"date":"2017-08-25T16:10:12","date_gmt":"2017-08-25T16:10:12","guid":{"rendered":"http:\/\/tendenciasdigitales.com\/proyectos\/resansil\/?page_id=2354"},"modified":"2023-07-31T18:07:50","modified_gmt":"2023-07-31T22:07:50","slug":"material-processing","status":"publish","type":"page","link":"https:\/\/www.resansil.com\/en\/actividades-aplicaciones\/material-processing\/","title":{"rendered":"Mining"},"content":{"rendered":"<figure class=\"wp-block-image aligncenter size-full\"><img fetchpriority=\"high\" decoding=\"async\" width=\"576\" height=\"430\" src=\"https:\/\/www.resansil.com\/wp-content\/uploads\/2023\/07\/minadora-wirtgen-2500SM-2-jpg.webp\" alt=\"\" class=\"wp-image-5990\" srcset=\"https:\/\/www.resansil.com\/wp-content\/uploads\/2023\/07\/minadora-wirtgen-2500SM-2-jpg.webp 576w, https:\/\/www.resansil.com\/wp-content\/uploads\/2023\/07\/minadora-wirtgen-2500SM-2-300x224.webp 300w, https:\/\/www.resansil.com\/wp-content\/uploads\/2023\/07\/minadora-wirtgen-2500SM-2-16x12.webp 16w\" sizes=\"(max-width: 576px) 100vw, 576px\" \/><\/figure>\n\n\n\n<p>Wirtgen Surface Miners (Wirtgen Group) are capable of cutting, crushing and loading rock in a single work step.<\/p>\n\n\n\n<p>The mined and crushed material is delivered in a size that can be profitably processed, requiring minimal further treatment.<\/p>\n\n\n\n<p><\/p>\n\n\n\n<h3 class=\"wp-block-heading\"><strong><a href=\"https:\/\/www.resansil.com\/en\/en_us\/brands\/rubble-master\/\">See the range of models available!<\/a><\/strong><\/h3>\n\n\n\n<p><\/p>\n\n\n\n<p><\/p>\n\n\n\n<figure class=\"wp-block-image size-full\"><a href=\"https:\/\/www.resansil.com\/wp-content\/uploads\/2023\/07\/minadora-wirtgen-220SM38-1.png\"><img decoding=\"async\" width=\"768\" height=\"432\" src=\"https:\/\/www.resansil.com\/wp-content\/uploads\/2023\/07\/minadora-wirtgen-220SM38-1.png\" alt=\"\" class=\"wp-image-5991\" srcset=\"https:\/\/www.resansil.com\/wp-content\/uploads\/2023\/07\/minadora-wirtgen-220SM38-1.png 768w, https:\/\/www.resansil.com\/wp-content\/uploads\/2023\/07\/minadora-wirtgen-220SM38-1-300x169.png 300w, https:\/\/www.resansil.com\/wp-content\/uploads\/2023\/07\/minadora-wirtgen-220SM38-1-18x10.png 18w\" sizes=\"(max-width: 768px) 100vw, 768px\" \/><\/a><\/figure>","protected":false},"excerpt":{"rendered":"<p>Las Minadoras de Superficie Wirtgen (Grupo Wirtgen) son capaces de cortar, triturar y cargar roca en un \u00fanico paso de trabajo. El material extra\u00eddo y triturado es entregado en un tama\u00f1o que puede ser procesado de manera rentable, requiriendo m\u00ednimo tratamiento posterior. Conozca la gama de modelos disponibles!<\/p>","protected":false},"author":10,"featured_media":0,"parent":1998,"menu_order":0,"comment_status":"closed","ping_status":"closed","template":"","meta":{"_eb_attr":"","footnotes":""},"class_list":["post-2354","page","type-page","status-publish","hentry"],"yoast_head":"<!-- This site is optimized with the Yoast SEO plugin v27.5 - https:\/\/yoast.com\/product\/yoast-seo-wordpress\/ -->\n<title>Miner\u00eda - Resansil<\/title>\n<meta name=\"robots\" content=\"index, follow, max-snippet:-1, max-image-preview:large, max-video-preview:-1\" \/>\n<link rel=\"canonical\" href=\"https:\/\/www.resansil.com\/en\/actividades-aplicaciones\/material-processing\/\" \/>\n<meta property=\"og:locale\" content=\"en_US\" \/>\n<meta property=\"og:type\" content=\"article\" \/>\n<meta property=\"og:title\" content=\"Miner\u00eda - Resansil\" \/>\n<meta property=\"og:description\" content=\"Las Minadoras de Superficie Wirtgen (Grupo Wirtgen) son capaces de cortar, triturar y cargar roca en un \u00fanico paso de trabajo. El material extra\u00eddo y triturado es entregado en un tama\u00f1o que puede ser procesado de manera rentable, requiriendo m\u00ednimo tratamiento posterior. Conozca la gama de modelos disponibles!\" \/>\n<meta property=\"og:url\" content=\"https:\/\/www.resansil.com\/en\/actividades-aplicaciones\/material-processing\/\" \/>\n<meta property=\"og:site_name\" content=\"Resansil\" \/>\n<meta property=\"article:publisher\" content=\"https:\/\/www.facebook.com\/search\/top?q=gruporesansil\" \/>\n<meta property=\"article:modified_time\" content=\"2023-07-31T22:07:50+00:00\" \/>\n<meta property=\"og:image\" content=\"https:\/\/www.resansil.com\/wp-content\/uploads\/2023\/07\/minadora-wirtgen-2500SM-2-jpg.webp\" \/>\n<meta name=\"twitter:card\" content=\"summary_large_image\" \/>\n<meta name=\"twitter:site\" content=\"@gruporesansil\" \/>\n<meta name=\"twitter:label1\" content=\"Est. reading time\" \/>\n\t<meta name=\"twitter:data1\" content=\"1 minute\" \/>\n<script type=\"application\/ld+json\" class=\"yoast-schema-graph\">{\"@context\":\"https:\\\/\\\/schema.org\",\"@graph\":[{\"@type\":\"WebPage\",\"@id\":\"https:\\\/\\\/www.resansil.com\\\/actividades-aplicaciones\\\/material-processing\\\/\",\"url\":\"https:\\\/\\\/www.resansil.com\\\/actividades-aplicaciones\\\/material-processing\\\/\",\"name\":\"Miner\u00eda - Resansil\",\"isPartOf\":{\"@id\":\"https:\\\/\\\/www.resansil.com\\\/#website\"},\"primaryImageOfPage\":{\"@id\":\"https:\\\/\\\/www.resansil.com\\\/actividades-aplicaciones\\\/material-processing\\\/#primaryimage\"},\"image\":{\"@id\":\"https:\\\/\\\/www.resansil.com\\\/actividades-aplicaciones\\\/material-processing\\\/#primaryimage\"},\"thumbnailUrl\":\"https:\\\/\\\/www.resansil.com\\\/wp-content\\\/uploads\\\/2023\\\/07\\\/minadora-wirtgen-2500SM-2-jpg.webp\",\"datePublished\":\"2017-08-25T16:10:12+00:00\",\"dateModified\":\"2023-07-31T22:07:50+00:00\",\"breadcrumb\":{\"@id\":\"https:\\\/\\\/www.resansil.com\\\/actividades-aplicaciones\\\/material-processing\\\/#breadcrumb\"},\"inLanguage\":\"en-US\",\"potentialAction\":[{\"@type\":\"ReadAction\",\"target\":[\"https:\\\/\\\/www.resansil.com\\\/actividades-aplicaciones\\\/material-processing\\\/\"]}]},{\"@type\":\"ImageObject\",\"inLanguage\":\"en-US\",\"@id\":\"https:\\\/\\\/www.resansil.com\\\/actividades-aplicaciones\\\/material-processing\\\/#primaryimage\",\"url\":\"https:\\\/\\\/www.resansil.com\\\/wp-content\\\/uploads\\\/2023\\\/07\\\/minadora-wirtgen-2500SM-2-jpg.webp\",\"contentUrl\":\"https:\\\/\\\/www.resansil.com\\\/wp-content\\\/uploads\\\/2023\\\/07\\\/minadora-wirtgen-2500SM-2-jpg.webp\"},{\"@type\":\"BreadcrumbList\",\"@id\":\"https:\\\/\\\/www.resansil.com\\\/actividades-aplicaciones\\\/material-processing\\\/#breadcrumb\",\"itemListElement\":[{\"@type\":\"ListItem\",\"position\":1,\"name\":\"Home\",\"item\":\"https:\\\/\\\/www.resansil.com\\\/\"},{\"@type\":\"ListItem\",\"position\":2,\"name\":\"Actividades\",\"item\":\"https:\\\/\\\/www.resansil.com\\\/actividades-aplicaciones\\\/\"},{\"@type\":\"ListItem\",\"position\":3,\"name\":\"Miner\u00eda\"}]},{\"@type\":\"WebSite\",\"@id\":\"https:\\\/\\\/www.resansil.com\\\/#website\",\"url\":\"https:\\\/\\\/www.resansil.com\\\/\",\"name\":\"Resansil\",\"description\":\"Maquinaria e Ingener&iacute;a de Aplicaci&oacute;n\",\"publisher\":{\"@id\":\"https:\\\/\\\/www.resansil.com\\\/#organization\"},\"potentialAction\":[{\"@type\":\"SearchAction\",\"target\":{\"@type\":\"EntryPoint\",\"urlTemplate\":\"https:\\\/\\\/www.resansil.com\\\/?s={search_term_string}\"},\"query-input\":{\"@type\":\"PropertyValueSpecification\",\"valueRequired\":true,\"valueName\":\"search_term_string\"}}],\"inLanguage\":\"en-US\"},{\"@type\":\"Organization\",\"@id\":\"https:\\\/\\\/www.resansil.com\\\/#organization\",\"name\":\"Resansil\",\"url\":\"https:\\\/\\\/www.resansil.com\\\/\",\"logo\":{\"@type\":\"ImageObject\",\"inLanguage\":\"en-US\",\"@id\":\"https:\\\/\\\/www.resansil.com\\\/#\\\/schema\\\/logo\\\/image\\\/\",\"url\":\"https:\\\/\\\/www.resansil.com\\\/wp-content\\\/uploads\\\/RESANSIL-LOGO-2025_web.png\",\"contentUrl\":\"https:\\\/\\\/www.resansil.com\\\/wp-content\\\/uploads\\\/RESANSIL-LOGO-2025_web.png\",\"width\":285,\"height\":174,\"caption\":\"Resansil\"},\"image\":{\"@id\":\"https:\\\/\\\/www.resansil.com\\\/#\\\/schema\\\/logo\\\/image\\\/\"},\"sameAs\":[\"https:\\\/\\\/www.facebook.com\\\/search\\\/top?q=gruporesansil\",\"https:\\\/\\\/x.com\\\/gruporesansil\",\"https:\\\/\\\/www.instagram.com\\\/gruporesansil\\\/\",\"https:\\\/\\\/www.linkedin.com\\\/company\\\/resansil-inc.\\\/\"]}]}<\/script>\n<!-- \/ Yoast SEO plugin. -->","yoast_head_json":{"title":"Miner\u00eda - Resansil","robots":{"index":"index","follow":"follow","max-snippet":"max-snippet:-1","max-image-preview":"max-image-preview:large","max-video-preview":"max-video-preview:-1"},"canonical":"https:\/\/www.resansil.com\/en\/actividades-aplicaciones\/material-processing\/","og_locale":"en_US","og_type":"article","og_title":"Miner\u00eda - Resansil","og_description":"Las Minadoras de Superficie Wirtgen (Grupo Wirtgen) son capaces de cortar, triturar y cargar roca en un \u00fanico paso de trabajo. El material extra\u00eddo y triturado es entregado en un tama\u00f1o que puede ser procesado de manera rentable, requiriendo m\u00ednimo tratamiento posterior. Conozca la gama de modelos disponibles!","og_url":"https:\/\/www.resansil.com\/en\/actividades-aplicaciones\/material-processing\/","og_site_name":"Resansil","article_publisher":"https:\/\/www.facebook.com\/search\/top?q=gruporesansil","article_modified_time":"2023-07-31T22:07:50+00:00","og_image":[{"url":"https:\/\/www.resansil.com\/wp-content\/uploads\/2023\/07\/minadora-wirtgen-2500SM-2-jpg.webp","type":"","width":"","height":""}],"twitter_card":"summary_large_image","twitter_site":"@gruporesansil","twitter_misc":{"Est. reading time":"1 minute"},"schema":{"@context":"https:\/\/schema.org","@graph":[{"@type":"WebPage","@id":"https:\/\/www.resansil.com\/actividades-aplicaciones\/material-processing\/","url":"https:\/\/www.resansil.com\/actividades-aplicaciones\/material-processing\/","name":"Miner\u00eda - Resansil","isPartOf":{"@id":"https:\/\/www.resansil.com\/#website"},"primaryImageOfPage":{"@id":"https:\/\/www.resansil.com\/actividades-aplicaciones\/material-processing\/#primaryimage"},"image":{"@id":"https:\/\/www.resansil.com\/actividades-aplicaciones\/material-processing\/#primaryimage"},"thumbnailUrl":"https:\/\/www.resansil.com\/wp-content\/uploads\/2023\/07\/minadora-wirtgen-2500SM-2-jpg.webp","datePublished":"2017-08-25T16:10:12+00:00","dateModified":"2023-07-31T22:07:50+00:00","breadcrumb":{"@id":"https:\/\/www.resansil.com\/actividades-aplicaciones\/material-processing\/#breadcrumb"},"inLanguage":"en-US","potentialAction":[{"@type":"ReadAction","target":["https:\/\/www.resansil.com\/actividades-aplicaciones\/material-processing\/"]}]},{"@type":"ImageObject","inLanguage":"en-US","@id":"https:\/\/www.resansil.com\/actividades-aplicaciones\/material-processing\/#primaryimage","url":"https:\/\/www.resansil.com\/wp-content\/uploads\/2023\/07\/minadora-wirtgen-2500SM-2-jpg.webp","contentUrl":"https:\/\/www.resansil.com\/wp-content\/uploads\/2023\/07\/minadora-wirtgen-2500SM-2-jpg.webp"},{"@type":"BreadcrumbList","@id":"https:\/\/www.resansil.com\/actividades-aplicaciones\/material-processing\/#breadcrumb","itemListElement":[{"@type":"ListItem","position":1,"name":"Home","item":"https:\/\/www.resansil.com\/"},{"@type":"ListItem","position":2,"name":"Actividades","item":"https:\/\/www.resansil.com\/actividades-aplicaciones\/"},{"@type":"ListItem","position":3,"name":"Miner\u00eda"}]},{"@type":"WebSite","@id":"https:\/\/www.resansil.com\/#website","url":"https:\/\/www.resansil.com\/","name":"Resansil","description":"Machinery and Application Engineering","publisher":{"@id":"https:\/\/www.resansil.com\/#organization"},"potentialAction":[{"@type":"SearchAction","target":{"@type":"EntryPoint","urlTemplate":"https:\/\/www.resansil.com\/?s={search_term_string}"},"query-input":{"@type":"PropertyValueSpecification","valueRequired":true,"valueName":"search_term_string"}}],"inLanguage":"en-US"},{"@type":"Organization","@id":"https:\/\/www.resansil.com\/#organization","name":"Resansil","url":"https:\/\/www.resansil.com\/","logo":{"@type":"ImageObject","inLanguage":"en-US","@id":"https:\/\/www.resansil.com\/#\/schema\/logo\/image\/","url":"https:\/\/www.resansil.com\/wp-content\/uploads\/RESANSIL-LOGO-2025_web.png","contentUrl":"https:\/\/www.resansil.com\/wp-content\/uploads\/RESANSIL-LOGO-2025_web.png","width":285,"height":174,"caption":"Resansil"},"image":{"@id":"https:\/\/www.resansil.com\/#\/schema\/logo\/image\/"},"sameAs":["https:\/\/www.facebook.com\/search\/top?q=gruporesansil","https:\/\/x.com\/gruporesansil","https:\/\/www.instagram.com\/gruporesansil\/","https:\/\/www.linkedin.com\/company\/resansil-inc.\/"]}]}},"_links":{"self":[{"href":"https:\/\/www.resansil.com\/en\/wp-json\/wp\/v2\/pages\/2354","targetHints":{"allow":["GET"]}}],"collection":[{"href":"https:\/\/www.resansil.com\/en\/wp-json\/wp\/v2\/pages"}],"about":[{"href":"https:\/\/www.resansil.com\/en\/wp-json\/wp\/v2\/types\/page"}],"author":[{"embeddable":true,"href":"https:\/\/www.resansil.com\/en\/wp-json\/wp\/v2\/users\/10"}],"replies":[{"embeddable":true,"href":"https:\/\/www.resansil.com\/en\/wp-json\/wp\/v2\/comments?post=2354"}],"version-history":[{"count":6,"href":"https:\/\/www.resansil.com\/en\/wp-json\/wp\/v2\/pages\/2354\/revisions"}],"predecessor-version":[{"id":5994,"href":"https:\/\/www.resansil.com\/en\/wp-json\/wp\/v2\/pages\/2354\/revisions\/5994"}],"up":[{"embeddable":true,"href":"https:\/\/www.resansil.com\/en\/wp-json\/wp\/v2\/pages\/1998"}],"wp:attachment":[{"href":"https:\/\/www.resansil.com\/en\/wp-json\/wp\/v2\/media?parent=2354"}],"curies":[{"name":"wp","href":"https:\/\/api.w.org\/{rel}","templated":true}]}}