{"id":3384,"date":"2017-12-15T12:13:55","date_gmt":"2017-12-15T16:13:55","guid":{"rendered":"http:\/\/tendenciasdigitales.com\/proyectos\/resansil\/?page_id=3384"},"modified":"2023-07-10T15:04:26","modified_gmt":"2023-07-10T19:04:26","slug":"about-us","status":"publish","type":"page","link":"https:\/\/www.resansil.com\/en\/about-us\/","title":{"rendered":"&#8211; Nosotros"},"content":{"rendered":"<p><strong><u>Trayectoria&nbsp;&nbsp;&nbsp;&nbsp;&nbsp;&nbsp;&nbsp;&nbsp;&nbsp;&nbsp;&nbsp;&nbsp;&nbsp;&nbsp;&nbsp;&nbsp;&nbsp;&nbsp;&nbsp;&nbsp;&nbsp;&nbsp;&nbsp;&nbsp;&nbsp;<\/u><\/strong><\/p>\n\n\n\n<p><strong>Datos de inicios&nbsp;&nbsp;&nbsp;&nbsp;&nbsp;&nbsp;&nbsp;&nbsp;&nbsp;&nbsp;&nbsp;&nbsp;&nbsp;&nbsp;&nbsp;&nbsp;&nbsp;&nbsp;&nbsp;&nbsp;<\/strong><\/p>\n\n\n\n<p>En el ano 1993 Resansil comienza sus operaciones en Caracas, Venezuela, como representante del Grupo Wirtgen, ofreciendo soluciones, tecnolog\u00eda y soporte para el sector de construcci\u00f3n vial.<\/p>\n\n\n\n<p>Desde entonces y por m\u00e1s de 30 a\u00f1os, ha venido creciendo en alcance geogr\u00e1fico y gracias a la calidad de atenci\u00f3n al cliente y de sus operaciones tambi\u00e9n ha crecido el portafolio de marcas y equipos que, confiando en la empresa, otorgan su representaci\u00f3n.<\/p>\n\n\n\n<p>Resansil es el representante exclusivo para Venezuela, Centro Am\u00e9rica y el Caribe de un grupo de marcas de amplia y reconocida trayectoria mundial, en los mercados de construcci\u00f3n, servicios municipales e industria,<\/p>\n\n\n\n<p><em>-Resansil no es un distribuidor. Es la presencia oficial de las f\u00e1bricas en cada localidad, por ello puede apoyar a sus clientes con garant\u00edas y calidad de soporte, desde hace m\u00e1s de 30 a\u00f1os &#8211;<\/em><\/p>\n\n\n\n<p><strong>Evoluci\u00f3n de cobertura geogr\u00e1fica&nbsp;&nbsp;&nbsp;&nbsp;&nbsp;&nbsp;&nbsp;&nbsp;&nbsp;&nbsp;&nbsp;&nbsp;&nbsp;<\/strong><\/p>\n\n\n\n<p>Resansil ha estado presente dando apoyo a estas actividades en Latinoam\u00e9rica desde hace m\u00e1s de 30 a\u00f1os, a trav\u00e9s de sus oficinas en:<\/p>\n\n\n\n<p>Venezuela (1993)<\/p>\n\n\n\n<p>Centro Am\u00e9rica (Costa Rica, Guatemala, El Salvador, Panam\u00e1), A\u00d1OS?<\/p>\n\n\n\n<p>El Caribe (Rep\u00fablica Dominicana, Puerto Rico) A\u00d1OS?<\/p>\n\n\n\n<p>&nbsp;y un Centro Log\u00edstico para Centro Am\u00e9rica y Caribe en Miami-Florida (U.S.A). A\u00d1OS?<\/p>\n\n\n\n<p><\/p>\n\n\n\n<p><strong>Misi\u00f3n&nbsp;<\/strong>&nbsp;&nbsp;&nbsp;&nbsp;&nbsp;&nbsp;&nbsp;&nbsp;&nbsp;&nbsp;&nbsp;&nbsp;&nbsp;&nbsp;&nbsp;&nbsp;&nbsp;&nbsp;&nbsp;&nbsp;&nbsp;&nbsp;&nbsp;&nbsp;&nbsp;&nbsp;&nbsp;&nbsp;&nbsp;&nbsp;&nbsp;&nbsp;&nbsp;<\/p>\n\n\n\n<p>To develop, maintain and protect the infrastructure of Venezuela, Central America and the Caribbean, through the exclusive representation of equipment and products of the highest quality and state-of-the-art technology for the construction and maintenance of infrastructure of roads, ports, airports, industries, hydraulic works, urban planning and housing, at national, regional and municipal levels, respecting the human being and the environment.<\/p>\n\n\n\n<p><strong>Visi\u00f3n<\/strong>&nbsp;&nbsp;&nbsp;&nbsp;&nbsp;&nbsp;&nbsp;&nbsp;&nbsp;&nbsp;&nbsp;&nbsp;&nbsp;&nbsp;&nbsp;&nbsp;&nbsp;&nbsp;&nbsp;&nbsp;&nbsp;&nbsp;&nbsp;<\/p>\n\n\n\n<p>Empresa l\u00edder en la representaci\u00f3n de equipos y productos, contribuyendo con el desarrollo sostenible de nuestra regi\u00f3n, mediante servicios profesionales de Ingenier\u00eda de Aplicaci\u00f3n, que ayudan a mejorar significativamente la seguridad, calidad y longevidad de las infraestructuras en toda Am\u00e9rica Latina y El Caribe.<\/p>\n\n\n\n<p>&nbsp;<\/p>","protected":false},"excerpt":{"rendered":"<p>Trayectoria&nbsp;&nbsp;&nbsp;&nbsp;&nbsp;&nbsp;&nbsp;&nbsp;&nbsp;&nbsp;&nbsp;&nbsp;&nbsp;&nbsp;&nbsp;&nbsp;&nbsp;&nbsp;&nbsp;&nbsp;&nbsp;&nbsp;&nbsp;&nbsp;&nbsp; Datos de inicios&nbsp;&nbsp;&nbsp;&nbsp;&nbsp;&nbsp;&nbsp;&nbsp;&nbsp;&nbsp;&nbsp;&nbsp;&nbsp;&nbsp;&nbsp;&nbsp;&nbsp;&nbsp;&nbsp;&nbsp; En el ano 1993 Resansil comienza sus operaciones en Caracas, Venezuela, como representante del Grupo Wirtgen, ofreciendo soluciones, tecnolog\u00eda y soporte para el sector de construcci\u00f3n vial. Desde entonces y por m\u00e1s de 30 a\u00f1os, ha venido creciendo en alcance geogr\u00e1fico y gracias a la calidad de atenci\u00f3n al cliente y [&hellip;]<\/p>\n","protected":false},"author":10,"featured_media":0,"parent":0,"menu_order":0,"comment_status":"closed","ping_status":"closed","template":"","meta":{"_eb_attr":"","footnotes":""},"class_list":["post-3384","page","type-page","status-publish","hentry"],"yoast_head":"<!-- This site is optimized with the Yoast SEO plugin v27.5 - https:\/\/yoast.com\/product\/yoast-seo-wordpress\/ -->\n<title>- Nosotros - Resansil<\/title>\n<meta name=\"robots\" content=\"index, follow, max-snippet:-1, max-image-preview:large, max-video-preview:-1\" \/>\n<link rel=\"canonical\" href=\"https:\/\/www.resansil.com\/en\/about-us\/\" \/>\n<meta property=\"og:locale\" content=\"en_US\" \/>\n<meta property=\"og:type\" content=\"article\" \/>\n<meta property=\"og:title\" content=\"- Nosotros - Resansil\" \/>\n<meta property=\"og:description\" content=\"Trayectoria&nbsp;&nbsp;&nbsp;&nbsp;&nbsp;&nbsp;&nbsp;&nbsp;&nbsp;&nbsp;&nbsp;&nbsp;&nbsp;&nbsp;&nbsp;&nbsp;&nbsp;&nbsp;&nbsp;&nbsp;&nbsp;&nbsp;&nbsp;&nbsp;&nbsp; Datos de inicios&nbsp;&nbsp;&nbsp;&nbsp;&nbsp;&nbsp;&nbsp;&nbsp;&nbsp;&nbsp;&nbsp;&nbsp;&nbsp;&nbsp;&nbsp;&nbsp;&nbsp;&nbsp;&nbsp;&nbsp; En el ano 1993 Resansil comienza sus operaciones en Caracas, Venezuela, como representante del Grupo Wirtgen, ofreciendo soluciones, tecnolog\u00eda y soporte para el sector de construcci\u00f3n vial. Desde entonces y por m\u00e1s de 30 a\u00f1os, ha venido creciendo en alcance geogr\u00e1fico y gracias a la calidad de atenci\u00f3n al cliente y [&hellip;]\" \/>\n<meta property=\"og:url\" content=\"https:\/\/www.resansil.com\/en\/about-us\/\" \/>\n<meta property=\"og:site_name\" content=\"Resansil\" \/>\n<meta property=\"article:publisher\" content=\"https:\/\/www.facebook.com\/search\/top?q=gruporesansil\" \/>\n<meta property=\"article:modified_time\" content=\"2023-07-10T19:04:26+00:00\" \/>\n<meta name=\"twitter:card\" content=\"summary_large_image\" \/>\n<meta name=\"twitter:site\" content=\"@gruporesansil\" \/>\n<meta name=\"twitter:label1\" content=\"Est. reading time\" \/>\n\t<meta name=\"twitter:data1\" content=\"2 minutes\" \/>\n<script type=\"application\/ld+json\" class=\"yoast-schema-graph\">{\"@context\":\"https:\\\/\\\/schema.org\",\"@graph\":[{\"@type\":\"WebPage\",\"@id\":\"https:\\\/\\\/www.resansil.com\\\/about-us\\\/\",\"url\":\"https:\\\/\\\/www.resansil.com\\\/about-us\\\/\",\"name\":\"- Nosotros - Resansil\",\"isPartOf\":{\"@id\":\"https:\\\/\\\/www.resansil.com\\\/#website\"},\"datePublished\":\"2017-12-15T16:13:55+00:00\",\"dateModified\":\"2023-07-10T19:04:26+00:00\",\"breadcrumb\":{\"@id\":\"https:\\\/\\\/www.resansil.com\\\/about-us\\\/#breadcrumb\"},\"inLanguage\":\"en-US\",\"potentialAction\":[{\"@type\":\"ReadAction\",\"target\":[\"https:\\\/\\\/www.resansil.com\\\/about-us\\\/\"]}]},{\"@type\":\"BreadcrumbList\",\"@id\":\"https:\\\/\\\/www.resansil.com\\\/about-us\\\/#breadcrumb\",\"itemListElement\":[{\"@type\":\"ListItem\",\"position\":1,\"name\":\"Home\",\"item\":\"https:\\\/\\\/www.resansil.com\\\/\"},{\"@type\":\"ListItem\",\"position\":2,\"name\":\"&#8211; Nosotros\"}]},{\"@type\":\"WebSite\",\"@id\":\"https:\\\/\\\/www.resansil.com\\\/#website\",\"url\":\"https:\\\/\\\/www.resansil.com\\\/\",\"name\":\"Resansil\",\"description\":\"Maquinaria e Ingener&iacute;a de Aplicaci&oacute;n\",\"publisher\":{\"@id\":\"https:\\\/\\\/www.resansil.com\\\/#organization\"},\"potentialAction\":[{\"@type\":\"SearchAction\",\"target\":{\"@type\":\"EntryPoint\",\"urlTemplate\":\"https:\\\/\\\/www.resansil.com\\\/?s={search_term_string}\"},\"query-input\":{\"@type\":\"PropertyValueSpecification\",\"valueRequired\":true,\"valueName\":\"search_term_string\"}}],\"inLanguage\":\"en-US\"},{\"@type\":\"Organization\",\"@id\":\"https:\\\/\\\/www.resansil.com\\\/#organization\",\"name\":\"Resansil\",\"url\":\"https:\\\/\\\/www.resansil.com\\\/\",\"logo\":{\"@type\":\"ImageObject\",\"inLanguage\":\"en-US\",\"@id\":\"https:\\\/\\\/www.resansil.com\\\/#\\\/schema\\\/logo\\\/image\\\/\",\"url\":\"https:\\\/\\\/www.resansil.com\\\/wp-content\\\/uploads\\\/RESANSIL-LOGO-2025_web.png\",\"contentUrl\":\"https:\\\/\\\/www.resansil.com\\\/wp-content\\\/uploads\\\/RESANSIL-LOGO-2025_web.png\",\"width\":285,\"height\":174,\"caption\":\"Resansil\"},\"image\":{\"@id\":\"https:\\\/\\\/www.resansil.com\\\/#\\\/schema\\\/logo\\\/image\\\/\"},\"sameAs\":[\"https:\\\/\\\/www.facebook.com\\\/search\\\/top?q=gruporesansil\",\"https:\\\/\\\/x.com\\\/gruporesansil\",\"https:\\\/\\\/www.instagram.com\\\/gruporesansil\\\/\",\"https:\\\/\\\/www.linkedin.com\\\/company\\\/resansil-inc.\\\/\"]}]}<\/script>\n<!-- \/ Yoast SEO plugin. -->","yoast_head_json":{"title":"- Nosotros - Resansil","robots":{"index":"index","follow":"follow","max-snippet":"max-snippet:-1","max-image-preview":"max-image-preview:large","max-video-preview":"max-video-preview:-1"},"canonical":"https:\/\/www.resansil.com\/en\/about-us\/","og_locale":"en_US","og_type":"article","og_title":"- Nosotros - Resansil","og_description":"Trayectoria&nbsp;&nbsp;&nbsp;&nbsp;&nbsp;&nbsp;&nbsp;&nbsp;&nbsp;&nbsp;&nbsp;&nbsp;&nbsp;&nbsp;&nbsp;&nbsp;&nbsp;&nbsp;&nbsp;&nbsp;&nbsp;&nbsp;&nbsp;&nbsp;&nbsp; Datos de inicios&nbsp;&nbsp;&nbsp;&nbsp;&nbsp;&nbsp;&nbsp;&nbsp;&nbsp;&nbsp;&nbsp;&nbsp;&nbsp;&nbsp;&nbsp;&nbsp;&nbsp;&nbsp;&nbsp;&nbsp; En el ano 1993 Resansil comienza sus operaciones en Caracas, Venezuela, como representante del Grupo Wirtgen, ofreciendo soluciones, tecnolog\u00eda y soporte para el sector de construcci\u00f3n vial. Desde entonces y por m\u00e1s de 30 a\u00f1os, ha venido creciendo en alcance geogr\u00e1fico y gracias a la calidad de atenci\u00f3n al cliente y [&hellip;]","og_url":"https:\/\/www.resansil.com\/en\/about-us\/","og_site_name":"Resansil","article_publisher":"https:\/\/www.facebook.com\/search\/top?q=gruporesansil","article_modified_time":"2023-07-10T19:04:26+00:00","twitter_card":"summary_large_image","twitter_site":"@gruporesansil","twitter_misc":{"Est. reading time":"2 minutes"},"schema":{"@context":"https:\/\/schema.org","@graph":[{"@type":"WebPage","@id":"https:\/\/www.resansil.com\/about-us\/","url":"https:\/\/www.resansil.com\/about-us\/","name":"- Nosotros - Resansil","isPartOf":{"@id":"https:\/\/www.resansil.com\/#website"},"datePublished":"2017-12-15T16:13:55+00:00","dateModified":"2023-07-10T19:04:26+00:00","breadcrumb":{"@id":"https:\/\/www.resansil.com\/about-us\/#breadcrumb"},"inLanguage":"en-US","potentialAction":[{"@type":"ReadAction","target":["https:\/\/www.resansil.com\/about-us\/"]}]},{"@type":"BreadcrumbList","@id":"https:\/\/www.resansil.com\/about-us\/#breadcrumb","itemListElement":[{"@type":"ListItem","position":1,"name":"Home","item":"https:\/\/www.resansil.com\/"},{"@type":"ListItem","position":2,"name":"&#8211; Nosotros"}]},{"@type":"WebSite","@id":"https:\/\/www.resansil.com\/#website","url":"https:\/\/www.resansil.com\/","name":"Resansil","description":"Machinery and Application Engineering","publisher":{"@id":"https:\/\/www.resansil.com\/#organization"},"potentialAction":[{"@type":"SearchAction","target":{"@type":"EntryPoint","urlTemplate":"https:\/\/www.resansil.com\/?s={search_term_string}"},"query-input":{"@type":"PropertyValueSpecification","valueRequired":true,"valueName":"search_term_string"}}],"inLanguage":"en-US"},{"@type":"Organization","@id":"https:\/\/www.resansil.com\/#organization","name":"Resansil","url":"https:\/\/www.resansil.com\/","logo":{"@type":"ImageObject","inLanguage":"en-US","@id":"https:\/\/www.resansil.com\/#\/schema\/logo\/image\/","url":"https:\/\/www.resansil.com\/wp-content\/uploads\/RESANSIL-LOGO-2025_web.png","contentUrl":"https:\/\/www.resansil.com\/wp-content\/uploads\/RESANSIL-LOGO-2025_web.png","width":285,"height":174,"caption":"Resansil"},"image":{"@id":"https:\/\/www.resansil.com\/#\/schema\/logo\/image\/"},"sameAs":["https:\/\/www.facebook.com\/search\/top?q=gruporesansil","https:\/\/x.com\/gruporesansil","https:\/\/www.instagram.com\/gruporesansil\/","https:\/\/www.linkedin.com\/company\/resansil-inc.\/"]}]}},"_links":{"self":[{"href":"https:\/\/www.resansil.com\/en\/wp-json\/wp\/v2\/pages\/3384","targetHints":{"allow":["GET"]}}],"collection":[{"href":"https:\/\/www.resansil.com\/en\/wp-json\/wp\/v2\/pages"}],"about":[{"href":"https:\/\/www.resansil.com\/en\/wp-json\/wp\/v2\/types\/page"}],"author":[{"embeddable":true,"href":"https:\/\/www.resansil.com\/en\/wp-json\/wp\/v2\/users\/10"}],"replies":[{"embeddable":true,"href":"https:\/\/www.resansil.com\/en\/wp-json\/wp\/v2\/comments?post=3384"}],"version-history":[{"count":4,"href":"https:\/\/www.resansil.com\/en\/wp-json\/wp\/v2\/pages\/3384\/revisions"}],"predecessor-version":[{"id":5396,"href":"https:\/\/www.resansil.com\/en\/wp-json\/wp\/v2\/pages\/3384\/revisions\/5396"}],"wp:attachment":[{"href":"https:\/\/www.resansil.com\/en\/wp-json\/wp\/v2\/media?parent=3384"}],"curies":[{"name":"wp","href":"https:\/\/api.w.org\/{rel}","templated":true}]}}