{"id":5096,"date":"2023-07-05T10:58:28","date_gmt":"2023-07-05T14:58:28","guid":{"rendered":"https:\/\/www.resansil.com\/?page_id=5096"},"modified":"2024-03-20T14:46:51","modified_gmt":"2024-03-20T18:46:51","slug":"entrenamientos","status":"publish","type":"page","link":"https:\/\/www.resansil.com\/en\/entrenamientos\/","title":{"rendered":"Training"},"content":{"rendered":"<div data-elementor-type=\"wp-page\" data-elementor-id=\"5096\" class=\"elementor elementor-5096\" data-elementor-post-type=\"page\">\n\t\t\t\t<div class=\"elementor-element elementor-element-56d89e8 e-con-full e-flex e-con e-parent\" data-id=\"56d89e8\" data-element_type=\"container\" data-e-type=\"container\" data-settings=\"{&quot;background_background&quot;:&quot;classic&quot;}\">\n\t\t\t\t<div class=\"elementor-element elementor-element-c692687 elementor-vertical-align-middle elementor-widget__width-initial elementor-widget elementor-widget-image-box\" data-id=\"c692687\" data-element_type=\"widget\" data-e-type=\"widget\" data-widget_type=\"image-box.default\">\n\t\t\t\t<div class=\"elementor-widget-container\">\n\t\t\t\t\t<div class=\"elementor-image-box-wrapper\"><div class=\"elementor-image-box-content\"><h3 class=\"elementor-image-box-title\">TRAINING<\/h3><\/div><\/div>\t\t\t\t<\/div>\n\t\t\t\t<\/div>\n\t\t\t\t<\/div>\n\t\t<div class=\"elementor-element elementor-element-00e9cc7 e-flex e-con-boxed e-con e-parent\" data-id=\"00e9cc7\" data-element_type=\"container\" data-e-type=\"container\">\n\t\t\t\t\t<div class=\"e-con-inner\">\n\t\t\t\t<div class=\"elementor-element elementor-element-320f281 elementor-widget__width-initial elementor-widget elementor-widget-text-editor\" data-id=\"320f281\" data-element_type=\"widget\" data-e-type=\"widget\" data-widget_type=\"text-editor.default\">\n\t\t\t\t<div class=\"elementor-widget-container\">\n\t\t\t\t\t\t\t\t\t<p>Our engineering team is ready to train and update your personnel to achieve the maximum performance of the equipment and your investment.<\/p>\n<p><!-- \/wp:paragraph --><!-- wp:list --><\/p>\n<ul><!-- wp:list-item -->\n<li>Training in equipment operation (efficient use of the technology integrated in their designs).<\/li>\n<!-- \/wp:list-item --><!-- wp:list-item -->\n<li>Updating of best practices and applications in your activity.<\/li>\n<!-- \/wp:list-item --><!-- wp:list-item -->\n<li>Training for preventive maintenance of equipment and planning of replacement stock for your machinery fleet.<\/li>\n<\/ul>\t\t\t\t\t\t\t\t<\/div>\n\t\t\t\t<\/div>\n\t\t\t\t\t<\/div>\n\t\t\t\t<\/div>\n\t\t<div class=\"elementor-element elementor-element-64d38a0 e-flex e-con-boxed e-con e-parent\" data-id=\"64d38a0\" data-element_type=\"container\" data-e-type=\"container\">\n\t\t\t\t\t<div class=\"e-con-inner\">\n\t\t<div class=\"elementor-element elementor-element-af69b77 e-flex e-con-boxed e-con e-child\" data-id=\"af69b77\" data-element_type=\"container\" data-e-type=\"container\">\n\t\t\t\t\t<div class=\"e-con-inner\">\n\t\t\t\t<div class=\"elementor-element elementor-element-a58c091 elementor-widget-tablet__width-initial elementor-widget-mobile__width-inherit elementor-widget__width-initial elementor-position-top elementor-widget elementor-widget-image-box\" data-id=\"a58c091\" data-element_type=\"widget\" data-e-type=\"widget\" data-widget_type=\"image-box.default\">\n\t\t\t\t<div class=\"elementor-widget-container\">\n\t\t\t\t\t<div class=\"elementor-image-box-wrapper\"><figure class=\"elementor-image-box-img\"><a href=\"https:\/\/www.wirtgen-group.com\/es-mx\/productos\/kleemann\/tecnologias\/tecnologia-de-accionamiento\/\" tabindex=\"-1\"><img fetchpriority=\"high\" decoding=\"async\" width=\"768\" height=\"512\" src=\"https:\/\/www.resansil.com\/wp-content\/uploads\/2023\/07\/operador-equipo-768x512.webp\" class=\"elementor-animation-grow attachment-medium_large size-medium_large wp-image-5932\" alt=\"\" srcset=\"https:\/\/www.resansil.com\/wp-content\/uploads\/2023\/07\/operador-equipo-768x512.webp 768w, https:\/\/www.resansil.com\/wp-content\/uploads\/2023\/07\/operador-equipo-300x200.webp 300w, https:\/\/www.resansil.com\/wp-content\/uploads\/2023\/07\/operador-equipo-18x12.webp 18w, https:\/\/www.resansil.com\/wp-content\/uploads\/2023\/07\/operador-equipo-jpg.webp 880w\" sizes=\"(max-width: 768px) 100vw, 768px\" \/><\/a><\/figure><div class=\"elementor-image-box-content\"><h4 class=\"elementor-image-box-title\"><a href=\"https:\/\/www.wirtgen-group.com\/es-mx\/productos\/kleemann\/tecnologias\/tecnologia-de-accionamiento\/\">Operator training<\/a><\/h4><p class=\"elementor-image-box-description\">When acquiring your equipment, our experts are ready to train the personnel who will operate it, so that they get to know it, perform the operation correctly and develop the maximum performance of the high technology present in each machine.<\/p><\/div><\/div>\t\t\t\t<\/div>\n\t\t\t\t<\/div>\n\t\t\t\t<div class=\"elementor-element elementor-element-6aa8f4b elementor-widget-tablet__width-initial elementor-widget-mobile__width-inherit elementor-widget__width-initial elementor-position-top elementor-widget elementor-widget-image-box\" data-id=\"6aa8f4b\" data-element_type=\"widget\" data-e-type=\"widget\" data-widget_type=\"image-box.default\">\n\t\t\t\t<div class=\"elementor-widget-container\">\n\t\t\t\t\t<div class=\"elementor-image-box-wrapper\"><figure class=\"elementor-image-box-img\"><a href=\"https:\/\/www.wirtgen-group.com\/es-mx\/productos\/kleemann\/tecnologias\/tecnologia-de-trituracion\/\" tabindex=\"-1\"><img decoding=\"async\" width=\"339\" height=\"231\" src=\"https:\/\/www.resansil.com\/wp-content\/uploads\/2023\/07\/capacitacion-servicio.png\" class=\"elementor-animation-grow attachment-medium_large size-medium_large wp-image-5933\" alt=\"\" srcset=\"https:\/\/www.resansil.com\/wp-content\/uploads\/2023\/07\/capacitacion-servicio.png 339w, https:\/\/www.resansil.com\/wp-content\/uploads\/2023\/07\/capacitacion-servicio-300x204.png 300w, https:\/\/www.resansil.com\/wp-content\/uploads\/2023\/07\/capacitacion-servicio-18x12.png 18w\" sizes=\"(max-width: 339px) 100vw, 339px\" \/><\/a><\/figure><div class=\"elementor-image-box-content\"><h4 class=\"elementor-image-box-title\"><a href=\"https:\/\/www.wirtgen-group.com\/es-mx\/productos\/kleemann\/tecnologias\/tecnologia-de-trituracion\/\">Training of service personnel<\/a><\/h4><p class=\"elementor-image-box-description\"><p style=\"position: relative\">Our staff will train your technical team for the preventive care of the equipment and for the early detection and solution of failures, diagnostics and replacement of wear parts.<\/p><p style=\"position: relative\"><\/p><p style=\"position: relative\">We also offer to update your engineering group regarding:<\/p><p style=\"position: relative\"><\/p><ul style=\"font-size: 16px;position: relative\"><p><\/p><li style=\"font-size: 16px\">Quality control of the team's work<\/li><p><\/p><\/ul><p style=\"position: relative\"><\/p><ul style=\"font-size: 16px;position: relative\"><p><\/p><li style=\"font-size: 16px\">Characteristics and use of the technologies present in them.<\/li><\/ul><\/p><\/div><\/div>\t\t\t\t<\/div>\n\t\t\t\t<\/div>\n\t\t\t\t<div class=\"elementor-element elementor-element-993b00a elementor-widget-tablet__width-initial elementor-widget-mobile__width-inherit elementor-widget__width-initial elementor-position-top elementor-widget elementor-widget-image-box\" data-id=\"993b00a\" data-element_type=\"widget\" data-e-type=\"widget\" data-widget_type=\"image-box.default\">\n\t\t\t\t<div class=\"elementor-widget-container\">\n\t\t\t\t\t<div class=\"elementor-image-box-wrapper\"><figure class=\"elementor-image-box-img\"><a href=\"https:\/\/www.wirtgen-group.com\/es-mx\/productos\/kleemann\/tecnologias\/tecnologia-movil\/\" tabindex=\"-1\"><img decoding=\"async\" width=\"216\" height=\"218\" src=\"https:\/\/www.resansil.com\/wp-content\/uploads\/2023\/07\/planificacion.png\" class=\"elementor-animation-grow attachment-medium_large size-medium_large wp-image-5934\" alt=\"\" srcset=\"https:\/\/www.resansil.com\/wp-content\/uploads\/2023\/07\/planificacion.png 216w, https:\/\/www.resansil.com\/wp-content\/uploads\/2023\/07\/planificacion-150x150.png 150w, https:\/\/www.resansil.com\/wp-content\/uploads\/2023\/07\/planificacion-12x12.png 12w\" sizes=\"(max-width: 216px) 100vw, 216px\" \/><\/a><\/figure><div class=\"elementor-image-box-content\"><h4 class=\"elementor-image-box-title\"><a href=\"https:\/\/www.wirtgen-group.com\/es-mx\/productos\/kleemann\/tecnologias\/tecnologia-movil\/\">Maintenance and service planning training<\/a><\/h4><p class=\"elementor-image-box-description\">Training of your personnel for the internal development of periodic maintenance plans, creation of stock of spare parts for high rotation and emergencies, and inspections and status checks of equipment.<\/p><\/div><\/div>\t\t\t\t<\/div>\n\t\t\t\t<\/div>\n\t\t\t\t\t<\/div>\n\t\t\t\t<\/div>\n\t\t\t\t\t<\/div>\n\t\t\t\t<\/div>\n\t\t<div class=\"elementor-element elementor-element-1ff6804 e-flex e-con-boxed e-con e-parent\" data-id=\"1ff6804\" data-element_type=\"container\" data-e-type=\"container\">\n\t\t\t\t\t<div class=\"e-con-inner\">\n\t\t\t\t<div class=\"elementor-element elementor-element-1989dec elementor-align-center elementor-widget elementor-widget-button\" data-id=\"1989dec\" data-element_type=\"widget\" data-e-type=\"widget\" data-widget_type=\"button.default\">\n\t\t\t\t<div class=\"elementor-widget-container\">\n\t\t\t\t\t\t\t\t\t<div class=\"elementor-button-wrapper\">\n\t\t\t\t\t<a class=\"elementor-button elementor-button-link elementor-size-sm\" href=\"https:\/\/www.resansil.com\/en\/en_us\/area-de-clientes\/\">\n\t\t\t\t\t\t<span class=\"elementor-button-content-wrapper\">\n\t\t\t\t\t\t\t\t\t<span class=\"elementor-button-text\">Request training for your staff in our Customer Area<\/span>\n\t\t\t\t\t<\/span>\n\t\t\t\t\t<\/a>\n\t\t\t\t<\/div>\n\t\t\t\t\t\t\t\t<\/div>\n\t\t\t\t<\/div>\n\t\t\t\t\t<\/div>\n\t\t\t\t<\/div>\n\t\t\t\t<\/div>","protected":false},"excerpt":{"rendered":"<p>ENTRENAMIENTOS Nuestros grupo de ingenieros est\u00e1 preparado para adiestrar y actualizar a su personal para lograr el m\u00e1ximo rendimiento del equipo y de su inversi\u00f3n. Entrenamiento en operaci\u00f3n de los equipos (manejo eficiente de la tecnolog\u00eda integrada en sus dise\u00f1os) Actualizaci\u00f3n de las mejores pr\u00e1cticas y aplicaciones en su actividad. Capacitaci\u00f3n para mantenimiento preventivo de [&hellip;]<\/p>\n","protected":false},"author":10,"featured_media":0,"parent":0,"menu_order":0,"comment_status":"closed","ping_status":"closed","template":"","meta":{"_eb_attr":"","footnotes":""},"class_list":["post-5096","page","type-page","status-publish","hentry"],"yoast_head":"<!-- This site is optimized with the Yoast SEO plugin v27.4 - https:\/\/yoast.com\/product\/yoast-seo-wordpress\/ -->\n<title>Entrenamientos - Resansil<\/title>\n<meta name=\"robots\" content=\"index, follow, max-snippet:-1, max-image-preview:large, max-video-preview:-1\" \/>\n<link rel=\"canonical\" href=\"https:\/\/www.resansil.com\/en\/entrenamientos\/\" \/>\n<meta property=\"og:locale\" content=\"en_US\" \/>\n<meta property=\"og:type\" content=\"article\" \/>\n<meta property=\"og:title\" content=\"Entrenamientos - Resansil\" \/>\n<meta property=\"og:description\" content=\"ENTRENAMIENTOS Nuestros grupo de ingenieros est\u00e1 preparado para adiestrar y actualizar a su personal para lograr el m\u00e1ximo rendimiento del equipo y de su inversi\u00f3n. Entrenamiento en operaci\u00f3n de los equipos (manejo eficiente de la tecnolog\u00eda integrada en sus dise\u00f1os) Actualizaci\u00f3n de las mejores pr\u00e1cticas y aplicaciones en su actividad. Capacitaci\u00f3n para mantenimiento preventivo de [&hellip;]\" \/>\n<meta property=\"og:url\" content=\"https:\/\/www.resansil.com\/en\/entrenamientos\/\" \/>\n<meta property=\"og:site_name\" content=\"Resansil\" \/>\n<meta property=\"article:publisher\" content=\"https:\/\/www.facebook.com\/search\/top?q=gruporesansil\" \/>\n<meta property=\"article:modified_time\" content=\"2024-03-20T18:46:51+00:00\" \/>\n<meta property=\"og:image\" content=\"https:\/\/www.resansil.com\/wp-content\/uploads\/2023\/07\/operador-equipo-768x512.webp\" \/>\n<meta name=\"twitter:card\" content=\"summary_large_image\" \/>\n<meta name=\"twitter:site\" content=\"@gruporesansil\" \/>\n<meta name=\"twitter:label1\" content=\"Est. reading time\" \/>\n\t<meta name=\"twitter:data1\" content=\"2 minutes\" \/>\n<script type=\"application\/ld+json\" class=\"yoast-schema-graph\">{\"@context\":\"https:\\\/\\\/schema.org\",\"@graph\":[{\"@type\":\"WebPage\",\"@id\":\"https:\\\/\\\/www.resansil.com\\\/entrenamientos\\\/\",\"url\":\"https:\\\/\\\/www.resansil.com\\\/entrenamientos\\\/\",\"name\":\"Entrenamientos - Resansil\",\"isPartOf\":{\"@id\":\"https:\\\/\\\/www.resansil.com\\\/#website\"},\"primaryImageOfPage\":{\"@id\":\"https:\\\/\\\/www.resansil.com\\\/entrenamientos\\\/#primaryimage\"},\"image\":{\"@id\":\"https:\\\/\\\/www.resansil.com\\\/entrenamientos\\\/#primaryimage\"},\"thumbnailUrl\":\"https:\\\/\\\/www.resansil.com\\\/wp-content\\\/uploads\\\/2023\\\/07\\\/operador-equipo-768x512.webp\",\"datePublished\":\"2023-07-05T14:58:28+00:00\",\"dateModified\":\"2024-03-20T18:46:51+00:00\",\"breadcrumb\":{\"@id\":\"https:\\\/\\\/www.resansil.com\\\/entrenamientos\\\/#breadcrumb\"},\"inLanguage\":\"en-US\",\"potentialAction\":[{\"@type\":\"ReadAction\",\"target\":[\"https:\\\/\\\/www.resansil.com\\\/entrenamientos\\\/\"]}]},{\"@type\":\"ImageObject\",\"inLanguage\":\"en-US\",\"@id\":\"https:\\\/\\\/www.resansil.com\\\/entrenamientos\\\/#primaryimage\",\"url\":\"https:\\\/\\\/www.resansil.com\\\/wp-content\\\/uploads\\\/2023\\\/07\\\/operador-equipo-768x512.webp\",\"contentUrl\":\"https:\\\/\\\/www.resansil.com\\\/wp-content\\\/uploads\\\/2023\\\/07\\\/operador-equipo-768x512.webp\"},{\"@type\":\"BreadcrumbList\",\"@id\":\"https:\\\/\\\/www.resansil.com\\\/entrenamientos\\\/#breadcrumb\",\"itemListElement\":[{\"@type\":\"ListItem\",\"position\":1,\"name\":\"Home\",\"item\":\"https:\\\/\\\/www.resansil.com\\\/\"},{\"@type\":\"ListItem\",\"position\":2,\"name\":\"Entrenamientos\"}]},{\"@type\":\"WebSite\",\"@id\":\"https:\\\/\\\/www.resansil.com\\\/#website\",\"url\":\"https:\\\/\\\/www.resansil.com\\\/\",\"name\":\"Resansil\",\"description\":\"Maquinaria e Ingener&iacute;a de Aplicaci&oacute;n\",\"publisher\":{\"@id\":\"https:\\\/\\\/www.resansil.com\\\/#organization\"},\"potentialAction\":[{\"@type\":\"SearchAction\",\"target\":{\"@type\":\"EntryPoint\",\"urlTemplate\":\"https:\\\/\\\/www.resansil.com\\\/?s={search_term_string}\"},\"query-input\":{\"@type\":\"PropertyValueSpecification\",\"valueRequired\":true,\"valueName\":\"search_term_string\"}}],\"inLanguage\":\"en-US\"},{\"@type\":\"Organization\",\"@id\":\"https:\\\/\\\/www.resansil.com\\\/#organization\",\"name\":\"Resansil\",\"url\":\"https:\\\/\\\/www.resansil.com\\\/\",\"logo\":{\"@type\":\"ImageObject\",\"inLanguage\":\"en-US\",\"@id\":\"https:\\\/\\\/www.resansil.com\\\/#\\\/schema\\\/logo\\\/image\\\/\",\"url\":\"https:\\\/\\\/www.resansil.com\\\/wp-content\\\/uploads\\\/RESANSIL-LOGO-2025_web.png\",\"contentUrl\":\"https:\\\/\\\/www.resansil.com\\\/wp-content\\\/uploads\\\/RESANSIL-LOGO-2025_web.png\",\"width\":285,\"height\":174,\"caption\":\"Resansil\"},\"image\":{\"@id\":\"https:\\\/\\\/www.resansil.com\\\/#\\\/schema\\\/logo\\\/image\\\/\"},\"sameAs\":[\"https:\\\/\\\/www.facebook.com\\\/search\\\/top?q=gruporesansil\",\"https:\\\/\\\/x.com\\\/gruporesansil\",\"https:\\\/\\\/www.instagram.com\\\/gruporesansil\\\/\",\"https:\\\/\\\/www.linkedin.com\\\/company\\\/resansil-inc.\\\/\"]}]}<\/script>\n<!-- \/ Yoast SEO plugin. -->","yoast_head_json":{"title":"Entrenamientos - Resansil","robots":{"index":"index","follow":"follow","max-snippet":"max-snippet:-1","max-image-preview":"max-image-preview:large","max-video-preview":"max-video-preview:-1"},"canonical":"https:\/\/www.resansil.com\/en\/entrenamientos\/","og_locale":"en_US","og_type":"article","og_title":"Entrenamientos - Resansil","og_description":"ENTRENAMIENTOS Nuestros grupo de ingenieros est\u00e1 preparado para adiestrar y actualizar a su personal para lograr el m\u00e1ximo rendimiento del equipo y de su inversi\u00f3n. Entrenamiento en operaci\u00f3n de los equipos (manejo eficiente de la tecnolog\u00eda integrada en sus dise\u00f1os) Actualizaci\u00f3n de las mejores pr\u00e1cticas y aplicaciones en su actividad. Capacitaci\u00f3n para mantenimiento preventivo de [&hellip;]","og_url":"https:\/\/www.resansil.com\/en\/entrenamientos\/","og_site_name":"Resansil","article_publisher":"https:\/\/www.facebook.com\/search\/top?q=gruporesansil","article_modified_time":"2024-03-20T18:46:51+00:00","og_image":[{"url":"https:\/\/www.resansil.com\/wp-content\/uploads\/2023\/07\/operador-equipo-768x512.webp","type":"","width":"","height":""}],"twitter_card":"summary_large_image","twitter_site":"@gruporesansil","twitter_misc":{"Est. reading time":"2 minutes"},"schema":{"@context":"https:\/\/schema.org","@graph":[{"@type":"WebPage","@id":"https:\/\/www.resansil.com\/entrenamientos\/","url":"https:\/\/www.resansil.com\/entrenamientos\/","name":"Entrenamientos - Resansil","isPartOf":{"@id":"https:\/\/www.resansil.com\/#website"},"primaryImageOfPage":{"@id":"https:\/\/www.resansil.com\/entrenamientos\/#primaryimage"},"image":{"@id":"https:\/\/www.resansil.com\/entrenamientos\/#primaryimage"},"thumbnailUrl":"https:\/\/www.resansil.com\/wp-content\/uploads\/2023\/07\/operador-equipo-768x512.webp","datePublished":"2023-07-05T14:58:28+00:00","dateModified":"2024-03-20T18:46:51+00:00","breadcrumb":{"@id":"https:\/\/www.resansil.com\/entrenamientos\/#breadcrumb"},"inLanguage":"en-US","potentialAction":[{"@type":"ReadAction","target":["https:\/\/www.resansil.com\/entrenamientos\/"]}]},{"@type":"ImageObject","inLanguage":"en-US","@id":"https:\/\/www.resansil.com\/entrenamientos\/#primaryimage","url":"https:\/\/www.resansil.com\/wp-content\/uploads\/2023\/07\/operador-equipo-768x512.webp","contentUrl":"https:\/\/www.resansil.com\/wp-content\/uploads\/2023\/07\/operador-equipo-768x512.webp"},{"@type":"BreadcrumbList","@id":"https:\/\/www.resansil.com\/entrenamientos\/#breadcrumb","itemListElement":[{"@type":"ListItem","position":1,"name":"Home","item":"https:\/\/www.resansil.com\/"},{"@type":"ListItem","position":2,"name":"Entrenamientos"}]},{"@type":"WebSite","@id":"https:\/\/www.resansil.com\/#website","url":"https:\/\/www.resansil.com\/","name":"Resansil","description":"Machinery and Application Engineering","publisher":{"@id":"https:\/\/www.resansil.com\/#organization"},"potentialAction":[{"@type":"SearchAction","target":{"@type":"EntryPoint","urlTemplate":"https:\/\/www.resansil.com\/?s={search_term_string}"},"query-input":{"@type":"PropertyValueSpecification","valueRequired":true,"valueName":"search_term_string"}}],"inLanguage":"en-US"},{"@type":"Organization","@id":"https:\/\/www.resansil.com\/#organization","name":"Resansil","url":"https:\/\/www.resansil.com\/","logo":{"@type":"ImageObject","inLanguage":"en-US","@id":"https:\/\/www.resansil.com\/#\/schema\/logo\/image\/","url":"https:\/\/www.resansil.com\/wp-content\/uploads\/RESANSIL-LOGO-2025_web.png","contentUrl":"https:\/\/www.resansil.com\/wp-content\/uploads\/RESANSIL-LOGO-2025_web.png","width":285,"height":174,"caption":"Resansil"},"image":{"@id":"https:\/\/www.resansil.com\/#\/schema\/logo\/image\/"},"sameAs":["https:\/\/www.facebook.com\/search\/top?q=gruporesansil","https:\/\/x.com\/gruporesansil","https:\/\/www.instagram.com\/gruporesansil\/","https:\/\/www.linkedin.com\/company\/resansil-inc.\/"]}]}},"_links":{"self":[{"href":"https:\/\/www.resansil.com\/en\/wp-json\/wp\/v2\/pages\/5096","targetHints":{"allow":["GET"]}}],"collection":[{"href":"https:\/\/www.resansil.com\/en\/wp-json\/wp\/v2\/pages"}],"about":[{"href":"https:\/\/www.resansil.com\/en\/wp-json\/wp\/v2\/types\/page"}],"author":[{"embeddable":true,"href":"https:\/\/www.resansil.com\/en\/wp-json\/wp\/v2\/users\/10"}],"replies":[{"embeddable":true,"href":"https:\/\/www.resansil.com\/en\/wp-json\/wp\/v2\/comments?post=5096"}],"version-history":[{"count":24,"href":"https:\/\/www.resansil.com\/en\/wp-json\/wp\/v2\/pages\/5096\/revisions"}],"predecessor-version":[{"id":8668,"href":"https:\/\/www.resansil.com\/en\/wp-json\/wp\/v2\/pages\/5096\/revisions\/8668"}],"wp:attachment":[{"href":"https:\/\/www.resansil.com\/en\/wp-json\/wp\/v2\/media?parent=5096"}],"curies":[{"name":"wp","href":"https:\/\/api.w.org\/{rel}","templated":true}]}}