{"id":5697,"date":"2023-07-14T11:29:27","date_gmt":"2023-07-14T15:29:27","guid":{"rendered":"https:\/\/www.resansil.com\/?page_id=5697"},"modified":"2024-01-22T16:22:13","modified_gmt":"2024-01-22T21:22:13","slug":"equipos-de-alquiler","status":"publish","type":"page","link":"https:\/\/www.resansil.com\/en\/equipos-de-alquiler\/","title":{"rendered":"Rental Equipment"},"content":{"rendered":"<div data-elementor-type=\"wp-page\" data-elementor-id=\"5697\" class=\"elementor elementor-5697\" data-elementor-post-type=\"page\">\n\t\t\t\t<div class=\"elementor-element elementor-element-2be24cd e-con-full e-flex e-con e-parent\" data-id=\"2be24cd\" data-element_type=\"container\" data-e-type=\"container\" data-settings=\"{&quot;background_background&quot;:&quot;classic&quot;}\">\n\t\t\t\t<div class=\"elementor-element elementor-element-7d04bbf elementor-vertical-align-middle elementor-widget__width-initial elementor-widget elementor-widget-image-box\" data-id=\"7d04bbf\" data-element_type=\"widget\" data-e-type=\"widget\" data-widget_type=\"image-box.default\">\n\t\t\t\t<div class=\"elementor-widget-container\">\n\t\t\t\t\t<div class=\"elementor-image-box-wrapper\"><div class=\"elementor-image-box-content\"><h3 class=\"elementor-image-box-title\">RENTAL EQUIPMENT<\/h3><\/div><\/div>\t\t\t\t<\/div>\n\t\t\t\t<\/div>\n\t\t\t\t<\/div>\n\t\t<div class=\"elementor-element elementor-element-24a3408 e-flex e-con-boxed e-con e-parent\" data-id=\"24a3408\" data-element_type=\"container\" data-e-type=\"container\">\n\t\t\t\t\t<div class=\"e-con-inner\">\n\t\t<div class=\"elementor-element elementor-element-0f49a8a e-con-full e-flex e-con e-child\" data-id=\"0f49a8a\" data-element_type=\"container\" data-e-type=\"container\">\n\t\t\t\t<div class=\"elementor-element elementor-element-5da074e elementor-widget elementor-widget-image\" data-id=\"5da074e\" data-element_type=\"widget\" data-e-type=\"widget\" data-widget_type=\"image.default\">\n\t\t\t\t<div class=\"elementor-widget-container\">\n\t\t\t\t\t\t\t\t\t\t\t\t\t\t\t<img fetchpriority=\"high\" decoding=\"async\" width=\"800\" height=\"600\" src=\"https:\/\/www.resansil.com\/wp-content\/uploads\/3411-Alq-CR-1024x768.webp\" class=\"attachment-large size-large wp-image-7472\" alt=\"\" srcset=\"https:\/\/www.resansil.com\/wp-content\/uploads\/3411-Alq-CR-1024x768.webp 1024w, https:\/\/www.resansil.com\/wp-content\/uploads\/3411-Alq-CR-300x225.webp 300w, https:\/\/www.resansil.com\/wp-content\/uploads\/3411-Alq-CR-768x576.webp 768w, https:\/\/www.resansil.com\/wp-content\/uploads\/3411-Alq-CR-1536x1152.webp 1536w, https:\/\/www.resansil.com\/wp-content\/uploads\/3411-Alq-CR-16x12.webp 16w, https:\/\/www.resansil.com\/wp-content\/uploads\/3411-Alq-CR-jpg.webp 1600w\" sizes=\"(max-width: 800px) 100vw, 800px\" \/>\t\t\t\t\t\t\t\t\t\t\t\t\t\t\t<\/div>\n\t\t\t\t<\/div>\n\t\t\t\t<div class=\"elementor-element elementor-element-b5acedc elementor-align-left elementor-widget elementor-widget-button\" data-id=\"b5acedc\" data-element_type=\"widget\" data-e-type=\"widget\" data-widget_type=\"button.default\">\n\t\t\t\t<div class=\"elementor-widget-container\">\n\t\t\t\t\t\t\t\t\t<div class=\"elementor-button-wrapper\">\n\t\t\t\t\t<a class=\"elementor-button elementor-size-sm\" role=\"button\">\n\t\t\t\t\t\t<span class=\"elementor-button-content-wrapper\">\n\t\t\t\t\t\t\t\t\t<span class=\"elementor-button-text\">HAMM 3411<\/span>\n\t\t\t\t\t<\/span>\n\t\t\t\t\t<\/a>\n\t\t\t\t<\/div>\n\t\t\t\t\t\t\t\t<\/div>\n\t\t\t\t<\/div>\n\t\t\t\t<div class=\"elementor-element elementor-element-7928a32 elementor-widget elementor-widget-text-editor\" data-id=\"7928a32\" data-element_type=\"widget\" data-e-type=\"widget\" data-widget_type=\"text-editor.default\">\n\t\t\t\t<div class=\"elementor-widget-container\">\n\t\t\t\t\t\t\t\t\t<p style=\"text-align: center;\">Location: Costa Rica<\/p>\t\t\t\t\t\t\t\t<\/div>\n\t\t\t\t<\/div>\n\t\t\t\t<\/div>\n\t\t<div class=\"elementor-element elementor-element-d2be063 e-con-full e-flex e-con e-child\" data-id=\"d2be063\" data-element_type=\"container\" data-e-type=\"container\">\n\t\t\t\t<div class=\"elementor-element elementor-element-d61368f elementor-widget elementor-widget-image\" data-id=\"d61368f\" data-element_type=\"widget\" data-e-type=\"widget\" data-widget_type=\"image.default\">\n\t\t\t\t<div class=\"elementor-widget-container\">\n\t\t\t\t\t\t\t\t\t\t\t\t\t\t\t<img decoding=\"async\" width=\"800\" height=\"721\" src=\"https:\/\/www.resansil.com\/wp-content\/uploads\/HD13-Alq-CR-jpg.webp\" class=\"attachment-large size-large wp-image-7473\" alt=\"\" srcset=\"https:\/\/www.resansil.com\/wp-content\/uploads\/HD13-Alq-CR-jpg.webp 999w, https:\/\/www.resansil.com\/wp-content\/uploads\/HD13-Alq-CR-300x270.webp 300w, https:\/\/www.resansil.com\/wp-content\/uploads\/HD13-Alq-CR-768x692.webp 768w, https:\/\/www.resansil.com\/wp-content\/uploads\/HD13-Alq-CR-13x12.webp 13w\" sizes=\"(max-width: 800px) 100vw, 800px\" \/>\t\t\t\t\t\t\t\t\t\t\t\t\t\t\t<\/div>\n\t\t\t\t<\/div>\n\t\t\t\t<div class=\"elementor-element elementor-element-1b83de3 elementor-align-center elementor-widget elementor-widget-button\" data-id=\"1b83de3\" data-element_type=\"widget\" data-e-type=\"widget\" data-widget_type=\"button.default\">\n\t\t\t\t<div class=\"elementor-widget-container\">\n\t\t\t\t\t\t\t\t\t<div class=\"elementor-button-wrapper\">\n\t\t\t\t\t<a class=\"elementor-button elementor-size-sm\" role=\"button\">\n\t\t\t\t\t\t<span class=\"elementor-button-content-wrapper\">\n\t\t\t\t\t\t\t\t\t<span class=\"elementor-button-text\">HAMM HD13<\/span>\n\t\t\t\t\t<\/span>\n\t\t\t\t\t<\/a>\n\t\t\t\t<\/div>\n\t\t\t\t\t\t\t\t<\/div>\n\t\t\t\t<\/div>\n\t\t\t\t<div class=\"elementor-element elementor-element-1036c3b elementor-widget elementor-widget-text-editor\" data-id=\"1036c3b\" data-element_type=\"widget\" data-e-type=\"widget\" data-widget_type=\"text-editor.default\">\n\t\t\t\t<div class=\"elementor-widget-container\">\n\t\t\t\t\t\t\t\t\t<p style=\"text-align: center;\">Location: Costa Rica<\/p>\t\t\t\t\t\t\t\t<\/div>\n\t\t\t\t<\/div>\n\t\t\t\t<\/div>\n\t\t<div class=\"elementor-element elementor-element-16d67fc e-con-full e-flex e-con e-child\" data-id=\"16d67fc\" data-element_type=\"container\" data-e-type=\"container\">\n\t\t\t\t<div class=\"elementor-element elementor-element-5d5d5fc elementor-widget elementor-widget-image\" data-id=\"5d5d5fc\" data-element_type=\"widget\" data-e-type=\"widget\" data-widget_type=\"image.default\">\n\t\t\t\t<div class=\"elementor-widget-container\">\n\t\t\t\t\t\t\t\t\t\t\t\t\t\t\t<img decoding=\"async\" width=\"800\" height=\"450\" src=\"https:\/\/www.resansil.com\/wp-content\/uploads\/HP280-Alq-CR-1024x576.webp\" class=\"attachment-large size-large wp-image-7474\" alt=\"\" srcset=\"https:\/\/www.resansil.com\/wp-content\/uploads\/HP280-Alq-CR-1024x576.webp 1024w, https:\/\/www.resansil.com\/wp-content\/uploads\/HP280-Alq-CR-300x169.webp 300w, https:\/\/www.resansil.com\/wp-content\/uploads\/HP280-Alq-CR-768x432.webp 768w, https:\/\/www.resansil.com\/wp-content\/uploads\/HP280-Alq-CR-1536x864.webp 1536w, https:\/\/www.resansil.com\/wp-content\/uploads\/HP280-Alq-CR-18x10.webp 18w, https:\/\/www.resansil.com\/wp-content\/uploads\/HP280-Alq-CR-jpg.webp 1600w\" sizes=\"(max-width: 800px) 100vw, 800px\" \/>\t\t\t\t\t\t\t\t\t\t\t\t\t\t\t<\/div>\n\t\t\t\t<\/div>\n\t\t\t\t<div class=\"elementor-element elementor-element-c418811 elementor-align-center elementor-widget elementor-widget-button\" data-id=\"c418811\" data-element_type=\"widget\" data-e-type=\"widget\" data-widget_type=\"button.default\">\n\t\t\t\t<div class=\"elementor-widget-container\">\n\t\t\t\t\t\t\t\t\t<div class=\"elementor-button-wrapper\">\n\t\t\t\t\t<a class=\"elementor-button elementor-size-sm\" role=\"button\">\n\t\t\t\t\t\t<span class=\"elementor-button-content-wrapper\">\n\t\t\t\t\t\t\t\t\t<span class=\"elementor-button-text\">HAMM HP 280<\/span>\n\t\t\t\t\t<\/span>\n\t\t\t\t\t<\/a>\n\t\t\t\t<\/div>\n\t\t\t\t\t\t\t\t<\/div>\n\t\t\t\t<\/div>\n\t\t\t\t<div class=\"elementor-element elementor-element-65bf0df elementor-widget elementor-widget-text-editor\" data-id=\"65bf0df\" data-element_type=\"widget\" data-e-type=\"widget\" data-widget_type=\"text-editor.default\">\n\t\t\t\t<div class=\"elementor-widget-container\">\n\t\t\t\t\t\t\t\t\t<p style=\"text-align: center;\">Location: Costa Rica<\/p>\t\t\t\t\t\t\t\t<\/div>\n\t\t\t\t<\/div>\n\t\t\t\t<\/div>\n\t\t\t\t\t<\/div>\n\t\t\t\t<\/div>\n\t\t<div class=\"elementor-element elementor-element-a96f296 e-flex e-con-boxed e-con e-parent\" data-id=\"a96f296\" data-element_type=\"container\" data-e-type=\"container\">\n\t\t\t\t\t<div class=\"e-con-inner\">\n\t\t<div class=\"elementor-element elementor-element-6e21aac e-con-full e-flex e-con e-child\" data-id=\"6e21aac\" data-element_type=\"container\" data-e-type=\"container\">\n\t\t\t\t<div class=\"elementor-element elementor-element-a3bf20c elementor-widget elementor-widget-image\" data-id=\"a3bf20c\" data-element_type=\"widget\" data-e-type=\"widget\" data-widget_type=\"image.default\">\n\t\t\t\t<div class=\"elementor-widget-container\">\n\t\t\t\t\t\t\t\t\t\t\t\t\t\t\t<img loading=\"lazy\" decoding=\"async\" width=\"800\" height=\"577\" src=\"https:\/\/www.resansil.com\/wp-content\/uploads\/HD90-Alq-CR-1024x739.webp\" class=\"attachment-large size-large wp-image-7468\" alt=\"\" srcset=\"https:\/\/www.resansil.com\/wp-content\/uploads\/HD90-Alq-CR-1024x739.webp 1024w, https:\/\/www.resansil.com\/wp-content\/uploads\/HD90-Alq-CR-300x217.webp 300w, https:\/\/www.resansil.com\/wp-content\/uploads\/HD90-Alq-CR-768x554.webp 768w, https:\/\/www.resansil.com\/wp-content\/uploads\/HD90-Alq-CR-18x12.webp 18w, https:\/\/www.resansil.com\/wp-content\/uploads\/HD90-Alq-CR-jpg.webp 1151w\" sizes=\"(max-width: 800px) 100vw, 800px\" \/>\t\t\t\t\t\t\t\t\t\t\t\t\t\t\t<\/div>\n\t\t\t\t<\/div>\n\t\t\t\t<div class=\"elementor-element elementor-element-4673871 elementor-align-center elementor-widget elementor-widget-button\" data-id=\"4673871\" data-element_type=\"widget\" data-e-type=\"widget\" data-widget_type=\"button.default\">\n\t\t\t\t<div class=\"elementor-widget-container\">\n\t\t\t\t\t\t\t\t\t<div class=\"elementor-button-wrapper\">\n\t\t\t\t\t<a class=\"elementor-button elementor-size-sm\" role=\"button\">\n\t\t\t\t\t\t<span class=\"elementor-button-content-wrapper\">\n\t\t\t\t\t\t\t\t\t<span class=\"elementor-button-text\">HAMM D90<\/span>\n\t\t\t\t\t<\/span>\n\t\t\t\t\t<\/a>\n\t\t\t\t<\/div>\n\t\t\t\t\t\t\t\t<\/div>\n\t\t\t\t<\/div>\n\t\t\t\t<div class=\"elementor-element elementor-element-a8b0c49 elementor-widget elementor-widget-text-editor\" data-id=\"a8b0c49\" data-element_type=\"widget\" data-e-type=\"widget\" data-widget_type=\"text-editor.default\">\n\t\t\t\t<div class=\"elementor-widget-container\">\n\t\t\t\t\t\t\t\t\t<p style=\"text-align: center;\">Location: Costa Rica<\/p>\t\t\t\t\t\t\t\t<\/div>\n\t\t\t\t<\/div>\n\t\t\t\t<\/div>\n\t\t<div class=\"elementor-element elementor-element-3324e7b e-con-full e-flex e-con e-child\" data-id=\"3324e7b\" data-element_type=\"container\" data-e-type=\"container\">\n\t\t\t\t<div class=\"elementor-element elementor-element-0dc3892 elementor-widget elementor-widget-image\" data-id=\"0dc3892\" data-element_type=\"widget\" data-e-type=\"widget\" data-widget_type=\"image.default\">\n\t\t\t\t<div class=\"elementor-widget-container\">\n\t\t\t\t\t\t\t\t\t\t\t\t\t\t\t<img loading=\"lazy\" decoding=\"async\" width=\"800\" height=\"600\" src=\"https:\/\/www.resansil.com\/wp-content\/uploads\/RCT350-Alq-CR-1024x768.webp\" class=\"attachment-large size-large wp-image-7469\" alt=\"\" srcset=\"https:\/\/www.resansil.com\/wp-content\/uploads\/RCT350-Alq-CR-1024x768.webp 1024w, https:\/\/www.resansil.com\/wp-content\/uploads\/RCT350-Alq-CR-300x225.webp 300w, https:\/\/www.resansil.com\/wp-content\/uploads\/RCT350-Alq-CR-768x576.webp 768w, https:\/\/www.resansil.com\/wp-content\/uploads\/RCT350-Alq-CR-1536x1152.webp 1536w, https:\/\/www.resansil.com\/wp-content\/uploads\/RCT350-Alq-CR-16x12.webp 16w, https:\/\/www.resansil.com\/wp-content\/uploads\/RCT350-Alq-CR-jpg.webp 1600w\" sizes=\"(max-width: 800px) 100vw, 800px\" \/>\t\t\t\t\t\t\t\t\t\t\t\t\t\t\t<\/div>\n\t\t\t\t<\/div>\n\t\t\t\t<div class=\"elementor-element elementor-element-f1e80d9 elementor-align-left elementor-widget elementor-widget-button\" data-id=\"f1e80d9\" data-element_type=\"widget\" data-e-type=\"widget\" data-widget_type=\"button.default\">\n\t\t\t\t<div class=\"elementor-widget-container\">\n\t\t\t\t\t\t\t\t\t<div class=\"elementor-button-wrapper\">\n\t\t\t\t\t<a class=\"elementor-button elementor-size-sm\" role=\"button\">\n\t\t\t\t\t\t<span class=\"elementor-button-content-wrapper\">\n\t\t\t\t\t\t\t\t\t<span class=\"elementor-button-text\">BROOM BROOM RCT350<\/span>\n\t\t\t\t\t<\/span>\n\t\t\t\t\t<\/a>\n\t\t\t\t<\/div>\n\t\t\t\t\t\t\t\t<\/div>\n\t\t\t\t<\/div>\n\t\t\t\t<div class=\"elementor-element elementor-element-d7f6465 elementor-widget elementor-widget-text-editor\" data-id=\"d7f6465\" data-element_type=\"widget\" data-e-type=\"widget\" data-widget_type=\"text-editor.default\">\n\t\t\t\t<div class=\"elementor-widget-container\">\n\t\t\t\t\t\t\t\t\t<p style=\"text-align: center;\">Location: Costa Rica<\/p>\t\t\t\t\t\t\t\t<\/div>\n\t\t\t\t<\/div>\n\t\t\t\t<\/div>\n\t\t\t\t\t<\/div>\n\t\t\t\t<\/div>\n\t\t<div class=\"elementor-element elementor-element-1ea67f0 e-flex e-con-boxed e-con e-parent\" data-id=\"1ea67f0\" data-element_type=\"container\" data-e-type=\"container\">\n\t\t\t\t\t<div class=\"e-con-inner\">\n\t\t\t\t<div class=\"elementor-element elementor-element-27e6e33 elementor-widget elementor-widget-button\" data-id=\"27e6e33\" data-element_type=\"widget\" data-e-type=\"widget\" data-widget_type=\"button.default\">\n\t\t\t\t<div class=\"elementor-widget-container\">\n\t\t\t\t\t\t\t\t\t<div class=\"elementor-button-wrapper\">\n\t\t\t\t\t<a class=\"elementor-button elementor-button-link elementor-size-sm\" href=\"#\">\n\t\t\t\t\t\t<span class=\"elementor-button-content-wrapper\">\n\t\t\t\t\t\t\t\t\t<span class=\"elementor-button-text\">Request a Quote<\/span>\n\t\t\t\t\t<\/span>\n\t\t\t\t\t<\/a>\n\t\t\t\t<\/div>\n\t\t\t\t\t\t\t\t<\/div>\n\t\t\t\t<\/div>\n\t\t\t\t\t<\/div>\n\t\t\t\t<\/div>\n\t\t\t\t<\/div>","protected":false},"excerpt":{"rendered":"<p>EQUIPOS DE ALQUILER HAMM 3411 Ubicaci\u00f3n: Costa Rica HAMM HD13 Ubicaci\u00f3n: Costa Rica HAMM HP 280 Ubicaci\u00f3n: Costa Rica HAMM D90 Ubicaci\u00f3n: Costa Rica BROCE BROOM RCT350 Ubicaci\u00f3n: Costa Rica Solicitar Cotizaci\u00f3n<\/p>","protected":false},"author":10,"featured_media":0,"parent":0,"menu_order":0,"comment_status":"closed","ping_status":"closed","template":"","meta":{"_eb_attr":"","footnotes":""},"class_list":["post-5697","page","type-page","status-publish","hentry"],"yoast_head":"<!-- This site is optimized with the Yoast SEO plugin v27.4 - https:\/\/yoast.com\/product\/yoast-seo-wordpress\/ -->\n<title>Equipos de Alquiler - Resansil<\/title>\n<meta name=\"robots\" content=\"index, follow, max-snippet:-1, max-image-preview:large, max-video-preview:-1\" \/>\n<link rel=\"canonical\" href=\"https:\/\/www.resansil.com\/en\/equipos-de-alquiler\/\" \/>\n<meta property=\"og:locale\" content=\"en_US\" \/>\n<meta property=\"og:type\" content=\"article\" \/>\n<meta property=\"og:title\" content=\"Equipos de Alquiler - Resansil\" \/>\n<meta property=\"og:description\" content=\"EQUIPOS DE ALQUILER HAMM 3411 Ubicaci\u00f3n: Costa Rica HAMM HD13 Ubicaci\u00f3n: Costa Rica HAMM HP 280 Ubicaci\u00f3n: Costa Rica HAMM D90 Ubicaci\u00f3n: Costa Rica BROCE BROOM RCT350 Ubicaci\u00f3n: Costa Rica Solicitar Cotizaci\u00f3n\" \/>\n<meta property=\"og:url\" content=\"https:\/\/www.resansil.com\/en\/equipos-de-alquiler\/\" \/>\n<meta property=\"og:site_name\" content=\"Resansil\" \/>\n<meta property=\"article:publisher\" content=\"https:\/\/www.facebook.com\/search\/top?q=gruporesansil\" \/>\n<meta property=\"article:modified_time\" content=\"2024-01-22T21:22:13+00:00\" \/>\n<meta property=\"og:image\" content=\"https:\/\/www.resansil.com\/wp-content\/uploads\/3411-Alq-CR-1024x768.webp\" \/>\n<meta name=\"twitter:card\" content=\"summary_large_image\" \/>\n<meta name=\"twitter:site\" content=\"@gruporesansil\" \/>\n<meta name=\"twitter:label1\" content=\"Est. reading time\" \/>\n\t<meta name=\"twitter:data1\" content=\"2 minutes\" \/>\n<script type=\"application\/ld+json\" class=\"yoast-schema-graph\">{\"@context\":\"https:\\\/\\\/schema.org\",\"@graph\":[{\"@type\":\"WebPage\",\"@id\":\"https:\\\/\\\/www.resansil.com\\\/equipos-de-alquiler\\\/\",\"url\":\"https:\\\/\\\/www.resansil.com\\\/equipos-de-alquiler\\\/\",\"name\":\"Equipos de Alquiler - Resansil\",\"isPartOf\":{\"@id\":\"https:\\\/\\\/www.resansil.com\\\/#website\"},\"primaryImageOfPage\":{\"@id\":\"https:\\\/\\\/www.resansil.com\\\/equipos-de-alquiler\\\/#primaryimage\"},\"image\":{\"@id\":\"https:\\\/\\\/www.resansil.com\\\/equipos-de-alquiler\\\/#primaryimage\"},\"thumbnailUrl\":\"https:\\\/\\\/www.resansil.com\\\/wp-content\\\/uploads\\\/3411-Alq-CR-1024x768.webp\",\"datePublished\":\"2023-07-14T15:29:27+00:00\",\"dateModified\":\"2024-01-22T21:22:13+00:00\",\"breadcrumb\":{\"@id\":\"https:\\\/\\\/www.resansil.com\\\/equipos-de-alquiler\\\/#breadcrumb\"},\"inLanguage\":\"en-US\",\"potentialAction\":[{\"@type\":\"ReadAction\",\"target\":[\"https:\\\/\\\/www.resansil.com\\\/equipos-de-alquiler\\\/\"]}]},{\"@type\":\"ImageObject\",\"inLanguage\":\"en-US\",\"@id\":\"https:\\\/\\\/www.resansil.com\\\/equipos-de-alquiler\\\/#primaryimage\",\"url\":\"https:\\\/\\\/www.resansil.com\\\/wp-content\\\/uploads\\\/3411-Alq-CR-1024x768.webp\",\"contentUrl\":\"https:\\\/\\\/www.resansil.com\\\/wp-content\\\/uploads\\\/3411-Alq-CR-1024x768.webp\"},{\"@type\":\"BreadcrumbList\",\"@id\":\"https:\\\/\\\/www.resansil.com\\\/equipos-de-alquiler\\\/#breadcrumb\",\"itemListElement\":[{\"@type\":\"ListItem\",\"position\":1,\"name\":\"Home\",\"item\":\"https:\\\/\\\/www.resansil.com\\\/\"},{\"@type\":\"ListItem\",\"position\":2,\"name\":\"Equipos de Alquiler\"}]},{\"@type\":\"WebSite\",\"@id\":\"https:\\\/\\\/www.resansil.com\\\/#website\",\"url\":\"https:\\\/\\\/www.resansil.com\\\/\",\"name\":\"Resansil\",\"description\":\"Maquinaria e Ingener&iacute;a de Aplicaci&oacute;n\",\"publisher\":{\"@id\":\"https:\\\/\\\/www.resansil.com\\\/#organization\"},\"potentialAction\":[{\"@type\":\"SearchAction\",\"target\":{\"@type\":\"EntryPoint\",\"urlTemplate\":\"https:\\\/\\\/www.resansil.com\\\/?s={search_term_string}\"},\"query-input\":{\"@type\":\"PropertyValueSpecification\",\"valueRequired\":true,\"valueName\":\"search_term_string\"}}],\"inLanguage\":\"en-US\"},{\"@type\":\"Organization\",\"@id\":\"https:\\\/\\\/www.resansil.com\\\/#organization\",\"name\":\"Resansil\",\"url\":\"https:\\\/\\\/www.resansil.com\\\/\",\"logo\":{\"@type\":\"ImageObject\",\"inLanguage\":\"en-US\",\"@id\":\"https:\\\/\\\/www.resansil.com\\\/#\\\/schema\\\/logo\\\/image\\\/\",\"url\":\"https:\\\/\\\/www.resansil.com\\\/wp-content\\\/uploads\\\/RESANSIL-LOGO-2025_web.png\",\"contentUrl\":\"https:\\\/\\\/www.resansil.com\\\/wp-content\\\/uploads\\\/RESANSIL-LOGO-2025_web.png\",\"width\":285,\"height\":174,\"caption\":\"Resansil\"},\"image\":{\"@id\":\"https:\\\/\\\/www.resansil.com\\\/#\\\/schema\\\/logo\\\/image\\\/\"},\"sameAs\":[\"https:\\\/\\\/www.facebook.com\\\/search\\\/top?q=gruporesansil\",\"https:\\\/\\\/x.com\\\/gruporesansil\",\"https:\\\/\\\/www.instagram.com\\\/gruporesansil\\\/\",\"https:\\\/\\\/www.linkedin.com\\\/company\\\/resansil-inc.\\\/\"]}]}<\/script>\n<!-- \/ Yoast SEO plugin. -->","yoast_head_json":{"title":"Equipos de Alquiler - Resansil","robots":{"index":"index","follow":"follow","max-snippet":"max-snippet:-1","max-image-preview":"max-image-preview:large","max-video-preview":"max-video-preview:-1"},"canonical":"https:\/\/www.resansil.com\/en\/equipos-de-alquiler\/","og_locale":"en_US","og_type":"article","og_title":"Equipos de Alquiler - Resansil","og_description":"EQUIPOS DE ALQUILER HAMM 3411 Ubicaci\u00f3n: Costa Rica HAMM HD13 Ubicaci\u00f3n: Costa Rica HAMM HP 280 Ubicaci\u00f3n: Costa Rica HAMM D90 Ubicaci\u00f3n: Costa Rica BROCE BROOM RCT350 Ubicaci\u00f3n: Costa Rica Solicitar Cotizaci\u00f3n","og_url":"https:\/\/www.resansil.com\/en\/equipos-de-alquiler\/","og_site_name":"Resansil","article_publisher":"https:\/\/www.facebook.com\/search\/top?q=gruporesansil","article_modified_time":"2024-01-22T21:22:13+00:00","og_image":[{"url":"https:\/\/www.resansil.com\/wp-content\/uploads\/3411-Alq-CR-1024x768.webp","type":"","width":"","height":""}],"twitter_card":"summary_large_image","twitter_site":"@gruporesansil","twitter_misc":{"Est. reading time":"2 minutes"},"schema":{"@context":"https:\/\/schema.org","@graph":[{"@type":"WebPage","@id":"https:\/\/www.resansil.com\/equipos-de-alquiler\/","url":"https:\/\/www.resansil.com\/equipos-de-alquiler\/","name":"Equipos de Alquiler - Resansil","isPartOf":{"@id":"https:\/\/www.resansil.com\/#website"},"primaryImageOfPage":{"@id":"https:\/\/www.resansil.com\/equipos-de-alquiler\/#primaryimage"},"image":{"@id":"https:\/\/www.resansil.com\/equipos-de-alquiler\/#primaryimage"},"thumbnailUrl":"https:\/\/www.resansil.com\/wp-content\/uploads\/3411-Alq-CR-1024x768.webp","datePublished":"2023-07-14T15:29:27+00:00","dateModified":"2024-01-22T21:22:13+00:00","breadcrumb":{"@id":"https:\/\/www.resansil.com\/equipos-de-alquiler\/#breadcrumb"},"inLanguage":"en-US","potentialAction":[{"@type":"ReadAction","target":["https:\/\/www.resansil.com\/equipos-de-alquiler\/"]}]},{"@type":"ImageObject","inLanguage":"en-US","@id":"https:\/\/www.resansil.com\/equipos-de-alquiler\/#primaryimage","url":"https:\/\/www.resansil.com\/wp-content\/uploads\/3411-Alq-CR-1024x768.webp","contentUrl":"https:\/\/www.resansil.com\/wp-content\/uploads\/3411-Alq-CR-1024x768.webp"},{"@type":"BreadcrumbList","@id":"https:\/\/www.resansil.com\/equipos-de-alquiler\/#breadcrumb","itemListElement":[{"@type":"ListItem","position":1,"name":"Home","item":"https:\/\/www.resansil.com\/"},{"@type":"ListItem","position":2,"name":"Equipos de Alquiler"}]},{"@type":"WebSite","@id":"https:\/\/www.resansil.com\/#website","url":"https:\/\/www.resansil.com\/","name":"Resansil","description":"Machinery and Application Engineering","publisher":{"@id":"https:\/\/www.resansil.com\/#organization"},"potentialAction":[{"@type":"SearchAction","target":{"@type":"EntryPoint","urlTemplate":"https:\/\/www.resansil.com\/?s={search_term_string}"},"query-input":{"@type":"PropertyValueSpecification","valueRequired":true,"valueName":"search_term_string"}}],"inLanguage":"en-US"},{"@type":"Organization","@id":"https:\/\/www.resansil.com\/#organization","name":"Resansil","url":"https:\/\/www.resansil.com\/","logo":{"@type":"ImageObject","inLanguage":"en-US","@id":"https:\/\/www.resansil.com\/#\/schema\/logo\/image\/","url":"https:\/\/www.resansil.com\/wp-content\/uploads\/RESANSIL-LOGO-2025_web.png","contentUrl":"https:\/\/www.resansil.com\/wp-content\/uploads\/RESANSIL-LOGO-2025_web.png","width":285,"height":174,"caption":"Resansil"},"image":{"@id":"https:\/\/www.resansil.com\/#\/schema\/logo\/image\/"},"sameAs":["https:\/\/www.facebook.com\/search\/top?q=gruporesansil","https:\/\/x.com\/gruporesansil","https:\/\/www.instagram.com\/gruporesansil\/","https:\/\/www.linkedin.com\/company\/resansil-inc.\/"]}]}},"_links":{"self":[{"href":"https:\/\/www.resansil.com\/en\/wp-json\/wp\/v2\/pages\/5697","targetHints":{"allow":["GET"]}}],"collection":[{"href":"https:\/\/www.resansil.com\/en\/wp-json\/wp\/v2\/pages"}],"about":[{"href":"https:\/\/www.resansil.com\/en\/wp-json\/wp\/v2\/types\/page"}],"author":[{"embeddable":true,"href":"https:\/\/www.resansil.com\/en\/wp-json\/wp\/v2\/users\/10"}],"replies":[{"embeddable":true,"href":"https:\/\/www.resansil.com\/en\/wp-json\/wp\/v2\/comments?post=5697"}],"version-history":[{"count":16,"href":"https:\/\/www.resansil.com\/en\/wp-json\/wp\/v2\/pages\/5697\/revisions"}],"predecessor-version":[{"id":8467,"href":"https:\/\/www.resansil.com\/en\/wp-json\/wp\/v2\/pages\/5697\/revisions\/8467"}],"wp:attachment":[{"href":"https:\/\/www.resansil.com\/en\/wp-json\/wp\/v2\/media?parent=5697"}],"curies":[{"name":"wp","href":"https:\/\/api.w.org\/{rel}","templated":true}]}}