{"id":6250,"date":"2023-07-24T19:03:57","date_gmt":"2023-07-24T23:03:57","guid":{"rendered":"https:\/\/www.resansil.com\/?page_id=6250"},"modified":"2023-07-24T19:03:57","modified_gmt":"2023-07-24T23:03:57","slug":"bombas-de-concreto-turbosol-conociendolas-mas","status":"publish","type":"page","link":"https:\/\/www.resansil.com\/en\/bombas-de-concreto-turbosol-conociendolas-mas\/","title":{"rendered":"Bombas de Concreto Turbosol &#8211; Con\u00f3ci\u00e9ndolas m\u00e1s"},"content":{"rendered":"<p><\/p>\n\n\n\n<div class=\"wp-block-essential-blocks-row alignfull\"><div class=\"eb-parent-wrapper eb-parent-eb-row-3b8vuh4\"><div class=\"eb-row-root-container eb-row-3b8vuh4\" data-id=\"eb-row-3b8vuh4\"><div class=\"eb-row-wrapper\"><div class=\"eb-row-inner\">\n<div class=\"eb-parent-wrapper eb-parent-eb-column-kgzqh0d  wp-block-essential-blocks-column\"><div class=\"eb-column-wrapper eb-column-kgzqh0d\"><div class=\"eb-column-inner\"><\/div><\/div><\/div>\n\n\n\n<div class=\"eb-parent-wrapper eb-parent-eb-column-s3iarz7  wp-block-essential-blocks-column\"><div class=\"eb-column-wrapper eb-column-s3iarz7\"><div class=\"eb-column-inner\">\n<div class=\"wp-block-essential-blocks-advanced-video\"><div class=\"eb-parent-wrapper eb-parent-eb-advanced-video-m9vw0ch\"><div class=\"eb-advanced-video-wrapper eb-advanced-video-m9vw0ch none\" data-id=\"eb-advanced-video-m9vw0ch\"><div class=\"eb-player-wrapper eb-advanced-video-m9vw0ch\"><div class=\"eb-player-option none right\" data-id=\"eb-advanced-video-m9vw0ch\" data-url=\"https:\/\/youtu.be\/n5gUERgRPsM\" data-option=\"none\" data-controls=\"true\" data-loop=\"false\" data-muted=\"false\" data-playing=\"false\" data-overlay=\"false\" data-light=\"https:\/\/www.resansil.com\/wp-content\/plugins\/essential-blocks\/assets\/images\/adv-video-placeholder.png\" data-customplayicontype=\"image\" data-customplayiconlib=\"fas fa-play-circle\" data-customplayicon=\"true\" data-playicon=\"https:\/\/www.resansil.com\/wp-content\/plugins\/essential-blocks\/assets\/images\/adv-video-playicon.svg\"><\/div><\/div><\/div><\/div><\/div>\n<\/div><\/div><\/div>\n\n\n\n<div class=\"eb-parent-wrapper eb-parent-eb-column-2wutbmw  wp-block-essential-blocks-column\"><div class=\"eb-column-wrapper eb-column-2wutbmw\"><div class=\"eb-column-inner\"><\/div><\/div><\/div>\n<\/div><\/div><\/div><\/div><\/div>","protected":false},"excerpt":{"rendered":"","protected":false},"author":10,"featured_media":0,"parent":0,"menu_order":0,"comment_status":"closed","ping_status":"closed","template":"","meta":{"_eb_attr":"","footnotes":""},"class_list":["post-6250","page","type-page","status-publish","hentry"],"yoast_head":"<!-- This site is optimized with the Yoast SEO plugin v27.5 - https:\/\/yoast.com\/product\/yoast-seo-wordpress\/ -->\n<title>Bombas de Concreto Turbosol - Con\u00f3ci\u00e9ndolas m\u00e1s - Resansil<\/title>\n<meta name=\"robots\" content=\"index, follow, max-snippet:-1, max-image-preview:large, max-video-preview:-1\" \/>\n<link rel=\"canonical\" href=\"https:\/\/www.resansil.com\/en\/bombas-de-concreto-turbosol-conociendolas-mas\/\" \/>\n<meta property=\"og:locale\" content=\"en_US\" \/>\n<meta property=\"og:type\" content=\"article\" \/>\n<meta property=\"og:title\" content=\"Bombas de Concreto Turbosol - Con\u00f3ci\u00e9ndolas m\u00e1s - Resansil\" \/>\n<meta property=\"og:url\" content=\"https:\/\/www.resansil.com\/en\/bombas-de-concreto-turbosol-conociendolas-mas\/\" \/>\n<meta property=\"og:site_name\" content=\"Resansil\" \/>\n<meta property=\"article:publisher\" content=\"https:\/\/www.facebook.com\/search\/top?q=gruporesansil\" \/>\n<meta name=\"twitter:card\" content=\"summary_large_image\" \/>\n<meta name=\"twitter:site\" content=\"@gruporesansil\" \/>\n<script type=\"application\/ld+json\" class=\"yoast-schema-graph\">{\"@context\":\"https:\\\/\\\/schema.org\",\"@graph\":[{\"@type\":\"WebPage\",\"@id\":\"https:\\\/\\\/www.resansil.com\\\/bombas-de-concreto-turbosol-conociendolas-mas\\\/\",\"url\":\"https:\\\/\\\/www.resansil.com\\\/bombas-de-concreto-turbosol-conociendolas-mas\\\/\",\"name\":\"Bombas de Concreto Turbosol - Con\u00f3ci\u00e9ndolas m\u00e1s - Resansil\",\"isPartOf\":{\"@id\":\"https:\\\/\\\/www.resansil.com\\\/#website\"},\"datePublished\":\"2023-07-24T23:03:57+00:00\",\"breadcrumb\":{\"@id\":\"https:\\\/\\\/www.resansil.com\\\/bombas-de-concreto-turbosol-conociendolas-mas\\\/#breadcrumb\"},\"inLanguage\":\"en-US\",\"potentialAction\":[{\"@type\":\"ReadAction\",\"target\":[\"https:\\\/\\\/www.resansil.com\\\/bombas-de-concreto-turbosol-conociendolas-mas\\\/\"]}]},{\"@type\":\"BreadcrumbList\",\"@id\":\"https:\\\/\\\/www.resansil.com\\\/bombas-de-concreto-turbosol-conociendolas-mas\\\/#breadcrumb\",\"itemListElement\":[{\"@type\":\"ListItem\",\"position\":1,\"name\":\"Home\",\"item\":\"https:\\\/\\\/www.resansil.com\\\/\"},{\"@type\":\"ListItem\",\"position\":2,\"name\":\"Bombas de Concreto Turbosol &#8211; Con\u00f3ci\u00e9ndolas m\u00e1s\"}]},{\"@type\":\"WebSite\",\"@id\":\"https:\\\/\\\/www.resansil.com\\\/#website\",\"url\":\"https:\\\/\\\/www.resansil.com\\\/\",\"name\":\"Resansil\",\"description\":\"Maquinaria e Ingener&iacute;a de Aplicaci&oacute;n\",\"publisher\":{\"@id\":\"https:\\\/\\\/www.resansil.com\\\/#organization\"},\"potentialAction\":[{\"@type\":\"SearchAction\",\"target\":{\"@type\":\"EntryPoint\",\"urlTemplate\":\"https:\\\/\\\/www.resansil.com\\\/?s={search_term_string}\"},\"query-input\":{\"@type\":\"PropertyValueSpecification\",\"valueRequired\":true,\"valueName\":\"search_term_string\"}}],\"inLanguage\":\"en-US\"},{\"@type\":\"Organization\",\"@id\":\"https:\\\/\\\/www.resansil.com\\\/#organization\",\"name\":\"Resansil\",\"url\":\"https:\\\/\\\/www.resansil.com\\\/\",\"logo\":{\"@type\":\"ImageObject\",\"inLanguage\":\"en-US\",\"@id\":\"https:\\\/\\\/www.resansil.com\\\/#\\\/schema\\\/logo\\\/image\\\/\",\"url\":\"https:\\\/\\\/www.resansil.com\\\/wp-content\\\/uploads\\\/RESANSIL-LOGO-2025_web.png\",\"contentUrl\":\"https:\\\/\\\/www.resansil.com\\\/wp-content\\\/uploads\\\/RESANSIL-LOGO-2025_web.png\",\"width\":285,\"height\":174,\"caption\":\"Resansil\"},\"image\":{\"@id\":\"https:\\\/\\\/www.resansil.com\\\/#\\\/schema\\\/logo\\\/image\\\/\"},\"sameAs\":[\"https:\\\/\\\/www.facebook.com\\\/search\\\/top?q=gruporesansil\",\"https:\\\/\\\/x.com\\\/gruporesansil\",\"https:\\\/\\\/www.instagram.com\\\/gruporesansil\\\/\",\"https:\\\/\\\/www.linkedin.com\\\/company\\\/resansil-inc.\\\/\"]}]}<\/script>\n<!-- \/ Yoast SEO plugin. -->","yoast_head_json":{"title":"Bombas de Concreto Turbosol - Con\u00f3ci\u00e9ndolas m\u00e1s - Resansil","robots":{"index":"index","follow":"follow","max-snippet":"max-snippet:-1","max-image-preview":"max-image-preview:large","max-video-preview":"max-video-preview:-1"},"canonical":"https:\/\/www.resansil.com\/en\/bombas-de-concreto-turbosol-conociendolas-mas\/","og_locale":"en_US","og_type":"article","og_title":"Bombas de Concreto Turbosol - Con\u00f3ci\u00e9ndolas m\u00e1s - Resansil","og_url":"https:\/\/www.resansil.com\/en\/bombas-de-concreto-turbosol-conociendolas-mas\/","og_site_name":"Resansil","article_publisher":"https:\/\/www.facebook.com\/search\/top?q=gruporesansil","twitter_card":"summary_large_image","twitter_site":"@gruporesansil","schema":{"@context":"https:\/\/schema.org","@graph":[{"@type":"WebPage","@id":"https:\/\/www.resansil.com\/bombas-de-concreto-turbosol-conociendolas-mas\/","url":"https:\/\/www.resansil.com\/bombas-de-concreto-turbosol-conociendolas-mas\/","name":"Bombas de Concreto Turbosol - Con\u00f3ci\u00e9ndolas m\u00e1s - Resansil","isPartOf":{"@id":"https:\/\/www.resansil.com\/#website"},"datePublished":"2023-07-24T23:03:57+00:00","breadcrumb":{"@id":"https:\/\/www.resansil.com\/bombas-de-concreto-turbosol-conociendolas-mas\/#breadcrumb"},"inLanguage":"en-US","potentialAction":[{"@type":"ReadAction","target":["https:\/\/www.resansil.com\/bombas-de-concreto-turbosol-conociendolas-mas\/"]}]},{"@type":"BreadcrumbList","@id":"https:\/\/www.resansil.com\/bombas-de-concreto-turbosol-conociendolas-mas\/#breadcrumb","itemListElement":[{"@type":"ListItem","position":1,"name":"Home","item":"https:\/\/www.resansil.com\/"},{"@type":"ListItem","position":2,"name":"Bombas de Concreto Turbosol &#8211; Con\u00f3ci\u00e9ndolas m\u00e1s"}]},{"@type":"WebSite","@id":"https:\/\/www.resansil.com\/#website","url":"https:\/\/www.resansil.com\/","name":"Resansil","description":"Machinery and Application Engineering","publisher":{"@id":"https:\/\/www.resansil.com\/#organization"},"potentialAction":[{"@type":"SearchAction","target":{"@type":"EntryPoint","urlTemplate":"https:\/\/www.resansil.com\/?s={search_term_string}"},"query-input":{"@type":"PropertyValueSpecification","valueRequired":true,"valueName":"search_term_string"}}],"inLanguage":"en-US"},{"@type":"Organization","@id":"https:\/\/www.resansil.com\/#organization","name":"Resansil","url":"https:\/\/www.resansil.com\/","logo":{"@type":"ImageObject","inLanguage":"en-US","@id":"https:\/\/www.resansil.com\/#\/schema\/logo\/image\/","url":"https:\/\/www.resansil.com\/wp-content\/uploads\/RESANSIL-LOGO-2025_web.png","contentUrl":"https:\/\/www.resansil.com\/wp-content\/uploads\/RESANSIL-LOGO-2025_web.png","width":285,"height":174,"caption":"Resansil"},"image":{"@id":"https:\/\/www.resansil.com\/#\/schema\/logo\/image\/"},"sameAs":["https:\/\/www.facebook.com\/search\/top?q=gruporesansil","https:\/\/x.com\/gruporesansil","https:\/\/www.instagram.com\/gruporesansil\/","https:\/\/www.linkedin.com\/company\/resansil-inc.\/"]}]}},"_links":{"self":[{"href":"https:\/\/www.resansil.com\/en\/wp-json\/wp\/v2\/pages\/6250","targetHints":{"allow":["GET"]}}],"collection":[{"href":"https:\/\/www.resansil.com\/en\/wp-json\/wp\/v2\/pages"}],"about":[{"href":"https:\/\/www.resansil.com\/en\/wp-json\/wp\/v2\/types\/page"}],"author":[{"embeddable":true,"href":"https:\/\/www.resansil.com\/en\/wp-json\/wp\/v2\/users\/10"}],"replies":[{"embeddable":true,"href":"https:\/\/www.resansil.com\/en\/wp-json\/wp\/v2\/comments?post=6250"}],"version-history":[{"count":1,"href":"https:\/\/www.resansil.com\/en\/wp-json\/wp\/v2\/pages\/6250\/revisions"}],"predecessor-version":[{"id":6252,"href":"https:\/\/www.resansil.com\/en\/wp-json\/wp\/v2\/pages\/6250\/revisions\/6252"}],"wp:attachment":[{"href":"https:\/\/www.resansil.com\/en\/wp-json\/wp\/v2\/media?parent=6250"}],"curies":[{"name":"wp","href":"https:\/\/api.w.org\/{rel}","templated":true}]}}